{"id":8960,"date":"2022-04-14T14:00:39","date_gmt":"2022-04-14T18:00:39","guid":{"rendered":"https:\/\/go.trader.ca\/?page_id=8960"},"modified":"2022-07-26T15:47:48","modified_gmt":"2022-07-26T19:47:48","slug":"volksklick","status":"publish","type":"page","link":"https:\/\/go.trader.ca\/fr\/volksklick\/","title":{"rendered":"Offre argent comptant"},"content":{"rendered":"<div class=\"wpb-content-wrapper\"><p>[vc_row full_width=\u00a0\u00bbstretch_row\u00a0\u00bb content_placement=\u00a0\u00bbmiddle\u00a0\u00bb css=\u00a0\u00bb.vc_custom_1658863605842{padding-top: 50px !important;padding-bottom: 50px !important;background-color: #f2f2f2 !important;}\u00a0\u00bb el_id=\u00a0\u00bbvideo\u00a0\u00bb][vc_column width=\u00a0\u00bb1\/2&Prime;][vc_column_text]<\/p>\n<h2 style=\"margin-bottom: 10px;\">Dites bonjour \u00e0 l\u2019Offre argent comptant (OAC)<\/h2>\n<h4 style=\"color: #333333;\">Un nouveau concept qui profite \u00e0 la fois aux consommateurs et aux divers d\u00e9partements d\u2019un commer\u00e7ant automobile<\/h4>\n<p>[\/vc_column_text][vc_empty_space height=\u00a0\u00bb20px\u00a0\u00bb][vc_column_text]Le Centre d\u2019\u00e9changes Offre argent comptant (OAC) est une toute nouvelle ressource qui permet d\u2019attirer des acheteurs bien qualifi\u00e9s, mais aussi des v\u00e9hicules d\u2019\u00e9change de grande qualit\u00e9! Gr\u00e2ce \u00e0 l\u2019outil d\u2019estimation int\u00e9gr\u00e9 au service Offre argent comptant, vos acheteurs potentiels seront incit\u00e9s plus que jamais \u00e0 vous vendre leur v\u00e9hicule pour r\u00e9duire leur prix d\u2019achat.[\/vc_column_text][\/vc_column][vc_column width=\u00a0\u00bb1\/2&Prime;][vc_single_image image=\u00a0\u00bb8970&Prime; img_size=\u00a0\u00bbfull\u00a0\u00bb alignment=\u00a0\u00bbcenter\u00a0\u00bb onclick=\u00a0\u00bbcustom_link\u00a0\u00bb link=\u00a0\u00bb#promo\u00a0\u00bb][\/vc_column][\/vc_row][vc_row css=\u00a0\u00bb.vc_custom_1623163333552{padding-top: 50px !important;padding-bottom: 50px !important;}\u00a0\u00bb][vc_column][vc_row_inner equal_height=\u00a0\u00bbyes\u00a0\u00bb content_placement=\u00a0\u00bbtop\u00a0\u00bb gap=\u00a0\u00bb35&Prime;][vc_column_inner width=\u00a0\u00bb1\/2&Prime;][vc_single_image image=\u00a0\u00bb8964&Prime; img_size=\u00a0\u00bbfull\u00a0\u00bb][vc_empty_space height=\u00a0\u00bb30px\u00a0\u00bb][vc_column_text]<\/p>\n<h3 style=\"color: #27bacf; text-align: left; margin-bottom: 0px;\">CENTRE D\u2019ACHAT DIRECT<\/h3>\n<p style=\"text-align: left;\"><strong>Une nouvelle source de v\u00e9hicules d\u2019occasion et d\u2019acheteurs tr\u00e8s motiv\u00e9s<\/strong><\/p>\n<p>[\/vc_column_text][vc_empty_space height=\u00a0\u00bb10px\u00a0\u00bb][vc_column_text]L\u2019outil Offre argent comptant peut \u00eatre int\u00e9gr\u00e9 \u00e0 la page des d\u00e9tails des annonces sur AutoHebdo.net ou directement sur votre propre site web. Sa principale fonction consiste \u00e0 fournir \u00e0 vos acheteurs potentiels une estimation de la valeur de leur v\u00e9hicule d\u2019\u00e9change, ce qui constitue un argument de plus pour les convaincre d\u2019acheter une auto neuve ou d\u2019occasion chez vous! Les clients doivent d\u00e9crire le v\u00e9hicule qu\u2019ils souhaitent vous vendre et obtiennent une estimation instantan\u00e9e, ce qui constitue une grande am\u00e9lioration par rapport au long et fastidieux processus d\u2019estimation classique.[\/vc_column_text][\/vc_column_inner][vc_column_inner width=\u00a0\u00bb1\/2&Prime;][vc_single_image image=\u00a0\u00bb8962&Prime; img_size=\u00a0\u00bbfull\u00a0\u00bb][vc_empty_space height=\u00a0\u00bb30px\u00a0\u00bb][vc_column_text]<\/p>\n<h3 style=\"color: #27bacf; text-align: left; margin-bottom: 0px;\">WIDGET DE SITE WEB<\/h3>\n<p style=\"text-align: left;\"><strong>Persuadez les acheteurs qui ont un v\u00e9hicule d\u2019\u00e9change, sur votre site web<\/strong><\/p>\n<p>[\/vc_column_text][vc_empty_space height=\u00a0\u00bb10px\u00a0\u00bb][vc_column_text]Saviez-vous que vous pouvez ais\u00e9ment proposer \u00e0 vos futurs clients un moyen simple et rapide de vous vendre leur v\u00e9hicule, sur votre site web, gr\u00e2ce \u00e0 Offre argent comptant? Ce widget web, que nous pouvons ais\u00e9ment int\u00e9grer \u00e0 votre site, permet \u00e0 l\u2019utilisateur de syst\u00e9matiquement vous d\u00e9crire l\u2019\u00e9tat de son v\u00e9hicule (comme ils peuvent d\u00e9j\u00e0 le faire sur la place d\u2019affaires AutoHebdo.net). Con\u00e7u pour \u00eatre convivial et logique \u00e0 utiliser, cet outil se veut surtout une source de prospects tr\u00e8s motiv\u00e9s.[\/vc_column_text][\/vc_column_inner][\/vc_row_inner][\/vc_column][\/vc_row][vc_row full_width=\u00a0\u00bbstretch_row\u00a0\u00bb css=\u00a0\u00bb.vc_custom_1650399972240{padding-top: 50px !important;padding-bottom: 50px !important;background-image: url(https:\/\/go.trader.ca\/wp-content\/uploads\/2022\/02\/uvl-hero-background.jpg?id=8673) !important;background-position: center !important;background-repeat: no-repeat !important;background-size: cover !important;}\u00a0\u00bb el_id=\u00a0\u00bbpromo\u00a0\u00bb][vc_column][vc_row_inner equal_height=\u00a0\u00bbyes\u00a0\u00bb content_placement=\u00a0\u00bbmiddle\u00a0\u00bb gap=\u00a0\u00bb35&Prime;][vc_column_inner width=\u00a0\u00bb2\/3&Prime;][vc_column_text]<\/p>\n<h4 style=\"color: #ffffff;\">OFFRE EXCLUSIVE POUR LES<\/h4>\n<h2 style=\"color: #ffffff;\">Concessionnaires du programme VolksKlick<\/h2>\n<p>[\/vc_column_text][vc_empty_space height=\u00a0\u00bb20px\u00a0\u00bb][vc_column_text]<\/p>\n<p style=\"text-align: left; color: #ffffff;\">Les concessionnaires VolksKlick abonn\u00e9s \u00e0 OAC et au widget de site Web sont \u00e9ligibles pour l\u2019int\u00e9gration OAC \u00e0 l\u2019exp\u00e9rience VolksKlick sans frais suppl\u00e9mentaires. En souscrivant \u00e0 ces deux produits, les membres du programme VolksKlick b\u00e9n\u00e9ficieront de 10% de r\u00e9duction sur OAC!<\/p>\n<p>[\/vc_column_text][vc_empty_space height=\u00a0\u00bb20px\u00a0\u00bb][vc_btn title=\u00a0\u00bbINSCRIPTION ICI!\u00a0\u00bb style=\u00a0\u00bbcustom\u00a0\u00bb custom_background=\u00a0\u00bb\u00a0\u00bb custom_text=\u00a0\u00bb#ffffff\u00a0\u00bb link=\u00a0\u00bburl:%23request|\u00a0\u00bb el_class=\u00a0\u00bbbutton-red\u00a0\u00bb][\/vc_column_inner][vc_column_inner width=\u00a0\u00bb1\/3&Prime;][vc_single_image image=\u00a0\u00bb8976&Prime; img_size=\u00a0\u00bbfull\u00a0\u00bb alignment=\u00a0\u00bbcenter\u00a0\u00bb][\/vc_column_inner][\/vc_row_inner][\/vc_column][\/vc_row][vc_row full_width=\u00a0\u00bbstretch_row\u00a0\u00bb parallax=\u00a0\u00bbcontent-moving\u00a0\u00bb css=\u00a0\u00bb.vc_custom_1623163681361{padding-top: 50px !important;padding-bottom: 50px !important;background-color: #f5f6f7 !important;background-position: center;background-repeat: no-repeat !important;background-size: cover !important;}\u00a0\u00bb][vc_column][vc_row_inner equal_height=\u00a0\u00bbyes\u00a0\u00bb content_placement=\u00a0\u00bbmiddle\u00a0\u00bb gap=\u00a0\u00bb20&Prime;][vc_column_inner width=\u00a0\u00bb1\/2&Prime;][vc_single_image image=\u00a0\u00bb8966&Prime; img_size=\u00a0\u00bbfull\u00a0\u00bb alignment=\u00a0\u00bbcenter\u00a0\u00bb][\/vc_column_inner][vc_column_inner width=\u00a0\u00bb1\/2&Prime;][vc_column_text css=\u00a0\u00bb.vc_custom_1658864208846{margin-bottom: 15px !important;}\u00a0\u00bb]<\/p>\n<h2>Pourquoi devriez-vous participer?<\/h2>\n<p>[\/vc_column_text][vc_column_text]<\/p>\n<div class=\"wpb_text_column wpb_content_element \">\n<div class=\"wpb_wrapper\">\n<ul>\n<li>Plus d\u2019opportunit\u00e9s de grande qualit\u00e9 avec ce point d\u2019entr\u00e9e suppl\u00e9mentaire vers votre site Web<\/li>\n<li>Valeur d\u2019\u00e9change instantan\u00e9e et automatis\u00e9e valid\u00e9e par Accu-Trade: une autre occasion de vente \u00e0 distance<\/li>\n<li>Simple pour le client et le commer\u00e7ant: le processus d\u2019estimation de l\u2019\u00e9change est int\u00e9gr\u00e9 au parcours d\u2019achat de vos visiteurs<\/li>\n<\/ul>\n<\/div>\n<\/div>\n<p>[\/vc_column_text][\/vc_column_inner][\/vc_row_inner][\/vc_column][\/vc_row][vc_row full_width=\u00a0\u00bbstretch_row\u00a0\u00bb css=\u00a0\u00bb.vc_custom_1547579556584{padding-top: 50px !important;padding-bottom: 50px !important;}\u00a0\u00bb el_id=\u00a0\u00bbconsumers\u00a0\u00bb][vc_column][vc_row_inner equal_height=\u00a0\u00bbyes\u00a0\u00bb content_placement=\u00a0\u00bbmiddle\u00a0\u00bb gap=\u00a0\u00bb20&Prime;][vc_column_inner][vc_column_text css=\u00a0\u00bb.vc_custom_1658864244445{margin-bottom: 15px !important;}\u00a0\u00bb]<\/p>\n<h3 style=\"color: #333333; text-align: center;\">COMMENT \u00c7A MARCHE?<\/h3>\n<p>[\/vc_column_text][vc_empty_space height=\u00a0\u00bb30px\u00a0\u00bb][vc_single_image image=\u00a0\u00bb8217&Prime; img_size=\u00a0\u00bbfull\u00a0\u00bb alignment=\u00a0\u00bbcenter\u00a0\u00bb][\/vc_column_inner][\/vc_row_inner][\/vc_column][\/vc_row][vc_row full_width=\u00a0\u00bbstretch_row\u00a0\u00bb css=\u00a0\u00bb.vc_custom_1649795167117{padding-top: 50px !important;padding-bottom: 50px !important;background-color: #27bacf !important;}\u00a0\u00bb][vc_column][vc_column_text]<\/p>\n<h3 style=\"color: #ffffff; text-align: center;\">INDICATEURS CL\u00c9S POUR LES CENTRES D\u2019\u00c9CHANGE<\/h3>\n<p>[\/vc_column_text][vc_empty_space height=\u00a0\u00bb30px\u00a0\u00bb][vc_row_inner equal_height=\u00a0\u00bbyes\u00a0\u00bb content_placement=\u00a0\u00bbtop\u00a0\u00bb gap=\u00a0\u00bb35&Prime;][vc_column_inner width=\u00a0\u00bb1\/4&Prime;][vc_column_text css=\u00a0\u00bb.vc_custom_1658864419966{margin-bottom: 15px !important;}\u00a0\u00bb]<\/p>\n<h1 style=\"color: #ffffff; margin-bottom: 0px; text-align: left;\">44%<\/h1>\n<p style=\"color: #ffffff; text-align: left;\">des v\u00e9hicules ont entre 0 et 5 ans<\/p>\n<p>[\/vc_column_text][\/vc_column_inner][vc_column_inner width=\u00a0\u00bb1\/4&Prime;][vc_column_text css=\u00a0\u00bb.vc_custom_1658864440826{margin-bottom: 15px !important;}\u00a0\u00bb]<\/p>\n<h1 style=\"color: #ffffff; margin-bottom: 0px; text-align: left;\">36%<\/h1>\n<p style=\"color: #ffffff; text-align: left;\">des v\u00e9hicules ont entre 6 et 10 ans<\/p>\n<p>[\/vc_column_text][\/vc_column_inner][vc_column_inner width=\u00a0\u00bb1\/4&Prime;][vc_column_text css=\u00a0\u00bb.vc_custom_1658864465617{margin-bottom: 15px !important;}\u00a0\u00bb]<\/p>\n<h1 style=\"color: #ffffff; margin-bottom: 0px; text-align: left;\">25%<\/h1>\n<p style=\"color: #ffffff; text-align: left;\">des v\u00e9hicules ont entre 0-50 000 km<\/p>\n<p>[\/vc_column_text][\/vc_column_inner][vc_column_inner width=\u00a0\u00bb1\/4&Prime;][vc_column_text css=\u00a0\u00bb.vc_custom_1658864489825{margin-bottom: 15px !important;}\u00a0\u00bb]<\/p>\n<h1 style=\"color: #ffffff; margin-bottom: 0px; text-align: left;\">28%<\/h1>\n<p style=\"color: #ffffff; text-align: left;\">des v\u00e9hicules ont entre 50-100 000 km<\/p>\n<p>[\/vc_column_text][\/vc_column_inner][\/vc_row_inner][vc_empty_space height=\u00a0\u00bb10px\u00a0\u00bb][vc_column_text]<span style=\"text-align: center; font-size: 10px; color: #ffffff;\">Source: Donn\u00e9es internes TRADER, mars 2022.<\/span>[\/vc_column_text][\/vc_column][\/vc_row][vc_row full_width=\u00a0\u00bbstretch_row\u00a0\u00bb parallax=\u00a0\u00bbcontent-moving\u00a0\u00bb css=\u00a0\u00bb.vc_custom_1649797380768{padding-top: 50px !important;padding-bottom: 50px !important;background-position: center;background-repeat: no-repeat !important;background-size: cover !important;}\u00a0\u00bb][vc_column][vc_row_inner equal_height=\u00a0\u00bbyes\u00a0\u00bb content_placement=\u00a0\u00bbmiddle\u00a0\u00bb gap=\u00a0\u00bb20&Prime;][vc_column_inner width=\u00a0\u00bb1\/2&Prime;][vc_single_image image=\u00a0\u00bb6056&Prime; img_size=\u00a0\u00bbfull\u00a0\u00bb alignment=\u00a0\u00bbcenter\u00a0\u00bb][\/vc_column_inner][vc_column_inner width=\u00a0\u00bb1\/2&Prime;][vc_column_text css=\u00a0\u00bb.vc_custom_1658864521807{margin-bottom: 15px !important;}\u00a0\u00bb]<\/p>\n<h2 style=\"margin-bottom: 10px;\">Nous sommes l\u00e0 pour vous soutenir<\/h2>\n<h4 style=\"color: #333333;\">Nous fournissons les outils et ressources qui assureront votre succ\u00e8s<\/h4>\n<p>[\/vc_column_text][vc_empty_space height=\u00a0\u00bb20px\u00a0\u00bb][vc_column_text]<\/p>\n<div class=\"wpb_text_column wpb_content_element \">\n<div class=\"wpb_wrapper\">\n<ul>\n<li>Guide du commer\u00e7ant d\u00e9taill\u00e9 qui inclut un guide de communication avec le consommateur, y compris des mod\u00e8les de courriels et des suggestions pour orienter la discussion.<\/li>\n<li>Gestionnaire de performance assign\u00e9 \u00e0 votre compte et \u00e9quipe de soutien t\u00e9l\u00e9phonique<\/li>\n<li>Campagne de marketing visant \u00e0 cr\u00e9dibiliser le processus aupr\u00e8s des consommateurs<\/li>\n<\/ul>\n<\/div>\n<\/div>\n<p>[\/vc_column_text][\/vc_column_inner][\/vc_row_inner][\/vc_column][\/vc_row][vc_row el_class=\u00a0\u00bbform-bg\u00a0\u00bb el_id=\u00a0\u00bbrequest\u00a0\u00bb][vc_column][vc_empty_space height=\u00a0\u00bb50px\u00a0\u00bb][vc_column_text]<\/p>\n<h2 style=\"text-align: center;\">Obtenez le Centre d\u2019\u00e9change pour votre concession<\/h2>\n<h4 style=\"text-align: center;\">Remplissez vos coordonn\u00e9es pour entrer en contact avec un sp\u00e9cialiste OAC<\/h4>\n<p>[\/vc_column_text][vc_empty_space height=\u00a0\u00bb20px\u00a0\u00bb][vc_raw_html]JTNDc2NyaXB0JTIwc3JjJTNEJTIyJTJGJTJGYXBwLWFiMDMubWFya2V0by5jb20lMkZqcyUyRmZvcm1zMiUyRmpzJTJGZm9ybXMyLm1pbi5qcyUyMiUzRSUzQyUyRnNjcmlwdCUzRSUwQSUzQ2Zvcm0lMjBpZCUzRCUyMm1rdG9Gb3JtXzE2NDglMjIlM0UlM0MlMkZmb3JtJTNFJTBBJTNDc2NyaXB0JTNFTWt0b0Zvcm1zMi5sb2FkRm9ybSUyOCUyMiUyRiUyRmFwcC1hYjAzLm1hcmtldG8uY29tJTIyJTJDJTIwJTIyMzQzLVlVTC01MDElMjIlMkMlMjAxNjQ4JTI5JTNCJTNDJTJGc2NyaXB0JTNF[\/vc_raw_html][vc_empty_space height=\u00a0\u00bb50px\u00a0\u00bb][\/vc_column][\/vc_row][vc_row][vc_column][vc_empty_space height=\u00a0\u00bb70px\u00a0\u00bb][\/vc_column][\/vc_row]<\/p>\n<\/div>","protected":false},"excerpt":{"rendered":"<p>[vc_row full_width=\u00a0\u00bbstretch_row\u00a0\u00bb content_placement=\u00a0\u00bbmiddle\u00a0\u00bb css=\u00a0\u00bb.vc_custom_1658863605842{padding-top: 50px !important;padding-bottom: 50px !important;background-color: #f2f2f2 !important;}\u00a0\u00bb el_id=\u00a0\u00bbvideo\u00a0\u00bb][vc_column width=\u00a0\u00bb1\/2&Prime;][vc_column_text] Dites bonjour \u00e0 l\u2019Offre argent comptant (OAC) Un nouveau concept qui profite \u00e0 la fois aux consommateurs et aux divers d\u00e9partements d\u2019un commer\u00e7ant automobile [\/vc_column_text][vc_empty_space height=\u00a0\u00bb20px\u00a0\u00bb][vc_column_text]Le Centre d\u2019\u00e9changes Offre argent comptant (OAC) est une toute nouvelle ressource qui permet d\u2019attirer des acheteurs bien<\/p>\n","protected":false},"author":4,"featured_media":0,"parent":0,"menu_order":0,"comment_status":"closed","ping_status":"closed","template":"","meta":{"site-sidebar-layout":"no-sidebar","site-content-layout":"plain-container","ast-site-content-layout":"default","site-content-style":"default","site-sidebar-style":"default","ast-global-header-display":"","ast-banner-title-visibility":"","ast-main-header-display":"","ast-hfb-above-header-display":"","ast-hfb-below-header-display":"","ast-hfb-mobile-header-display":"","site-post-title":"disabled","ast-breadcrumbs-content":"","ast-featured-img":"disabled","footer-sml-layout":"","ast-disable-related-posts":"","theme-transparent-header-meta":"default","adv-header-id-meta":"","stick-header-meta":"","header-above-stick-meta":"","header-main-stick-meta":"","header-below-stick-meta":"","astra-migrate-meta-layouts":"default","ast-page-background-enabled":"default","ast-page-background-meta":{"desktop":{"background-color":"var(--ast-global-color-4)","background-image":"","background-repeat":"repeat","background-position":"center center","background-size":"auto","background-attachment":"scroll","background-type":"","background-media":"","overlay-type":"","overlay-color":"","overlay-opacity":"","overlay-gradient":""},"tablet":{"background-color":"","background-image":"","background-repeat":"repeat","background-position":"center center","background-size":"auto","background-attachment":"scroll","background-type":"","background-media":"","overlay-type":"","overlay-color":"","overlay-opacity":"","overlay-gradient":""},"mobile":{"background-color":"","background-image":"","background-repeat":"repeat","background-position":"center center","background-size":"auto","background-attachment":"scroll","background-type":"","background-media":"","overlay-type":"","overlay-color":"","overlay-opacity":"","overlay-gradient":""}},"ast-content-background-meta":{"desktop":{"background-color":"var(--ast-global-color-5)","background-image":"","background-repeat":"repeat","background-position":"center center","background-size":"auto","background-attachment":"scroll","background-type":"","background-media":"","overlay-type":"","overlay-color":"","overlay-opacity":"","overlay-gradient":""},"tablet":{"background-color":"var(--ast-global-color-5)","background-image":"","background-repeat":"repeat","background-position":"center center","background-size":"auto","background-attachment":"scroll","background-type":"","background-media":"","overlay-type":"","overlay-color":"","overlay-opacity":"","overlay-gradient":""},"mobile":{"background-color":"var(--ast-global-color-5)","background-image":"","background-repeat":"repeat","background-position":"center center","background-size":"auto","background-attachment":"scroll","background-type":"","background-media":"","overlay-type":"","overlay-color":"","overlay-opacity":"","overlay-gradient":""}},"footnotes":""},"class_list":["post-8960","page","type-page","status-publish","hentry"],"acf":[],"yoast_head":"<!-- This site is optimized with the Yoast SEO plugin v27.3 - https:\/\/yoast.com\/product\/yoast-seo-wordpress\/ -->\n<title>Offre argent comptant | Soci\u00e9t\u00e9 TRADER<\/title>\n<meta name=\"robots\" content=\"noindex, nofollow\" \/>\n<meta property=\"og:locale\" content=\"fr_FR\" \/>\n<meta property=\"og:type\" content=\"article\" \/>\n<meta property=\"og:title\" content=\"Offre argent comptant | Soci\u00e9t\u00e9 TRADER\" \/>\n<meta property=\"og:description\" content=\"[vc_row full_width=\u00a0\u00bbstretch_row\u00a0\u00bb content_placement=\u00a0\u00bbmiddle\u00a0\u00bb css=\u00a0\u00bb.vc_custom_1658863605842{padding-top: 50px !important;padding-bottom: 50px !important;background-color: #f2f2f2 !important;}\u00a0\u00bb el_id=\u00a0\u00bbvideo\u00a0\u00bb][vc_column width=\u00a0\u00bb1\/2&Prime;][vc_column_text] Dites bonjour \u00e0 l\u2019Offre argent comptant (OAC) Un nouveau concept qui profite \u00e0 la fois aux consommateurs et aux divers d\u00e9partements d\u2019un commer\u00e7ant automobile [\/vc_column_text][vc_empty_space height=\u00a0\u00bb20px\u00a0\u00bb][vc_column_text]Le Centre d\u2019\u00e9changes Offre argent comptant (OAC) est une toute nouvelle ressource qui permet d\u2019attirer des acheteurs bien\" \/>\n<meta property=\"og:url\" content=\"https:\/\/go.trader.ca\/fr\/volksklick\/\" \/>\n<meta property=\"og:site_name\" content=\"TRADER\" \/>\n<meta property=\"article:modified_time\" content=\"2022-07-26T19:47:48+00:00\" \/>\n<meta name=\"twitter:card\" content=\"summary_large_image\" \/>\n<meta name=\"twitter:label1\" content=\"Dur\u00e9e de lecture estim\u00e9e\" \/>\n\t<meta name=\"twitter:data1\" content=\"4 minutes\" \/>\n<script type=\"application\/ld+json\" class=\"yoast-schema-graph\">{\"@context\":\"https:\\\/\\\/schema.org\",\"@graph\":[{\"@type\":\"WebPage\",\"@id\":\"https:\\\/\\\/go.trader.ca\\\/fr\\\/volksklick\\\/\",\"url\":\"https:\\\/\\\/go.trader.ca\\\/fr\\\/volksklick\\\/\",\"name\":\"Offre argent comptant | Soci\u00e9t\u00e9 TRADER\",\"isPartOf\":{\"@id\":\"https:\\\/\\\/go.trader.ca\\\/#website\"},\"datePublished\":\"2022-04-14T18:00:39+00:00\",\"dateModified\":\"2022-07-26T19:47:48+00:00\",\"breadcrumb\":{\"@id\":\"https:\\\/\\\/go.trader.ca\\\/fr\\\/volksklick\\\/#breadcrumb\"},\"inLanguage\":\"fr-FR\",\"potentialAction\":[{\"@type\":\"ReadAction\",\"target\":[\"https:\\\/\\\/go.trader.ca\\\/fr\\\/volksklick\\\/\"]}]},{\"@type\":\"BreadcrumbList\",\"@id\":\"https:\\\/\\\/go.trader.ca\\\/fr\\\/volksklick\\\/#breadcrumb\",\"itemListElement\":[{\"@type\":\"ListItem\",\"position\":1,\"name\":\"Home\",\"item\":\"https:\\\/\\\/go.trader.ca\\\/fr\\\/\"},{\"@type\":\"ListItem\",\"position\":2,\"name\":\"Offre argent comptant\"}]},{\"@type\":\"WebSite\",\"@id\":\"https:\\\/\\\/go.trader.ca\\\/#website\",\"url\":\"https:\\\/\\\/go.trader.ca\\\/\",\"name\":\"AutoTrader.ca & AutoHebdo.net\",\"description\":\"La plus grande et r\u00e9put\u00e9e place d\u2019affaires automobile au Canada\",\"publisher\":{\"@id\":\"https:\\\/\\\/go.trader.ca\\\/#organization\"},\"potentialAction\":[{\"@type\":\"SearchAction\",\"target\":{\"@type\":\"EntryPoint\",\"urlTemplate\":\"https:\\\/\\\/go.trader.ca\\\/?s={search_term_string}\"},\"query-input\":{\"@type\":\"PropertyValueSpecification\",\"valueRequired\":true,\"valueName\":\"search_term_string\"}}],\"inLanguage\":\"fr-FR\"},{\"@type\":\"Organization\",\"@id\":\"https:\\\/\\\/go.trader.ca\\\/#organization\",\"name\":\"AutoTrader.ca & AutoHebdo.net\",\"url\":\"https:\\\/\\\/go.trader.ca\\\/\",\"logo\":{\"@type\":\"ImageObject\",\"inLanguage\":\"fr-FR\",\"@id\":\"https:\\\/\\\/go.trader.ca\\\/#\\\/schema\\\/logo\\\/image\\\/\",\"url\":\"https:\\\/\\\/go.trader.ca\\\/wp-content\\\/uploads\\\/2024\\\/04\\\/Logo-AutoHebdo-FR.png\",\"contentUrl\":\"https:\\\/\\\/go.trader.ca\\\/wp-content\\\/uploads\\\/2024\\\/04\\\/Logo-AutoHebdo-FR.png\",\"width\":484,\"height\":52,\"caption\":\"AutoTrader.ca & AutoHebdo.net\"},\"image\":{\"@id\":\"https:\\\/\\\/go.trader.ca\\\/#\\\/schema\\\/logo\\\/image\\\/\"}}]}<\/script>\n<!-- \/ Yoast SEO plugin. -->","yoast_head_json":{"title":"Offre argent comptant | Soci\u00e9t\u00e9 TRADER","robots":{"index":"noindex","follow":"nofollow"},"og_locale":"fr_FR","og_type":"article","og_title":"Offre argent comptant | Soci\u00e9t\u00e9 TRADER","og_description":"[vc_row full_width=\u00a0\u00bbstretch_row\u00a0\u00bb content_placement=\u00a0\u00bbmiddle\u00a0\u00bb css=\u00a0\u00bb.vc_custom_1658863605842{padding-top: 50px !important;padding-bottom: 50px !important;background-color: #f2f2f2 !important;}\u00a0\u00bb el_id=\u00a0\u00bbvideo\u00a0\u00bb][vc_column width=\u00a0\u00bb1\/2&Prime;][vc_column_text] Dites bonjour \u00e0 l\u2019Offre argent comptant (OAC) Un nouveau concept qui profite \u00e0 la fois aux consommateurs et aux divers d\u00e9partements d\u2019un commer\u00e7ant automobile [\/vc_column_text][vc_empty_space height=\u00a0\u00bb20px\u00a0\u00bb][vc_column_text]Le Centre d\u2019\u00e9changes Offre argent comptant (OAC) est une toute nouvelle ressource qui permet d\u2019attirer des acheteurs bien","og_url":"https:\/\/go.trader.ca\/fr\/volksklick\/","og_site_name":"TRADER","article_modified_time":"2022-07-26T19:47:48+00:00","twitter_card":"summary_large_image","twitter_misc":{"Dur\u00e9e de lecture estim\u00e9e":"4 minutes"},"schema":{"@context":"https:\/\/schema.org","@graph":[{"@type":"WebPage","@id":"https:\/\/go.trader.ca\/fr\/volksklick\/","url":"https:\/\/go.trader.ca\/fr\/volksklick\/","name":"Offre argent comptant | Soci\u00e9t\u00e9 TRADER","isPartOf":{"@id":"https:\/\/go.trader.ca\/#website"},"datePublished":"2022-04-14T18:00:39+00:00","dateModified":"2022-07-26T19:47:48+00:00","breadcrumb":{"@id":"https:\/\/go.trader.ca\/fr\/volksklick\/#breadcrumb"},"inLanguage":"fr-FR","potentialAction":[{"@type":"ReadAction","target":["https:\/\/go.trader.ca\/fr\/volksklick\/"]}]},{"@type":"BreadcrumbList","@id":"https:\/\/go.trader.ca\/fr\/volksklick\/#breadcrumb","itemListElement":[{"@type":"ListItem","position":1,"name":"Home","item":"https:\/\/go.trader.ca\/fr\/"},{"@type":"ListItem","position":2,"name":"Offre argent comptant"}]},{"@type":"WebSite","@id":"https:\/\/go.trader.ca\/#website","url":"https:\/\/go.trader.ca\/","name":"AutoTrader.ca & AutoHebdo.net","description":"La plus grande et r\u00e9put\u00e9e place d\u2019affaires automobile au Canada","publisher":{"@id":"https:\/\/go.trader.ca\/#organization"},"potentialAction":[{"@type":"SearchAction","target":{"@type":"EntryPoint","urlTemplate":"https:\/\/go.trader.ca\/?s={search_term_string}"},"query-input":{"@type":"PropertyValueSpecification","valueRequired":true,"valueName":"search_term_string"}}],"inLanguage":"fr-FR"},{"@type":"Organization","@id":"https:\/\/go.trader.ca\/#organization","name":"AutoTrader.ca & AutoHebdo.net","url":"https:\/\/go.trader.ca\/","logo":{"@type":"ImageObject","inLanguage":"fr-FR","@id":"https:\/\/go.trader.ca\/#\/schema\/logo\/image\/","url":"https:\/\/go.trader.ca\/wp-content\/uploads\/2024\/04\/Logo-AutoHebdo-FR.png","contentUrl":"https:\/\/go.trader.ca\/wp-content\/uploads\/2024\/04\/Logo-AutoHebdo-FR.png","width":484,"height":52,"caption":"AutoTrader.ca & AutoHebdo.net"},"image":{"@id":"https:\/\/go.trader.ca\/#\/schema\/logo\/image\/"}}]}},"_links":{"self":[{"href":"https:\/\/go.trader.ca\/fr\/wp-json\/wp\/v2\/pages\/8960","targetHints":{"allow":["GET"]}}],"collection":[{"href":"https:\/\/go.trader.ca\/fr\/wp-json\/wp\/v2\/pages"}],"about":[{"href":"https:\/\/go.trader.ca\/fr\/wp-json\/wp\/v2\/types\/page"}],"author":[{"embeddable":true,"href":"https:\/\/go.trader.ca\/fr\/wp-json\/wp\/v2\/users\/4"}],"replies":[{"embeddable":true,"href":"https:\/\/go.trader.ca\/fr\/wp-json\/wp\/v2\/comments?post=8960"}],"version-history":[{"count":0,"href":"https:\/\/go.trader.ca\/fr\/wp-json\/wp\/v2\/pages\/8960\/revisions"}],"wp:attachment":[{"href":"https:\/\/go.trader.ca\/fr\/wp-json\/wp\/v2\/media?parent=8960"}],"curies":[{"name":"wp","href":"https:\/\/api.w.org\/{rel}","templated":true}]}}