{"id":2746,"date":"2015-07-29T14:51:15","date_gmt":"2015-07-29T18:51:15","guid":{"rendered":"http:\/\/trader.brainyyack.ca\/fr\/ressources\/whitepapers\/"},"modified":"2022-05-03T03:37:35","modified_gmt":"2022-05-03T07:37:35","slug":"etude-de-cas","status":"publish","type":"page","link":"https:\/\/go.trader.ca\/fr\/ressources\/etude-de-cas\/","title":{"rendered":"\u00c9tude de cas"},"content":{"rendered":"<div class=\"wpb-content-wrapper\"><p>[vc_row css=\u00a0\u00bb.vc_custom_1446554000896{margin-top: 20px !important;}\u00a0\u00bb][vc_column][vc_column_text]<\/p>\n<h2 style=\"margin-bottom: 20px;\">Une compr\u00e9hension approfondie \u00e0 l\u2019aide d\u2019analyses d\u00e9taill\u00e9es.<\/h2>\n<p>Nous vous invitons \u00e0 consulter nos informatives et captivantes pr\u00e9sentations d\u00e9taill\u00e9es, qui abordent les principaux sujets de marketing qui vous concernent! Ces pr\u00e9sentations sont pr\u00e9cis\u00e9ment r\u00e9dig\u00e9es pour vous aider \u00e0 acqu\u00e9rir la base de connaissances qui vous permettra d\u2019optimiser vos strat\u00e9gies et tactiques marketing.<br \/>\nRevenez souvent pour d\u00e9couvrir nos nouvelles pr\u00e9sentations![\/vc_column_text][\/vc_column][\/vc_row][vc_row full_width=\u00a0\u00bbstretch_row\u00a0\u00bb css=\u00a0\u00bb.vc_custom_1446631935994{margin-top: 30px !important;background-color: #edeeee !important;}\u00a0\u00bb][vc_column][vc_column_text css=\u00a0\u00bb.vc_custom_1448474055172{margin-top: 20px !important;margin-bottom: 20px !important;}\u00a0\u00bb]<\/p>\n<h2 style=\"text-align: center;\">R\u00c9CENTES PR\u00c9SENTATIONS<\/h2>\n<p>[\/vc_column_text][vc_row_inner css=\u00a0\u00bb.vc_custom_1446631962042{margin-bottom: 30px !important;border-top-width: 2px !important;border-right-width: 2px !important;border-bottom-width: 2px !important;border-left-width: 2px !important;padding-top: 10px !important;padding-bottom: 10px !important;background-color: #fbfbfb !important;border-left-color: #dddddd !important;border-left-style: solid !important;border-right-color: #dddddd !important;border-right-style: solid !important;border-top-color: #dddddd !important;border-top-style: solid !important;border-bottom-color: #dddddd !important;border-bottom-style: solid !important;}\u00a0\u00bb][vc_column_inner width=\u00a0\u00bb1\/2&Prime;][vc_column_text]<a href=\"http:\/\/go.trader.ca\/wp-content\/uploads\/2015\/07\/White-Paper-Email-Marketing-EN.pdf\"><img loading=\"lazy\" decoding=\"async\" class=\"aligncenter wp-image-2209 size-full\" src=\"http:\/\/go.trader.ca\/wp-content\/uploads\/2015\/08\/email-marketing.png\" alt=\"\" width=\"290\" height=\"225\" \/><\/a>[\/vc_column_text][vc_column_text]<\/p>\n<p style=\"text-align: center; font-size: 20px;\">\u00c9TUDE DE CAS<\/p>\n<p>[\/vc_column_text][vc_column_text]<\/p>\n<h2 style=\"text-align: center;\">LE MARKETING PAR COURRIEL<\/h2>\n<p>[\/vc_column_text][vc_column_text css=\u00a0\u00bb.vc_custom_1448474123732{margin-top: 10px !important;margin-bottom: 20px !important;}\u00a0\u00bb]<\/p>\n<p style=\"text-align: center;\"><a class=\"lrn_more redbutton\" href=\"http:\/\/go.trader.ca\/wp-content\/uploads\/2015\/07\/White-Paper-Email-Marketing-EN.pdf\" target=\"_blank\" rel=\"noopener\">T\u00e9l\u00e9charger<\/a><\/p>\n<p>[\/vc_column_text][\/vc_column_inner][vc_column_inner width=\u00a0\u00bb1\/2&Prime; css=\u00a0\u00bb.vc_custom_1446554332015{border-width: 2px !important;}\u00a0\u00bb][vc_column_text]<a href=\"http:\/\/go.trader.ca\/wp-content\/uploads\/2015\/07\/FAST-FWD_Whitepaper_Websites.pdf\"><img loading=\"lazy\" decoding=\"async\" class=\"aligncenter wp-image-1316 size-full\" src=\"http:\/\/go.trader.ca\/wp-content\/uploads\/2015\/08\/dealership.jpg\" alt=\"dealership\" width=\"290\" height=\"224\" \/><\/a>[\/vc_column_text][vc_column_text]<\/p>\n<p style=\"text-align: center; font-size: 20px;\">\u00c9TUDE DE CAS<\/p>\n<p>[\/vc_column_text][vc_column_text]<\/p>\n<h2 style=\"text-align: center;\">LES SITES WEB<\/h2>\n<p>[\/vc_column_text][vc_column_text css=\u00a0\u00bb.vc_custom_1448474134103{margin-top: 10px !important;margin-bottom: 20px !important;}\u00a0\u00bb]<\/p>\n<p style=\"text-align: center;\"><a class=\"lrn_more redbutton\" href=\"http:\/\/go.trader.ca\/wp-content\/uploads\/2015\/07\/FAST-FWD_Whitepaper_Websites.pdf\" target=\"_blank\" rel=\"noopener\">T\u00e9l\u00e9charger<\/a><\/p>\n<p>[\/vc_column_text][\/vc_column_inner][\/vc_row_inner][\/vc_column][\/vc_row][vc_row css=\u00a0\u00bb.vc_custom_1446639382307{margin-top: 30px !important;margin-bottom: 60px !important;}\u00a0\u00bb el_class=\u00a0\u00bbwp-icons\u00a0\u00bb][vc_column][vc_column_text]<\/p>\n<h2 style=\"text-align: center;\">D\u2019AUTRES PR\u00c9SENTATIONS SERONT PUBLI\u00c9ES SOUS PEU!<\/h2>\n<p>[\/vc_column_text]<div id=\"ult-carousel-105784532969dcc21fb3224\" class=\"ult-carousel-wrapper   ult_horizontal\" data-gutter=\"15\" data-rtl=\"false\" ><div class=\"ult-carousel-271783353669dcc21fb31ce \" >[vc_column_text]<img loading=\"lazy\" decoding=\"async\" class=\"aligncenter wp-image-2401 size-full\" src=\"http:\/\/go.trader.ca\/wp-content\/uploads\/2015\/07\/RESOURCES_Whitepapers_03.png\" alt=\"\" width=\"151\" height=\"100\" srcset=\"https:\/\/go.trader.ca\/wp-content\/uploads\/2015\/07\/RESOURCES_Whitepapers_03.png 151w, https:\/\/go.trader.ca\/wp-content\/uploads\/2015\/07\/RESOURCES_Whitepapers_03-150x100.png 150w\" sizes=\"auto, (max-width: 151px) 100vw, 151px\" \/><\/p>\n<h6 style=\"text-align: center; font-size: 20px; line-height: 20px;\">OPTIMISATION DU R\u00c9F\u00c9RENCEMENT INTERNET (SEO)<\/h6>\n<p>[\/vc_column_text][vc_column_text]<img loading=\"lazy\" decoding=\"async\" class=\"aligncenter wp-image-2400 size-full\" src=\"http:\/\/go.trader.ca\/wp-content\/uploads\/2015\/07\/RESOURCES_Whitepapers_05.png\" alt=\"\" width=\"151\" height=\"100\" srcset=\"https:\/\/go.trader.ca\/wp-content\/uploads\/2015\/07\/RESOURCES_Whitepapers_05.png 151w, https:\/\/go.trader.ca\/wp-content\/uploads\/2015\/07\/RESOURCES_Whitepapers_05-150x100.png 150w\" sizes=\"auto, (max-width: 151px) 100vw, 151px\" \/><\/p>\n<h6 style=\"text-align: center; font-size: 20px; line-height: 20px;\">M\u00c9DIAS SOCIAUX<\/h6>\n<p>[\/vc_column_text][vc_column_text]<img loading=\"lazy\" decoding=\"async\" class=\"aligncenter wp-image-2399 size-full\" src=\"http:\/\/go.trader.ca\/wp-content\/uploads\/2015\/07\/RESOURCES_Whitepapers_07.png\" alt=\"\" width=\"151\" height=\"100\" srcset=\"https:\/\/go.trader.ca\/wp-content\/uploads\/2015\/07\/RESOURCES_Whitepapers_07.png 151w, https:\/\/go.trader.ca\/wp-content\/uploads\/2015\/07\/RESOURCES_Whitepapers_07-150x100.png 150w\" sizes=\"auto, (max-width: 151px) 100vw, 151px\" \/><\/p>\n<h6 style=\"text-align: center; font-size: 20px; line-height: 20px;\">CONVERSION DES CLIENTS POTENTIELS<\/h6>\n<p>[\/vc_column_text][vc_column_text]<img loading=\"lazy\" decoding=\"async\" class=\"aligncenter wp-image-2390 size-full\" src=\"http:\/\/go.trader.ca\/wp-content\/uploads\/2015\/07\/RESOURCES_Whitepapers_09.png\" alt=\"\" width=\"151\" height=\"150\" \/><\/p>\n<h6 style=\"text-align: center; font-size: 20px; line-height: 20px;\">PUBLICIT\u00c9 DANS LES MOTEURS DE RECHERCHE (SEM)<\/h6>\n<p>[\/vc_column_text][vc_column_text]<img loading=\"lazy\" decoding=\"async\" class=\"aligncenter wp-image-2389 size-full\" src=\"http:\/\/go.trader.ca\/wp-content\/uploads\/2015\/07\/RESOURCES_Whitepapers_11.png\" alt=\"\" width=\"151\" height=\"150\" \/><\/p>\n<h6 style=\"text-align: center; font-size: 20px; line-height: 20px;\">MARKETING VID\u00c9O<\/h6>\n<p>[\/vc_column_text]<\/div><\/div>\t\t\t<script type=\"text\/javascript\">\r\n\t\t\t\tjQuery(document).ready(function ($) {\r\n\t\t\t\t\tif( typeof jQuery('.ult-carousel-271783353669dcc21fb31ce').slick == \"function\"){\r\n\t\t\t\t\t\t$('.ult-carousel-271783353669dcc21fb31ce').slick({dots: true,autoplay: true,autoplaySpeed: 5000,speed: 300,infinite: true,arrows: true,nextArrow: '<button type=\"button\" role=\"button\" aria-label=\"Next\" style=\"color:#333333; font-size:20px;\" class=\"slick-next default\"><i class=\"ultsl-arrow-right4\"><\/i><\/button>',prevArrow: '<button type=\"button\" role=\"button\" aria-label=\"Previous\" style=\"color:#333333; font-size:20px;\" class=\"slick-prev default\"><i class=\"ultsl-arrow-left4\"><\/i><\/button>',slidesToScroll:1,slidesToShow:5,swipe: true,draggable: true,touchMove: true,pauseOnHover: true,pauseOnFocus: false,responsive: [\r\n\t\t\t\t\t\t\t{\r\n\t\t\t\t\t\t\t  breakpoint: 1026,\r\n\t\t\t\t\t\t\t  settings: {\r\n\t\t\t\t\t\t\t\tslidesToShow: 5,\r\n\t\t\t\t\t\t\t\tslidesToScroll: 1,  \r\n\t\t\t\t\t\t\t  }\r\n\t\t\t\t\t\t\t},\r\n\t\t\t\t\t\t\t{\r\n\t\t\t\t\t\t\t  breakpoint: 1025,\r\n\t\t\t\t\t\t\t  settings: {\r\n\t\t\t\t\t\t\t\tslidesToShow: 3,\r\n\t\t\t\t\t\t\t\tslidesToScroll: 1\r\n\t\t\t\t\t\t\t  }\r\n\t\t\t\t\t\t\t},\r\n\t\t\t\t\t\t\t{\r\n\t\t\t\t\t\t\t  breakpoint: 760,\r\n\t\t\t\t\t\t\t  settings: {\r\n\t\t\t\t\t\t\t\tslidesToShow: 2,\r\n\t\t\t\t\t\t\t\tslidesToScroll: 1\r\n\t\t\t\t\t\t\t  }\r\n\t\t\t\t\t\t\t}\r\n\t\t\t\t\t\t],pauseOnDotsHover: true,customPaging: function(slider, i) {\r\n                   return '<i type=\"button\" style= \"color:#333333;\" class=\"ultsl-record\" data-role=\"none\"><\/i>';\r\n                },});\r\n\t\t\t\t\t}\r\n\t\t\t\t});\r\n\t\t\t<\/script>\r\n\t\t\t[\/vc_column][\/vc_row]<\/p>\n<\/div>","protected":false},"excerpt":{"rendered":"<p>[vc_row css=\u00a0\u00bb.vc_custom_1446554000896{margin-top: 20px !important;}\u00a0\u00bb][vc_column][vc_column_text] Une compr\u00e9hension approfondie \u00e0 l\u2019aide d\u2019analyses d\u00e9taill\u00e9es. Nous vous invitons \u00e0 consulter nos informatives et captivantes pr\u00e9sentations d\u00e9taill\u00e9es, qui abordent les principaux sujets de marketing qui vous concernent! Ces pr\u00e9sentations sont pr\u00e9cis\u00e9ment r\u00e9dig\u00e9es pour vous aider \u00e0 acqu\u00e9rir la base de connaissances qui vous permettra d\u2019optimiser vos strat\u00e9gies et tactiques marketing.<\/p>\n","protected":false},"author":5,"featured_media":0,"parent":2727,"menu_order":0,"comment_status":"open","ping_status":"closed","template":"","meta":{"site-sidebar-layout":"no-sidebar","site-content-layout":"plain-container","ast-site-content-layout":"default","site-content-style":"default","site-sidebar-style":"default","ast-global-header-display":"","ast-banner-title-visibility":"","ast-main-header-display":"","ast-hfb-above-header-display":"","ast-hfb-below-header-display":"","ast-hfb-mobile-header-display":"","site-post-title":"disabled","ast-breadcrumbs-content":"","ast-featured-img":"disabled","footer-sml-layout":"","ast-disable-related-posts":"","theme-transparent-header-meta":"","adv-header-id-meta":"","stick-header-meta":"","header-above-stick-meta":"","header-main-stick-meta":"","header-below-stick-meta":"","astra-migrate-meta-layouts":"default","ast-page-background-enabled":"default","ast-page-background-meta":{"desktop":{"background-color":"var(--ast-global-color-4)","background-image":"","background-repeat":"repeat","background-position":"center center","background-size":"auto","background-attachment":"scroll","background-type":"","background-media":"","overlay-type":"","overlay-color":"","overlay-opacity":"","overlay-gradient":""},"tablet":{"background-color":"","background-image":"","background-repeat":"repeat","background-position":"center center","background-size":"auto","background-attachment":"scroll","background-type":"","background-media":"","overlay-type":"","overlay-color":"","overlay-opacity":"","overlay-gradient":""},"mobile":{"background-color":"","background-image":"","background-repeat":"repeat","background-position":"center center","background-size":"auto","background-attachment":"scroll","background-type":"","background-media":"","overlay-type":"","overlay-color":"","overlay-opacity":"","overlay-gradient":""}},"ast-content-background-meta":{"desktop":{"background-color":"var(--ast-global-color-5)","background-image":"","background-repeat":"repeat","background-position":"center center","background-size":"auto","background-attachment":"scroll","background-type":"","background-media":"","overlay-type":"","overlay-color":"","overlay-opacity":"","overlay-gradient":""},"tablet":{"background-color":"var(--ast-global-color-5)","background-image":"","background-repeat":"repeat","background-position":"center center","background-size":"auto","background-attachment":"scroll","background-type":"","background-media":"","overlay-type":"","overlay-color":"","overlay-opacity":"","overlay-gradient":""},"mobile":{"background-color":"var(--ast-global-color-5)","background-image":"","background-repeat":"repeat","background-position":"center center","background-size":"auto","background-attachment":"scroll","background-type":"","background-media":"","overlay-type":"","overlay-color":"","overlay-opacity":"","overlay-gradient":""}},"footnotes":""},"class_list":["post-2746","page","type-page","status-publish","hentry"],"acf":[],"yoast_head":"<!-- This site is optimized with the Yoast SEO plugin v27.3 - https:\/\/yoast.com\/product\/yoast-seo-wordpress\/ -->\n<title>\u00c9tude de cas | Soci\u00e9t\u00e9 TRADER<\/title>\n<meta name=\"description\" content=\"TRADER&#039;s whitepapers are targeted at helping you build a solid foundation of knowledge to optimize your car dealership marketing strategies and tactics.\" \/>\n<meta name=\"robots\" content=\"index, follow, max-snippet:-1, max-image-preview:large, max-video-preview:-1\" \/>\n<link rel=\"canonical\" href=\"https:\/\/go.trader.ca\/fr\/ressources\/etude-de-cas\/\" \/>\n<meta property=\"og:locale\" content=\"fr_FR\" \/>\n<meta property=\"og:type\" content=\"article\" \/>\n<meta property=\"og:title\" content=\"\u00c9tude de cas | Soci\u00e9t\u00e9 TRADER\" \/>\n<meta property=\"og:description\" content=\"TRADER&#039;s whitepapers are targeted at helping you build a solid foundation of knowledge to optimize your car dealership marketing strategies and tactics.\" \/>\n<meta property=\"og:url\" content=\"https:\/\/go.trader.ca\/fr\/ressources\/etude-de-cas\/\" \/>\n<meta property=\"og:site_name\" content=\"TRADER\" \/>\n<meta property=\"article:modified_time\" content=\"2022-05-03T07:37:35+00:00\" \/>\n<meta property=\"og:image\" content=\"http:\/\/go.trader.ca\/wp-content\/uploads\/2015\/08\/email-marketing.png\" \/>\n<meta name=\"twitter:card\" content=\"summary_large_image\" \/>\n<meta name=\"twitter:label1\" content=\"Dur\u00e9e de lecture estim\u00e9e\" \/>\n\t<meta name=\"twitter:data1\" content=\"2 minutes\" \/>\n<script type=\"application\/ld+json\" class=\"yoast-schema-graph\">{\"@context\":\"https:\\\/\\\/schema.org\",\"@graph\":[{\"@type\":\"WebPage\",\"@id\":\"https:\\\/\\\/go.trader.ca\\\/fr\\\/ressources\\\/etude-de-cas\\\/\",\"url\":\"https:\\\/\\\/go.trader.ca\\\/fr\\\/ressources\\\/etude-de-cas\\\/\",\"name\":\"\u00c9tude de cas | Soci\u00e9t\u00e9 TRADER\",\"isPartOf\":{\"@id\":\"https:\\\/\\\/go.trader.ca\\\/#website\"},\"primaryImageOfPage\":{\"@id\":\"https:\\\/\\\/go.trader.ca\\\/fr\\\/ressources\\\/etude-de-cas\\\/#primaryimage\"},\"image\":{\"@id\":\"https:\\\/\\\/go.trader.ca\\\/fr\\\/ressources\\\/etude-de-cas\\\/#primaryimage\"},\"thumbnailUrl\":\"http:\\\/\\\/go.trader.ca\\\/wp-content\\\/uploads\\\/2015\\\/08\\\/email-marketing.png\",\"datePublished\":\"2015-07-29T18:51:15+00:00\",\"dateModified\":\"2022-05-03T07:37:35+00:00\",\"description\":\"TRADER's whitepapers are targeted at helping you build a solid foundation of knowledge to optimize your car dealership marketing strategies and tactics.\",\"breadcrumb\":{\"@id\":\"https:\\\/\\\/go.trader.ca\\\/fr\\\/ressources\\\/etude-de-cas\\\/#breadcrumb\"},\"inLanguage\":\"fr-FR\",\"potentialAction\":[{\"@type\":\"ReadAction\",\"target\":[\"https:\\\/\\\/go.trader.ca\\\/fr\\\/ressources\\\/etude-de-cas\\\/\"]}]},{\"@type\":\"ImageObject\",\"inLanguage\":\"fr-FR\",\"@id\":\"https:\\\/\\\/go.trader.ca\\\/fr\\\/ressources\\\/etude-de-cas\\\/#primaryimage\",\"url\":\"http:\\\/\\\/go.trader.ca\\\/wp-content\\\/uploads\\\/2015\\\/08\\\/email-marketing.png\",\"contentUrl\":\"http:\\\/\\\/go.trader.ca\\\/wp-content\\\/uploads\\\/2015\\\/08\\\/email-marketing.png\"},{\"@type\":\"BreadcrumbList\",\"@id\":\"https:\\\/\\\/go.trader.ca\\\/fr\\\/ressources\\\/etude-de-cas\\\/#breadcrumb\",\"itemListElement\":[{\"@type\":\"ListItem\",\"position\":1,\"name\":\"Home\",\"item\":\"https:\\\/\\\/go.trader.ca\\\/fr\\\/\"},{\"@type\":\"ListItem\",\"position\":2,\"name\":\"Ressources\",\"item\":\"https:\\\/\\\/go.trader.ca\\\/fr\\\/ressources\\\/\"},{\"@type\":\"ListItem\",\"position\":3,\"name\":\"\u00c9tude de cas\"}]},{\"@type\":\"WebSite\",\"@id\":\"https:\\\/\\\/go.trader.ca\\\/#website\",\"url\":\"https:\\\/\\\/go.trader.ca\\\/\",\"name\":\"AutoTrader.ca & AutoHebdo.net\",\"description\":\"La plus grande et r\u00e9put\u00e9e place d\u2019affaires automobile au Canada\",\"publisher\":{\"@id\":\"https:\\\/\\\/go.trader.ca\\\/#organization\"},\"potentialAction\":[{\"@type\":\"SearchAction\",\"target\":{\"@type\":\"EntryPoint\",\"urlTemplate\":\"https:\\\/\\\/go.trader.ca\\\/?s={search_term_string}\"},\"query-input\":{\"@type\":\"PropertyValueSpecification\",\"valueRequired\":true,\"valueName\":\"search_term_string\"}}],\"inLanguage\":\"fr-FR\"},{\"@type\":\"Organization\",\"@id\":\"https:\\\/\\\/go.trader.ca\\\/#organization\",\"name\":\"AutoTrader.ca & AutoHebdo.net\",\"url\":\"https:\\\/\\\/go.trader.ca\\\/\",\"logo\":{\"@type\":\"ImageObject\",\"inLanguage\":\"fr-FR\",\"@id\":\"https:\\\/\\\/go.trader.ca\\\/#\\\/schema\\\/logo\\\/image\\\/\",\"url\":\"https:\\\/\\\/go.trader.ca\\\/wp-content\\\/uploads\\\/2024\\\/04\\\/Logo-AutoHebdo-FR.png\",\"contentUrl\":\"https:\\\/\\\/go.trader.ca\\\/wp-content\\\/uploads\\\/2024\\\/04\\\/Logo-AutoHebdo-FR.png\",\"width\":484,\"height\":52,\"caption\":\"AutoTrader.ca & AutoHebdo.net\"},\"image\":{\"@id\":\"https:\\\/\\\/go.trader.ca\\\/#\\\/schema\\\/logo\\\/image\\\/\"}}]}<\/script>\n<!-- \/ Yoast SEO plugin. -->","yoast_head_json":{"title":"\u00c9tude de cas | Soci\u00e9t\u00e9 TRADER","description":"TRADER's whitepapers are targeted at helping you build a solid foundation of knowledge to optimize your car dealership marketing strategies and tactics.","robots":{"index":"index","follow":"follow","max-snippet":"max-snippet:-1","max-image-preview":"max-image-preview:large","max-video-preview":"max-video-preview:-1"},"canonical":"https:\/\/go.trader.ca\/fr\/ressources\/etude-de-cas\/","og_locale":"fr_FR","og_type":"article","og_title":"\u00c9tude de cas | Soci\u00e9t\u00e9 TRADER","og_description":"TRADER's whitepapers are targeted at helping you build a solid foundation of knowledge to optimize your car dealership marketing strategies and tactics.","og_url":"https:\/\/go.trader.ca\/fr\/ressources\/etude-de-cas\/","og_site_name":"TRADER","article_modified_time":"2022-05-03T07:37:35+00:00","og_image":[{"url":"http:\/\/go.trader.ca\/wp-content\/uploads\/2015\/08\/email-marketing.png","type":"","width":"","height":""}],"twitter_card":"summary_large_image","twitter_misc":{"Dur\u00e9e de lecture estim\u00e9e":"2 minutes"},"schema":{"@context":"https:\/\/schema.org","@graph":[{"@type":"WebPage","@id":"https:\/\/go.trader.ca\/fr\/ressources\/etude-de-cas\/","url":"https:\/\/go.trader.ca\/fr\/ressources\/etude-de-cas\/","name":"\u00c9tude de cas | Soci\u00e9t\u00e9 TRADER","isPartOf":{"@id":"https:\/\/go.trader.ca\/#website"},"primaryImageOfPage":{"@id":"https:\/\/go.trader.ca\/fr\/ressources\/etude-de-cas\/#primaryimage"},"image":{"@id":"https:\/\/go.trader.ca\/fr\/ressources\/etude-de-cas\/#primaryimage"},"thumbnailUrl":"http:\/\/go.trader.ca\/wp-content\/uploads\/2015\/08\/email-marketing.png","datePublished":"2015-07-29T18:51:15+00:00","dateModified":"2022-05-03T07:37:35+00:00","description":"TRADER's whitepapers are targeted at helping you build a solid foundation of knowledge to optimize your car dealership marketing strategies and tactics.","breadcrumb":{"@id":"https:\/\/go.trader.ca\/fr\/ressources\/etude-de-cas\/#breadcrumb"},"inLanguage":"fr-FR","potentialAction":[{"@type":"ReadAction","target":["https:\/\/go.trader.ca\/fr\/ressources\/etude-de-cas\/"]}]},{"@type":"ImageObject","inLanguage":"fr-FR","@id":"https:\/\/go.trader.ca\/fr\/ressources\/etude-de-cas\/#primaryimage","url":"http:\/\/go.trader.ca\/wp-content\/uploads\/2015\/08\/email-marketing.png","contentUrl":"http:\/\/go.trader.ca\/wp-content\/uploads\/2015\/08\/email-marketing.png"},{"@type":"BreadcrumbList","@id":"https:\/\/go.trader.ca\/fr\/ressources\/etude-de-cas\/#breadcrumb","itemListElement":[{"@type":"ListItem","position":1,"name":"Home","item":"https:\/\/go.trader.ca\/fr\/"},{"@type":"ListItem","position":2,"name":"Ressources","item":"https:\/\/go.trader.ca\/fr\/ressources\/"},{"@type":"ListItem","position":3,"name":"\u00c9tude de cas"}]},{"@type":"WebSite","@id":"https:\/\/go.trader.ca\/#website","url":"https:\/\/go.trader.ca\/","name":"AutoTrader.ca & AutoHebdo.net","description":"La plus grande et r\u00e9put\u00e9e place d\u2019affaires automobile au Canada","publisher":{"@id":"https:\/\/go.trader.ca\/#organization"},"potentialAction":[{"@type":"SearchAction","target":{"@type":"EntryPoint","urlTemplate":"https:\/\/go.trader.ca\/?s={search_term_string}"},"query-input":{"@type":"PropertyValueSpecification","valueRequired":true,"valueName":"search_term_string"}}],"inLanguage":"fr-FR"},{"@type":"Organization","@id":"https:\/\/go.trader.ca\/#organization","name":"AutoTrader.ca & AutoHebdo.net","url":"https:\/\/go.trader.ca\/","logo":{"@type":"ImageObject","inLanguage":"fr-FR","@id":"https:\/\/go.trader.ca\/#\/schema\/logo\/image\/","url":"https:\/\/go.trader.ca\/wp-content\/uploads\/2024\/04\/Logo-AutoHebdo-FR.png","contentUrl":"https:\/\/go.trader.ca\/wp-content\/uploads\/2024\/04\/Logo-AutoHebdo-FR.png","width":484,"height":52,"caption":"AutoTrader.ca & AutoHebdo.net"},"image":{"@id":"https:\/\/go.trader.ca\/#\/schema\/logo\/image\/"}}]}},"_links":{"self":[{"href":"https:\/\/go.trader.ca\/fr\/wp-json\/wp\/v2\/pages\/2746","targetHints":{"allow":["GET"]}}],"collection":[{"href":"https:\/\/go.trader.ca\/fr\/wp-json\/wp\/v2\/pages"}],"about":[{"href":"https:\/\/go.trader.ca\/fr\/wp-json\/wp\/v2\/types\/page"}],"author":[{"embeddable":true,"href":"https:\/\/go.trader.ca\/fr\/wp-json\/wp\/v2\/users\/5"}],"replies":[{"embeddable":true,"href":"https:\/\/go.trader.ca\/fr\/wp-json\/wp\/v2\/comments?post=2746"}],"version-history":[{"count":0,"href":"https:\/\/go.trader.ca\/fr\/wp-json\/wp\/v2\/pages\/2746\/revisions"}],"up":[{"embeddable":true,"href":"https:\/\/go.trader.ca\/fr\/wp-json\/wp\/v2\/pages\/2727"}],"wp:attachment":[{"href":"https:\/\/go.trader.ca\/fr\/wp-json\/wp\/v2\/media?parent=2746"}],"curies":[{"name":"wp","href":"https:\/\/api.w.org\/{rel}","templated":true}]}}