{"id":2637,"date":"2015-07-29T15:32:41","date_gmt":"2015-07-29T19:32:41","guid":{"rendered":"http:\/\/trader.brainyyack.ca\/fr\/site-map\/"},"modified":"2022-05-03T03:37:12","modified_gmt":"2022-05-03T07:37:12","slug":"plan-du-site","status":"publish","type":"page","link":"https:\/\/go.trader.ca\/fr\/plan-du-site\/","title":{"rendered":"Plan du site"},"content":{"rendered":"<div class=\"wpb-content-wrapper\"><p>[vc_row el_class=\u00a0\u00bbsitemap france\u00a0\u00bb][vc_column width=\u00a0\u00bb1\/4&Prime; css=\u00a0\u00bb.vc_custom_1455022160816{padding-top: 10px !important;}\u00a0\u00bb][vc_empty_space height=\u00a0\u00bb30px\u00a0\u00bb][vc_column_text]<\/p>\n<h2>PLAN DU SITE<\/h2>\n<p>[\/vc_column_text][\/vc_column][vc_column width=\u00a0\u00bb1\/4&Prime; css=\u00a0\u00bb.vc_custom_1455022092792{padding-top: 30px !important;}\u00a0\u00bb][vc_column_text]<\/p>\n<h3><a href=\"http:\/\/go.trader.ca\/fr\/commercants\/\">COMMER\u00c7ANTS<\/a><\/h3>\n<h4><a href=\"http:\/\/go.trader.ca\/fr\/commercants\/place-daffaires-en-ligne\/\">PLACE D\u2019AFFAIRES EN LIGNE<\/a><\/h4>\n<p><a href=\"http:\/\/go.trader.ca\/fr\/commercants\/place-daffaires-en-ligne\/annonces-de-vehicules\/\">ANNONCES DE V\u00c9HICULES D&rsquo;OCCASION<\/a><br \/>\n<a href=\"http:\/\/go.trader.ca\/fr\/commercants\/place-daffaires-en-ligne\/vehicules-neufs\/\">ANNONCES DE V\u00c9HICULES NEUFS<\/a><br \/>\n<a href=\"http:\/\/go.trader.ca\/fr\/commercants\/place-daffaires-en-ligne\/forfaits-propulseurs\/\">FORFAITS PROPULSEURS<\/a><br \/>\n<a href=\"http:\/\/go.trader.ca\/fr\/commercants\/place-daffaires-en-ligne\/surclassements-dannonces\/\">SURCLASSEMENTS D\u2019ANNONCES<\/a><br \/>\n<a href=\"http:\/\/go.trader.ca\/fr\/commercants\/place-daffaires-en-ligne\/communication-de-marque\/\">NOTORI\u00c9T\u00c9 ET PUBLICIT\u00c9<\/a><br \/>\n<a href=\"http:\/\/go.trader.ca\/fr\/commercants\/place-daffaires-en-ligne\/gestion-de-la-mise-en-marche\/\">GESTION CLIENTS POTENTIELS<\/a><br \/>\n<a href=\"http:\/\/go.trader.ca\/fr\/commercants\/place-daffaires-en-ligne\/syndication-dannonces\/\">SYNDICATION D\u2019ANNONCES<\/a><br \/>\n<a href=\"http:\/\/go.trader.ca\/fr\/commercants\/place-daffaires-en-ligne\/service-de-capture\/\">SERVICE DE CAPTURE<\/a><br \/>\n<a href=\"http:\/\/go.trader.ca\/fr\/commercants\/place-daffaires-en-ligne\/services-creatifs\/\">SERVICES CR\u00c9ATIFS<\/a><\/p>\n<h4><a href=\"http:\/\/go.trader.ca\/dealer-products\/web-solutions\/\">SOLUTIONS WEB <\/a><\/h4>\n<p><a href=\"http:\/\/go.trader.ca\/fr\/commercants\/solutions-web\/sites-web-et-forfaits\/\">SITES WEB ET FORFAITS<\/a><br \/>\n<a href=\"http:\/\/go.trader.ca\/fr\/commercants\/solutions-web\/fonctions-web-avancees\/\">FONCTIONS WEB AVANC\u00c9ES<\/a><br \/>\n<a href=\"http:\/\/go.trader.ca\/fr\/commercants\/solutions-web\/services-creatifs\/\">SERVICES CR\u00c9ATIFS<\/a><\/p>\n<h4><a href=\"http:\/\/go.trader.ca\/dealer-products\/web-traffic\/\">TRAFIC WEB <\/a><\/h4>\n<p><a href=\"http:\/\/go.trader.ca\/fr\/commercants\/trafic-web\/plateforme-publicitaire-unifiee\/\">PLATE-FORME PUBLICITAIRE UNIFI\u00c9E (PPU)<\/a><br \/>\n<a href=\"http:\/\/go.trader.ca\/fr\/commercants\/trafic-web\/optimisation-du-referencement-seo\/\">OPTIMISATION DU R\u00c9F\u00c9RENCEMENT (SEO)<\/a><br \/>\n<a href=\"http:\/\/go.trader.ca\/fr\/commercants\/trafic-web\/publicite-moteurs-de-recherche-sem\/\">PUBLICIT\u00c9 PAR CLIC (SEM)<\/a><br \/>\n<a href=\"http:\/\/go.trader.ca\/fr\/commercants\/trafic-web\/optimisation-recherche-locale-lso\/\">OPTIMISATION DE LA RECHERCHE LOCALE (LSO)<\/a><br \/>\n<a href=\"http:\/\/go.trader.ca\/fr\/commercants\/trafic-web\/gestionnaire-de-medias-sociaux\/\">MARKETING DANS LES M\u00c9DIAS SOCIAUX (SRM)<\/a><\/p>\n<h4><a href=\"http:\/\/go.trader.ca\/fr\/commercants\/gestion-dinventaire\/\">GESTION D\u2019INVENTAIRE<\/a><\/h4>\n<p><a href=\"http:\/\/go.trader.ca\/fr\/commercants\/gestion-dinventaire\/approvisionnement\/\">APPROVISIONNEMENT<\/a><br \/>\n<a href=\"http:\/\/go.trader.ca\/fr\/commercants\/gestion-dinventaire\/evaluation\/\">\u00c9VALUATION<\/a><br \/>\n<a href=\"http:\/\/go.trader.ca\/fr\/commercants\/gestion-dinventaire\/prix\/\">PRIX<\/a><br \/>\n<a href=\"http:\/\/go.trader.ca\/fr\/commercants\/gestion-dinventaire\/credit-subprime\/\">CR\u00c9DIT SUBPRIME<\/a><br \/>\n<a href=\"http:\/\/go.trader.ca\/fr\/commercants\/gestion-dinventaire\/mise-en-marche\/\">MISE EN MARCH\u00c9<\/a>[\/vc_column_text][\/vc_column][vc_column width=\u00a0\u00bb1\/4&Prime; css=\u00a0\u00bb.vc_custom_1455022105792{padding-top: 30px !important;}\u00a0\u00bb][vc_column_text]<\/p>\n<h3><a href=\"http:\/\/go.trader.ca\/fr\/consommateurs\/\">CONSOMMATEURS<\/a><\/h3>\n<h4><a href=\"http:\/\/go.trader.ca\/fr\/consommateurs\/autohebdo-net\/\">AUTOHEBDO.NET<\/a><\/h4>\n<h3><a href=\"http:\/\/go.trader.ca\/fr\/service-et-soutien\/\">SERVICE ET SOUTIEN<\/a><\/h3>\n<h4><a href=\"http:\/\/go.trader.ca\/fr\/service-et-soutien\/service-a-la-clientele\/\">SERVICE \u00c0 LA CLIENT\u00c8LE<\/a><\/h4>\n<h4><a href=\"http:\/\/go.trader.ca\/fr\/service-et-soutien\/soutien-produit\/\">SOUTIEN PRODUIT<\/a><\/h4>\n<h3><a href=\"http:\/\/go.trader.ca\/fr\/ressources\/\">RESSOURCES<\/a><\/h3>\n<h4><a href=\"http:\/\/go.trader.ca\/fr\/ressources\/formation-commercants\/\">FORMATION COMMER\u00c7ANTS<\/a><\/h4>\n<h4><a href=\"http:\/\/go.trader.ca\/fr\/ressources\/videos\/\">VID\u00c9OS<\/a><\/h4>\n<h4><a href=\"http:\/\/go.trader.ca\/fr\/ressources\/webinaires\/\">WEBINAIRES<\/a><\/h4>\n<h4><a href=\"http:\/\/go.trader.ca\/fr\/ressources\/etude-de-cas\/\">\u00c9TUDE DE CAS<\/a><\/h4>\n<p>[\/vc_column_text][\/vc_column][vc_column width=\u00a0\u00bb1\/4&Prime; css=\u00a0\u00bb.vc_custom_1455022120577{padding-top: 30px !important;}\u00a0\u00bb][vc_column_text]<\/p>\n<h3><a href=\"http:\/\/go.trader.ca\/fr\/a-propos\/\">\u00c0 PROPOS<\/a><\/h3>\n<h4><a href=\"http:\/\/go.trader.ca\/fr\/a-propos\/enterprise\/\">ENTREPRISE<\/a><\/h4>\n<h4><a href=\"http:\/\/go.trader.ca\/fr\/a-propos\/equipe-de-gestion\/\">\u00c9QUIPE DE GESTION<\/a><\/h4>\n<h4><a href=\"http:\/\/go.trader.ca\/fr\/a-propos\/partenaires\/\">PARTENAIRES<\/a><\/h4>\n<h4><a href=\"http:\/\/go.trader.ca\/fr\/a-propos\/nous-joindre\/\">NOUS JOINDRE<\/a><\/h4>\n<h4><a href=\"http:\/\/careers.trader.ca\/fr\/\" target=\"_blank\" rel=\"noopener\">CARRI\u00c8RES<\/a><\/h4>\n<h3><a href=\"http:\/\/go.trader.ca\/news-events\/\">NOUVELLES ET \u00c9V\u00c9NEMENTS<\/a><\/h3>\n<h4><a href=\"http:\/\/go.trader.ca\/fr\/news-events\/salle-de-presse-articles1\/\">SALLE DE PRESSE<\/a><\/h4>\n<h4><a href=\"http:\/\/go.trader.ca\/fr\/news-events\/calendrier-evenements\/\">CALENDRIER DES \u00c9V\u00c9NEMENTS<\/a><\/h4>\n<p>[\/vc_column_text][\/vc_column][\/vc_row][vc_row][vc_column][vc_empty_space height=\u00a0\u00bb100px\u00a0\u00bb][\/vc_column][\/vc_row]<\/p>\n<\/div>","protected":false},"excerpt":{"rendered":"<p>[vc_row el_class=\u00a0\u00bbsitemap france\u00a0\u00bb][vc_column width=\u00a0\u00bb1\/4&Prime; css=\u00a0\u00bb.vc_custom_1455022160816{padding-top: 10px !important;}\u00a0\u00bb][vc_empty_space height=\u00a0\u00bb30px\u00a0\u00bb][vc_column_text] PLAN DU SITE [\/vc_column_text][\/vc_column][vc_column width=\u00a0\u00bb1\/4&Prime; css=\u00a0\u00bb.vc_custom_1455022092792{padding-top: 30px !important;}\u00a0\u00bb][vc_column_text] COMMER\u00c7ANTS PLACE D\u2019AFFAIRES EN LIGNE ANNONCES DE V\u00c9HICULES D&rsquo;OCCASION ANNONCES DE V\u00c9HICULES NEUFS FORFAITS PROPULSEURS SURCLASSEMENTS D\u2019ANNONCES NOTORI\u00c9T\u00c9 ET PUBLICIT\u00c9 GESTION CLIENTS POTENTIELS SYNDICATION D\u2019ANNONCES SERVICE DE CAPTURE SERVICES CR\u00c9ATIFS SOLUTIONS WEB SITES WEB ET FORFAITS FONCTIONS WEB AVANC\u00c9ES<\/p>\n","protected":false},"author":5,"featured_media":0,"parent":0,"menu_order":0,"comment_status":"closed","ping_status":"closed","template":"","meta":{"site-sidebar-layout":"no-sidebar","site-content-layout":"plain-container","ast-site-content-layout":"default","site-content-style":"default","site-sidebar-style":"default","ast-global-header-display":"","ast-banner-title-visibility":"","ast-main-header-display":"","ast-hfb-above-header-display":"","ast-hfb-below-header-display":"","ast-hfb-mobile-header-display":"","site-post-title":"disabled","ast-breadcrumbs-content":"","ast-featured-img":"disabled","footer-sml-layout":"","ast-disable-related-posts":"","theme-transparent-header-meta":"","adv-header-id-meta":"","stick-header-meta":"","header-above-stick-meta":"","header-main-stick-meta":"","header-below-stick-meta":"","astra-migrate-meta-layouts":"default","ast-page-background-enabled":"default","ast-page-background-meta":{"desktop":{"background-color":"var(--ast-global-color-4)","background-image":"","background-repeat":"repeat","background-position":"center center","background-size":"auto","background-attachment":"scroll","background-type":"","background-media":"","overlay-type":"","overlay-color":"","overlay-opacity":"","overlay-gradient":""},"tablet":{"background-color":"","background-image":"","background-repeat":"repeat","background-position":"center center","background-size":"auto","background-attachment":"scroll","background-type":"","background-media":"","overlay-type":"","overlay-color":"","overlay-opacity":"","overlay-gradient":""},"mobile":{"background-color":"","background-image":"","background-repeat":"repeat","background-position":"center center","background-size":"auto","background-attachment":"scroll","background-type":"","background-media":"","overlay-type":"","overlay-color":"","overlay-opacity":"","overlay-gradient":""}},"ast-content-background-meta":{"desktop":{"background-color":"var(--ast-global-color-5)","background-image":"","background-repeat":"repeat","background-position":"center center","background-size":"auto","background-attachment":"scroll","background-type":"","background-media":"","overlay-type":"","overlay-color":"","overlay-opacity":"","overlay-gradient":""},"tablet":{"background-color":"var(--ast-global-color-5)","background-image":"","background-repeat":"repeat","background-position":"center center","background-size":"auto","background-attachment":"scroll","background-type":"","background-media":"","overlay-type":"","overlay-color":"","overlay-opacity":"","overlay-gradient":""},"mobile":{"background-color":"var(--ast-global-color-5)","background-image":"","background-repeat":"repeat","background-position":"center center","background-size":"auto","background-attachment":"scroll","background-type":"","background-media":"","overlay-type":"","overlay-color":"","overlay-opacity":"","overlay-gradient":""}},"footnotes":""},"class_list":["post-2637","page","type-page","status-publish","hentry"],"acf":[],"yoast_head":"<!-- This site is optimized with the Yoast SEO plugin v27.3 - https:\/\/yoast.com\/product\/yoast-seo-wordpress\/ -->\n<title>Plan du site | Soci\u00e9t\u00e9 TRADER<\/title>\n<meta name=\"robots\" content=\"index, follow, max-snippet:-1, max-image-preview:large, max-video-preview:-1\" \/>\n<link rel=\"canonical\" href=\"https:\/\/go.trader.ca\/fr\/plan-du-site\/\" \/>\n<meta property=\"og:locale\" content=\"fr_FR\" \/>\n<meta property=\"og:type\" content=\"article\" \/>\n<meta property=\"og:title\" content=\"Plan du site | Soci\u00e9t\u00e9 TRADER\" \/>\n<meta property=\"og:description\" content=\"[vc_row el_class=\u00a0\u00bbsitemap france\u00a0\u00bb][vc_column width=\u00a0\u00bb1\/4&Prime; css=\u00a0\u00bb.vc_custom_1455022160816{padding-top: 10px !important;}\u00a0\u00bb][vc_empty_space height=\u00a0\u00bb30px\u00a0\u00bb][vc_column_text] PLAN DU SITE [\/vc_column_text][\/vc_column][vc_column width=\u00a0\u00bb1\/4&Prime; css=\u00a0\u00bb.vc_custom_1455022092792{padding-top: 30px !important;}\u00a0\u00bb][vc_column_text] COMMER\u00c7ANTS PLACE D\u2019AFFAIRES EN LIGNE ANNONCES DE V\u00c9HICULES D&rsquo;OCCASION ANNONCES DE V\u00c9HICULES NEUFS FORFAITS PROPULSEURS SURCLASSEMENTS D\u2019ANNONCES NOTORI\u00c9T\u00c9 ET PUBLICIT\u00c9 GESTION CLIENTS POTENTIELS SYNDICATION D\u2019ANNONCES SERVICE DE CAPTURE SERVICES CR\u00c9ATIFS SOLUTIONS WEB SITES WEB ET FORFAITS FONCTIONS WEB AVANC\u00c9ES\" \/>\n<meta property=\"og:url\" content=\"https:\/\/go.trader.ca\/fr\/plan-du-site\/\" \/>\n<meta property=\"og:site_name\" content=\"TRADER\" \/>\n<meta property=\"article:modified_time\" content=\"2022-05-03T07:37:12+00:00\" \/>\n<meta name=\"twitter:card\" content=\"summary_large_image\" \/>\n<meta name=\"twitter:label1\" content=\"Dur\u00e9e de lecture estim\u00e9e\" \/>\n\t<meta name=\"twitter:data1\" content=\"1 minute\" \/>\n<script type=\"application\/ld+json\" class=\"yoast-schema-graph\">{\"@context\":\"https:\\\/\\\/schema.org\",\"@graph\":[{\"@type\":\"WebPage\",\"@id\":\"https:\\\/\\\/go.trader.ca\\\/fr\\\/plan-du-site\\\/\",\"url\":\"https:\\\/\\\/go.trader.ca\\\/fr\\\/plan-du-site\\\/\",\"name\":\"Plan du site | Soci\u00e9t\u00e9 TRADER\",\"isPartOf\":{\"@id\":\"https:\\\/\\\/go.trader.ca\\\/#website\"},\"datePublished\":\"2015-07-29T19:32:41+00:00\",\"dateModified\":\"2022-05-03T07:37:12+00:00\",\"breadcrumb\":{\"@id\":\"https:\\\/\\\/go.trader.ca\\\/fr\\\/plan-du-site\\\/#breadcrumb\"},\"inLanguage\":\"fr-FR\",\"potentialAction\":[{\"@type\":\"ReadAction\",\"target\":[\"https:\\\/\\\/go.trader.ca\\\/fr\\\/plan-du-site\\\/\"]}]},{\"@type\":\"BreadcrumbList\",\"@id\":\"https:\\\/\\\/go.trader.ca\\\/fr\\\/plan-du-site\\\/#breadcrumb\",\"itemListElement\":[{\"@type\":\"ListItem\",\"position\":1,\"name\":\"Home\",\"item\":\"https:\\\/\\\/go.trader.ca\\\/fr\\\/\"},{\"@type\":\"ListItem\",\"position\":2,\"name\":\"Plan du site\"}]},{\"@type\":\"WebSite\",\"@id\":\"https:\\\/\\\/go.trader.ca\\\/#website\",\"url\":\"https:\\\/\\\/go.trader.ca\\\/\",\"name\":\"AutoTrader.ca & AutoHebdo.net\",\"description\":\"La plus grande et r\u00e9put\u00e9e place d\u2019affaires automobile au Canada\",\"publisher\":{\"@id\":\"https:\\\/\\\/go.trader.ca\\\/#organization\"},\"potentialAction\":[{\"@type\":\"SearchAction\",\"target\":{\"@type\":\"EntryPoint\",\"urlTemplate\":\"https:\\\/\\\/go.trader.ca\\\/?s={search_term_string}\"},\"query-input\":{\"@type\":\"PropertyValueSpecification\",\"valueRequired\":true,\"valueName\":\"search_term_string\"}}],\"inLanguage\":\"fr-FR\"},{\"@type\":\"Organization\",\"@id\":\"https:\\\/\\\/go.trader.ca\\\/#organization\",\"name\":\"AutoTrader.ca & AutoHebdo.net\",\"url\":\"https:\\\/\\\/go.trader.ca\\\/\",\"logo\":{\"@type\":\"ImageObject\",\"inLanguage\":\"fr-FR\",\"@id\":\"https:\\\/\\\/go.trader.ca\\\/#\\\/schema\\\/logo\\\/image\\\/\",\"url\":\"https:\\\/\\\/go.trader.ca\\\/wp-content\\\/uploads\\\/2024\\\/04\\\/Logo-AutoHebdo-FR.png\",\"contentUrl\":\"https:\\\/\\\/go.trader.ca\\\/wp-content\\\/uploads\\\/2024\\\/04\\\/Logo-AutoHebdo-FR.png\",\"width\":484,\"height\":52,\"caption\":\"AutoTrader.ca & AutoHebdo.net\"},\"image\":{\"@id\":\"https:\\\/\\\/go.trader.ca\\\/#\\\/schema\\\/logo\\\/image\\\/\"}}]}<\/script>\n<!-- \/ Yoast SEO plugin. -->","yoast_head_json":{"title":"Plan du site | Soci\u00e9t\u00e9 TRADER","robots":{"index":"index","follow":"follow","max-snippet":"max-snippet:-1","max-image-preview":"max-image-preview:large","max-video-preview":"max-video-preview:-1"},"canonical":"https:\/\/go.trader.ca\/fr\/plan-du-site\/","og_locale":"fr_FR","og_type":"article","og_title":"Plan du site | Soci\u00e9t\u00e9 TRADER","og_description":"[vc_row el_class=\u00a0\u00bbsitemap france\u00a0\u00bb][vc_column width=\u00a0\u00bb1\/4&Prime; css=\u00a0\u00bb.vc_custom_1455022160816{padding-top: 10px !important;}\u00a0\u00bb][vc_empty_space height=\u00a0\u00bb30px\u00a0\u00bb][vc_column_text] PLAN DU SITE [\/vc_column_text][\/vc_column][vc_column width=\u00a0\u00bb1\/4&Prime; css=\u00a0\u00bb.vc_custom_1455022092792{padding-top: 30px !important;}\u00a0\u00bb][vc_column_text] COMMER\u00c7ANTS PLACE D\u2019AFFAIRES EN LIGNE ANNONCES DE V\u00c9HICULES D&rsquo;OCCASION ANNONCES DE V\u00c9HICULES NEUFS FORFAITS PROPULSEURS SURCLASSEMENTS D\u2019ANNONCES NOTORI\u00c9T\u00c9 ET PUBLICIT\u00c9 GESTION CLIENTS POTENTIELS SYNDICATION D\u2019ANNONCES SERVICE DE CAPTURE SERVICES CR\u00c9ATIFS SOLUTIONS WEB SITES WEB ET FORFAITS FONCTIONS WEB AVANC\u00c9ES","og_url":"https:\/\/go.trader.ca\/fr\/plan-du-site\/","og_site_name":"TRADER","article_modified_time":"2022-05-03T07:37:12+00:00","twitter_card":"summary_large_image","twitter_misc":{"Dur\u00e9e de lecture estim\u00e9e":"1 minute"},"schema":{"@context":"https:\/\/schema.org","@graph":[{"@type":"WebPage","@id":"https:\/\/go.trader.ca\/fr\/plan-du-site\/","url":"https:\/\/go.trader.ca\/fr\/plan-du-site\/","name":"Plan du site | Soci\u00e9t\u00e9 TRADER","isPartOf":{"@id":"https:\/\/go.trader.ca\/#website"},"datePublished":"2015-07-29T19:32:41+00:00","dateModified":"2022-05-03T07:37:12+00:00","breadcrumb":{"@id":"https:\/\/go.trader.ca\/fr\/plan-du-site\/#breadcrumb"},"inLanguage":"fr-FR","potentialAction":[{"@type":"ReadAction","target":["https:\/\/go.trader.ca\/fr\/plan-du-site\/"]}]},{"@type":"BreadcrumbList","@id":"https:\/\/go.trader.ca\/fr\/plan-du-site\/#breadcrumb","itemListElement":[{"@type":"ListItem","position":1,"name":"Home","item":"https:\/\/go.trader.ca\/fr\/"},{"@type":"ListItem","position":2,"name":"Plan du site"}]},{"@type":"WebSite","@id":"https:\/\/go.trader.ca\/#website","url":"https:\/\/go.trader.ca\/","name":"AutoTrader.ca & AutoHebdo.net","description":"La plus grande et r\u00e9put\u00e9e place d\u2019affaires automobile au Canada","publisher":{"@id":"https:\/\/go.trader.ca\/#organization"},"potentialAction":[{"@type":"SearchAction","target":{"@type":"EntryPoint","urlTemplate":"https:\/\/go.trader.ca\/?s={search_term_string}"},"query-input":{"@type":"PropertyValueSpecification","valueRequired":true,"valueName":"search_term_string"}}],"inLanguage":"fr-FR"},{"@type":"Organization","@id":"https:\/\/go.trader.ca\/#organization","name":"AutoTrader.ca & AutoHebdo.net","url":"https:\/\/go.trader.ca\/","logo":{"@type":"ImageObject","inLanguage":"fr-FR","@id":"https:\/\/go.trader.ca\/#\/schema\/logo\/image\/","url":"https:\/\/go.trader.ca\/wp-content\/uploads\/2024\/04\/Logo-AutoHebdo-FR.png","contentUrl":"https:\/\/go.trader.ca\/wp-content\/uploads\/2024\/04\/Logo-AutoHebdo-FR.png","width":484,"height":52,"caption":"AutoTrader.ca & AutoHebdo.net"},"image":{"@id":"https:\/\/go.trader.ca\/#\/schema\/logo\/image\/"}}]}},"_links":{"self":[{"href":"https:\/\/go.trader.ca\/fr\/wp-json\/wp\/v2\/pages\/2637","targetHints":{"allow":["GET"]}}],"collection":[{"href":"https:\/\/go.trader.ca\/fr\/wp-json\/wp\/v2\/pages"}],"about":[{"href":"https:\/\/go.trader.ca\/fr\/wp-json\/wp\/v2\/types\/page"}],"author":[{"embeddable":true,"href":"https:\/\/go.trader.ca\/fr\/wp-json\/wp\/v2\/users\/5"}],"replies":[{"embeddable":true,"href":"https:\/\/go.trader.ca\/fr\/wp-json\/wp\/v2\/comments?post=2637"}],"version-history":[{"count":0,"href":"https:\/\/go.trader.ca\/fr\/wp-json\/wp\/v2\/pages\/2637\/revisions"}],"wp:attachment":[{"href":"https:\/\/go.trader.ca\/fr\/wp-json\/wp\/v2\/media?parent=2637"}],"curies":[{"name":"wp","href":"https:\/\/api.w.org\/{rel}","templated":true}]}}