{"id":2600,"date":"2015-07-28T14:45:42","date_gmt":"2015-07-28T18:45:42","guid":{"rendered":"http:\/\/trader.brainyyack.ca\/fr\/dealer-products\/"},"modified":"2026-02-26T08:49:25","modified_gmt":"2026-02-26T13:49:25","slug":"commercants","status":"publish","type":"page","link":"https:\/\/go.trader.ca\/fr\/commercants\/","title":{"rendered":"Produits et services"},"content":{"rendered":"<div class=\"wpb-content-wrapper\"><p>[vc_row equal_height=\u00a0\u00bbyes\u00a0\u00bb content_placement=\u00a0\u00bbmiddle\u00a0\u00bb][vc_column][vc_column_text]<\/p>\n<h2 style=\"text-align: left;\">La plus grande et r\u00e9put\u00e9e place d\u2019affaires automobile en ligne au Canada \u2212 AutoHebdo.net<\/h2>\n<p>[\/vc_column_text][vc_empty_space height=\u00a0\u00bb20px\u00a0\u00bb][vc_column_text css=\u00a0\u00bb\u00a0\u00bb]<\/p>\n<div class=\"wpb_text_column wpb_content_element\">\n<div class=\"wpb_wrapper\">\n<p>Proposant l\u2019inventaire le plus vaste et vari\u00e9 au Canada, et une foule d\u2019outils pratiques d\u2019aide \u00e0 l\u2019achat, <strong>AutoHebdo.net attire les acheteurs les plus d\u00e9termin\u00e9s et les mieux qualifi\u00e9s vers la plus grande s\u00e9lection d\u2019annonces de marchands automobiles au pays.<\/strong><\/p>\n<p>Avec une <strong>notori\u00e9t\u00e9 de marque de 91%<\/strong> \u2013 la cote la plus \u00e9lev\u00e9e au pays<sup>1<\/sup> \u2013 AutoHebdo.net domine le march\u00e9 canadien! <strong>67% de parts de march\u00e9<sup>2<\/sup>. 76% du temps de magasinage des acheteurs de v\u00e9hicules en ligne au Canada est pass\u00e9 sur AutoHebdo.net<sup>3<\/sup><\/strong>, le site le plus r\u00e9put\u00e9 d\u2019achat et de vente automobile.<\/p>\n<p>Nos services et solutions publicitaires prim\u00e9s sont con\u00e7us dans l\u2019optique de <strong>rehausser votre rentabilit\u00e9 et de simplifier le processus d\u2019achat<\/strong> automobile. Nous aidons les commer\u00e7ants canadiens \u00e0 <strong>vendre plus, \u00e0 meilleure marge et plus facilement!<\/strong><\/p>\n<\/div>\n<\/div>\n<p>[\/vc_column_text][vc_empty_space height=\u00a0\u00bb40px\u00a0\u00bb][\/vc_column][\/vc_row][vc_row full_width=\u00a0\u00bbstretch_row\u00a0\u00bb gap=\u00a0\u00bb30&Prime; equal_height=\u00a0\u00bbyes\u00a0\u00bb content_placement=\u00a0\u00bbtop\u00a0\u00bb css=\u00a0\u00bb.vc_custom_1721937021549{background-color: #f2f2f2 !important;}\u00a0\u00bb][vc_column width=\u00a0\u00bb1\/6&Prime;][\/vc_column][vc_column width=\u00a0\u00bb1\/3&Prime; css=\u00a0\u00bb.vc_custom_1721937392138{margin-top: 40px !important;border-top-width: 1px !important;border-right-width: 1px !important;border-bottom-width: 1px !important;border-left-width: 1px !important;padding-top: 20px !important;padding-right: 20px !important;padding-bottom: 20px !important;padding-left: 20px !important;background-color: #ffffff !important;border-left-color: #d8d8d8 !important;border-left-style: solid !important;border-right-color: #d8d8d8 !important;border-right-style: solid !important;border-top-color: #d8d8d8 !important;border-top-style: solid !important;border-bottom-color: #d8d8d8 !important;border-bottom-style: solid !important;border-radius: 20px !important;}\u00a0\u00bb][vc_column_text]<\/p>\n<h3 style=\"text-align: center;\">Place d\u2019affaires en ligne<\/h3>\n<p>[\/vc_column_text][vc_empty_space height=\u00a0\u00bb20px\u00a0\u00bb][vc_column_text]<\/p>\n<p style=\"text-align: center;\"><a href=\"https:\/\/go.trader.ca\/fr\/commercants\/place-daffaires-en-ligne\/\"><img loading=\"lazy\" decoding=\"async\" class=\"aligncenter wp-image-1296 size-full\" src=\"https:\/\/go.trader.ca\/wp-content\/uploads\/2015\/08\/market_place1.jpg\" alt=\"\" width=\"291\" height=\"117\" \/><\/a><\/p>\n<p style=\"text-align: center;\">La place d&rsquo;affaires en ligne<br \/>\n#1 au Qu\u00e9b\u00e9c<\/p>\n<p>[\/vc_column_text][vc_empty_space height=\u00a0\u00bb20px\u00a0\u00bb][vc_btn title=\u00a0\u00bbPlus de d\u00e9tails\u00a0\u00bb style=\u00a0\u00bbcustom\u00a0\u00bb custom_background=\u00a0\u00bb\u00a0\u00bb custom_text=\u00a0\u00bb\u00a0\u00bb shape=\u00a0\u00bbround\u00a0\u00bb align=\u00a0\u00bbcenter\u00a0\u00bb el_class=\u00a0\u00bbbutton-red centered-button\u00a0\u00bb link=\u00a0\u00bburl:https%3A%2F%2Fgo.trader.ca%2Ffr%2Fcommercants%2Fplace-daffaires-en-ligne%2F||\u00a0\u00bb][\/vc_column][vc_column width=\u00a0\u00bb1\/3&Prime; css=\u00a0\u00bb.vc_custom_1721937387321{margin-top: 40px !important;border-top-width: 1px !important;border-right-width: 1px !important;border-bottom-width: 1px !important;border-left-width: 1px !important;padding-top: 20px !important;padding-right: 20px !important;padding-bottom: 20px !important;padding-left: 20px !important;background-color: #ffffff !important;border-left-color: #d8d8d8 !important;border-left-style: solid !important;border-right-color: #d8d8d8 !important;border-right-style: solid !important;border-top-color: #d8d8d8 !important;border-top-style: solid !important;border-bottom-color: #d8d8d8 !important;border-bottom-style: solid !important;border-radius: 20px !important;}\u00a0\u00bb][vc_column_text css=\u00a0\u00bb\u00a0\u00bb]<\/p>\n<h3 style=\"text-align: center;\">Consommateurs<\/h3>\n<p>[\/vc_column_text][vc_empty_space height=\u00a0\u00bb20px\u00a0\u00bb][vc_column_text css=\u00a0\u00bb\u00a0\u00bb]<\/p>\n<p style=\"text-align: center;\"><a href=\"https:\/\/go.trader.ca\/fr\/consommateurs\/\"><img loading=\"lazy\" decoding=\"async\" class=\"aligncenter wp-image-1364 size-full\" src=\"https:\/\/go.trader.ca\/wp-content\/uploads\/2026\/02\/dp-tb-marketplace.png\" alt=\"\" width=\"291\" height=\"117\" \/><\/a><\/p>\n<p style=\"text-align: center;\">L\u2019endroit le plus r\u00e9put\u00e9 pour acheter<br \/>\nou de vendre un v\u00e9hicule au Canada<\/p>\n<p>[\/vc_column_text][vc_empty_space height=\u00a0\u00bb20px\u00a0\u00bb][vc_btn title=\u00a0\u00bbPlus de d\u00e9tails\u00a0\u00bb style=\u00a0\u00bbcustom\u00a0\u00bb custom_background=\u00a0\u00bb\u00a0\u00bb custom_text=\u00a0\u00bb\u00a0\u00bb shape=\u00a0\u00bbround\u00a0\u00bb align=\u00a0\u00bbcenter\u00a0\u00bb css=\u00a0\u00bb\u00a0\u00bb el_class=\u00a0\u00bbbutton-red centered-button\u00a0\u00bb link=\u00a0\u00bburl:https%3A%2F%2Fgo.trader.ca%2Ffr%2Fconsommateurs%2F\u00a0\u00bb][\/vc_column][vc_column width=\u00a0\u00bb1\/6&Prime;][\/vc_column][\/vc_row][vc_row full_width=\u00a0\u00bbstretch_row\u00a0\u00bb css=\u00a0\u00bb.vc_custom_1721937014225{background-color: #f2f2f2 !important;}\u00a0\u00bb][vc_column][vc_empty_space height=\u00a0\u00bb20px\u00a0\u00bb][vc_column_text css=\u00a0\u00bb\u00a0\u00bb]<\/p>\n<p style=\"text-align: center;\"><span style=\"text-align: left; font-size: 9px; color: #d8d8d8;\">Source: (1) \u00c9tude d\u2019Angus Reid sur la notori\u00e9t\u00e9 de la marque, avril 2024. (2) Comscore Media Metrix\u00ae toutes plateformes, ressources automobiles, parts de march\u00e9, d\u00e9cembre 2024, Canada. (3) Comscore My Metrix\u00ae | Principales mesures, multiplateforme, nombre de minutes, avril 2023 \u2013 ao\u00fbt 2024, Canada.<\/span><\/p>\n<p>[\/vc_column_text][vc_empty_space height=\u00a0\u00bb40px\u00a0\u00bb][\/vc_column][\/vc_row]<\/p>\n<\/div>","protected":false},"excerpt":{"rendered":"<p>[vc_row equal_height=\u00a0\u00bbyes\u00a0\u00bb content_placement=\u00a0\u00bbmiddle\u00a0\u00bb][vc_column][vc_column_text] La plus grande et r\u00e9put\u00e9e place d\u2019affaires automobile en ligne au Canada \u2212 AutoHebdo.net [\/vc_column_text][vc_empty_space height=\u00a0\u00bb20px\u00a0\u00bb][vc_column_text css=\u00a0\u00bb\u00a0\u00bb] Proposant l\u2019inventaire le plus vaste et vari\u00e9 au Canada, et une foule d\u2019outils pratiques d\u2019aide \u00e0 l\u2019achat, AutoHebdo.net attire les acheteurs les plus d\u00e9termin\u00e9s et les mieux qualifi\u00e9s vers la plus grande s\u00e9lection d\u2019annonces de<\/p>\n","protected":false},"author":5,"featured_media":0,"parent":0,"menu_order":0,"comment_status":"closed","ping_status":"closed","template":"page-with-title.php","meta":{"site-sidebar-layout":"no-sidebar","site-content-layout":"plain-container","ast-site-content-layout":"normal-width-container","site-content-style":"unboxed","site-sidebar-style":"unboxed","ast-global-header-display":"","ast-banner-title-visibility":"","ast-main-header-display":"","ast-hfb-above-header-display":"","ast-hfb-below-header-display":"","ast-hfb-mobile-header-display":"","site-post-title":"disabled","ast-breadcrumbs-content":"","ast-featured-img":"disabled","footer-sml-layout":"","ast-disable-related-posts":"","theme-transparent-header-meta":"default","adv-header-id-meta":"","stick-header-meta":"","header-above-stick-meta":"","header-main-stick-meta":"","header-below-stick-meta":"","astra-migrate-meta-layouts":"set","ast-page-background-enabled":"default","ast-page-background-meta":{"desktop":{"background-color":"var(--ast-global-color-4)","background-image":"","background-repeat":"repeat","background-position":"center center","background-size":"auto","background-attachment":"scroll","background-type":"","background-media":"","overlay-type":"","overlay-color":"","overlay-opacity":"","overlay-gradient":""},"tablet":{"background-color":"","background-image":"","background-repeat":"repeat","background-position":"center center","background-size":"auto","background-attachment":"scroll","background-type":"","background-media":"","overlay-type":"","overlay-color":"","overlay-opacity":"","overlay-gradient":""},"mobile":{"background-color":"","background-image":"","background-repeat":"repeat","background-position":"center center","background-size":"auto","background-attachment":"scroll","background-type":"","background-media":"","overlay-type":"","overlay-color":"","overlay-opacity":"","overlay-gradient":""}},"ast-content-background-meta":{"desktop":{"background-color":"var(--ast-global-color-5)","background-image":"","background-repeat":"repeat","background-position":"center center","background-size":"auto","background-attachment":"scroll","background-type":"","background-media":"","overlay-type":"","overlay-color":"","overlay-opacity":"","overlay-gradient":""},"tablet":{"background-color":"var(--ast-global-color-5)","background-image":"","background-repeat":"repeat","background-position":"center center","background-size":"auto","background-attachment":"scroll","background-type":"","background-media":"","overlay-type":"","overlay-color":"","overlay-opacity":"","overlay-gradient":""},"mobile":{"background-color":"var(--ast-global-color-5)","background-image":"","background-repeat":"repeat","background-position":"center center","background-size":"auto","background-attachment":"scroll","background-type":"","background-media":"","overlay-type":"","overlay-color":"","overlay-opacity":"","overlay-gradient":""}},"footnotes":""},"class_list":["post-2600","page","type-page","status-publish","hentry"],"acf":[],"yoast_head":"<!-- This site is optimized with the Yoast SEO plugin v27.3 - https:\/\/yoast.com\/product\/yoast-seo-wordpress\/ -->\n<title>Produits et services | Soci\u00e9t\u00e9 TRADER<\/title>\n<meta name=\"description\" content=\"TRADER\u2019s full suite of dealer products offers a variety of digital solutions to help all dealers \u2013 big or small, independent or franchise, rural or urban \u2013 find a solution that\u2019s right for them.\" \/>\n<meta name=\"robots\" content=\"index, follow, max-snippet:-1, max-image-preview:large, max-video-preview:-1\" \/>\n<link rel=\"canonical\" href=\"https:\/\/go.trader.ca\/fr\/commercants\/\" \/>\n<meta property=\"og:locale\" content=\"fr_FR\" \/>\n<meta property=\"og:type\" content=\"article\" \/>\n<meta property=\"og:title\" content=\"Produits et services | Soci\u00e9t\u00e9 TRADER\" \/>\n<meta property=\"og:description\" content=\"TRADER\u2019s full suite of dealer products offers a variety of digital solutions to help all dealers \u2013 big or small, independent or franchise, rural or urban \u2013 find a solution that\u2019s right for them.\" \/>\n<meta property=\"og:url\" content=\"https:\/\/go.trader.ca\/fr\/commercants\/\" \/>\n<meta property=\"og:site_name\" content=\"TRADER\" \/>\n<meta property=\"article:modified_time\" content=\"2026-02-26T13:49:25+00:00\" \/>\n<meta property=\"og:image\" content=\"https:\/\/go.trader.ca\/wp-content\/uploads\/2015\/08\/market_place1.jpg\" \/>\n<meta name=\"twitter:card\" content=\"summary_large_image\" \/>\n<meta name=\"twitter:label1\" content=\"Dur\u00e9e de lecture estim\u00e9e\" \/>\n\t<meta name=\"twitter:data1\" content=\"2 minutes\" \/>\n<script type=\"application\/ld+json\" class=\"yoast-schema-graph\">{\"@context\":\"https:\\\/\\\/schema.org\",\"@graph\":[{\"@type\":\"WebPage\",\"@id\":\"https:\\\/\\\/go.trader.ca\\\/fr\\\/commercants\\\/\",\"url\":\"https:\\\/\\\/go.trader.ca\\\/fr\\\/commercants\\\/\",\"name\":\"Produits et services | Soci\u00e9t\u00e9 TRADER\",\"isPartOf\":{\"@id\":\"https:\\\/\\\/go.trader.ca\\\/#website\"},\"primaryImageOfPage\":{\"@id\":\"https:\\\/\\\/go.trader.ca\\\/fr\\\/commercants\\\/#primaryimage\"},\"image\":{\"@id\":\"https:\\\/\\\/go.trader.ca\\\/fr\\\/commercants\\\/#primaryimage\"},\"thumbnailUrl\":\"https:\\\/\\\/go.trader.ca\\\/wp-content\\\/uploads\\\/2015\\\/08\\\/market_place1.jpg\",\"datePublished\":\"2015-07-28T18:45:42+00:00\",\"dateModified\":\"2026-02-26T13:49:25+00:00\",\"description\":\"TRADER\u2019s full suite of dealer products offers a variety of digital solutions to help all dealers \u2013 big or small, independent or franchise, rural or urban \u2013 find a solution that\u2019s right for them.\",\"breadcrumb\":{\"@id\":\"https:\\\/\\\/go.trader.ca\\\/fr\\\/commercants\\\/#breadcrumb\"},\"inLanguage\":\"fr-FR\",\"potentialAction\":[{\"@type\":\"ReadAction\",\"target\":[\"https:\\\/\\\/go.trader.ca\\\/fr\\\/commercants\\\/\"]}]},{\"@type\":\"ImageObject\",\"inLanguage\":\"fr-FR\",\"@id\":\"https:\\\/\\\/go.trader.ca\\\/fr\\\/commercants\\\/#primaryimage\",\"url\":\"https:\\\/\\\/go.trader.ca\\\/wp-content\\\/uploads\\\/2015\\\/08\\\/market_place1.jpg\",\"contentUrl\":\"https:\\\/\\\/go.trader.ca\\\/wp-content\\\/uploads\\\/2015\\\/08\\\/market_place1.jpg\"},{\"@type\":\"BreadcrumbList\",\"@id\":\"https:\\\/\\\/go.trader.ca\\\/fr\\\/commercants\\\/#breadcrumb\",\"itemListElement\":[{\"@type\":\"ListItem\",\"position\":1,\"name\":\"Home\",\"item\":\"https:\\\/\\\/go.trader.ca\\\/fr\\\/\"},{\"@type\":\"ListItem\",\"position\":2,\"name\":\"Produits et services\"}]},{\"@type\":\"WebSite\",\"@id\":\"https:\\\/\\\/go.trader.ca\\\/#website\",\"url\":\"https:\\\/\\\/go.trader.ca\\\/\",\"name\":\"AutoTrader.ca & AutoHebdo.net\",\"description\":\"La plus grande et r\u00e9put\u00e9e place d\u2019affaires automobile au Canada\",\"publisher\":{\"@id\":\"https:\\\/\\\/go.trader.ca\\\/#organization\"},\"potentialAction\":[{\"@type\":\"SearchAction\",\"target\":{\"@type\":\"EntryPoint\",\"urlTemplate\":\"https:\\\/\\\/go.trader.ca\\\/?s={search_term_string}\"},\"query-input\":{\"@type\":\"PropertyValueSpecification\",\"valueRequired\":true,\"valueName\":\"search_term_string\"}}],\"inLanguage\":\"fr-FR\"},{\"@type\":\"Organization\",\"@id\":\"https:\\\/\\\/go.trader.ca\\\/#organization\",\"name\":\"AutoTrader.ca & AutoHebdo.net\",\"url\":\"https:\\\/\\\/go.trader.ca\\\/\",\"logo\":{\"@type\":\"ImageObject\",\"inLanguage\":\"fr-FR\",\"@id\":\"https:\\\/\\\/go.trader.ca\\\/#\\\/schema\\\/logo\\\/image\\\/\",\"url\":\"https:\\\/\\\/go.trader.ca\\\/wp-content\\\/uploads\\\/2024\\\/04\\\/Logo-AutoHebdo-FR.png\",\"contentUrl\":\"https:\\\/\\\/go.trader.ca\\\/wp-content\\\/uploads\\\/2024\\\/04\\\/Logo-AutoHebdo-FR.png\",\"width\":484,\"height\":52,\"caption\":\"AutoTrader.ca & AutoHebdo.net\"},\"image\":{\"@id\":\"https:\\\/\\\/go.trader.ca\\\/#\\\/schema\\\/logo\\\/image\\\/\"}}]}<\/script>\n<!-- \/ Yoast SEO plugin. -->","yoast_head_json":{"title":"Produits et services | Soci\u00e9t\u00e9 TRADER","description":"TRADER\u2019s full suite of dealer products offers a variety of digital solutions to help all dealers \u2013 big or small, independent or franchise, rural or urban \u2013 find a solution that\u2019s right for them.","robots":{"index":"index","follow":"follow","max-snippet":"max-snippet:-1","max-image-preview":"max-image-preview:large","max-video-preview":"max-video-preview:-1"},"canonical":"https:\/\/go.trader.ca\/fr\/commercants\/","og_locale":"fr_FR","og_type":"article","og_title":"Produits et services | Soci\u00e9t\u00e9 TRADER","og_description":"TRADER\u2019s full suite of dealer products offers a variety of digital solutions to help all dealers \u2013 big or small, independent or franchise, rural or urban \u2013 find a solution that\u2019s right for them.","og_url":"https:\/\/go.trader.ca\/fr\/commercants\/","og_site_name":"TRADER","article_modified_time":"2026-02-26T13:49:25+00:00","og_image":[{"url":"https:\/\/go.trader.ca\/wp-content\/uploads\/2015\/08\/market_place1.jpg","type":"","width":"","height":""}],"twitter_card":"summary_large_image","twitter_misc":{"Dur\u00e9e de lecture estim\u00e9e":"2 minutes"},"schema":{"@context":"https:\/\/schema.org","@graph":[{"@type":"WebPage","@id":"https:\/\/go.trader.ca\/fr\/commercants\/","url":"https:\/\/go.trader.ca\/fr\/commercants\/","name":"Produits et services | Soci\u00e9t\u00e9 TRADER","isPartOf":{"@id":"https:\/\/go.trader.ca\/#website"},"primaryImageOfPage":{"@id":"https:\/\/go.trader.ca\/fr\/commercants\/#primaryimage"},"image":{"@id":"https:\/\/go.trader.ca\/fr\/commercants\/#primaryimage"},"thumbnailUrl":"https:\/\/go.trader.ca\/wp-content\/uploads\/2015\/08\/market_place1.jpg","datePublished":"2015-07-28T18:45:42+00:00","dateModified":"2026-02-26T13:49:25+00:00","description":"TRADER\u2019s full suite of dealer products offers a variety of digital solutions to help all dealers \u2013 big or small, independent or franchise, rural or urban \u2013 find a solution that\u2019s right for them.","breadcrumb":{"@id":"https:\/\/go.trader.ca\/fr\/commercants\/#breadcrumb"},"inLanguage":"fr-FR","potentialAction":[{"@type":"ReadAction","target":["https:\/\/go.trader.ca\/fr\/commercants\/"]}]},{"@type":"ImageObject","inLanguage":"fr-FR","@id":"https:\/\/go.trader.ca\/fr\/commercants\/#primaryimage","url":"https:\/\/go.trader.ca\/wp-content\/uploads\/2015\/08\/market_place1.jpg","contentUrl":"https:\/\/go.trader.ca\/wp-content\/uploads\/2015\/08\/market_place1.jpg"},{"@type":"BreadcrumbList","@id":"https:\/\/go.trader.ca\/fr\/commercants\/#breadcrumb","itemListElement":[{"@type":"ListItem","position":1,"name":"Home","item":"https:\/\/go.trader.ca\/fr\/"},{"@type":"ListItem","position":2,"name":"Produits et services"}]},{"@type":"WebSite","@id":"https:\/\/go.trader.ca\/#website","url":"https:\/\/go.trader.ca\/","name":"AutoTrader.ca & AutoHebdo.net","description":"La plus grande et r\u00e9put\u00e9e place d\u2019affaires automobile au Canada","publisher":{"@id":"https:\/\/go.trader.ca\/#organization"},"potentialAction":[{"@type":"SearchAction","target":{"@type":"EntryPoint","urlTemplate":"https:\/\/go.trader.ca\/?s={search_term_string}"},"query-input":{"@type":"PropertyValueSpecification","valueRequired":true,"valueName":"search_term_string"}}],"inLanguage":"fr-FR"},{"@type":"Organization","@id":"https:\/\/go.trader.ca\/#organization","name":"AutoTrader.ca & AutoHebdo.net","url":"https:\/\/go.trader.ca\/","logo":{"@type":"ImageObject","inLanguage":"fr-FR","@id":"https:\/\/go.trader.ca\/#\/schema\/logo\/image\/","url":"https:\/\/go.trader.ca\/wp-content\/uploads\/2024\/04\/Logo-AutoHebdo-FR.png","contentUrl":"https:\/\/go.trader.ca\/wp-content\/uploads\/2024\/04\/Logo-AutoHebdo-FR.png","width":484,"height":52,"caption":"AutoTrader.ca & AutoHebdo.net"},"image":{"@id":"https:\/\/go.trader.ca\/#\/schema\/logo\/image\/"}}]}},"_links":{"self":[{"href":"https:\/\/go.trader.ca\/fr\/wp-json\/wp\/v2\/pages\/2600","targetHints":{"allow":["GET"]}}],"collection":[{"href":"https:\/\/go.trader.ca\/fr\/wp-json\/wp\/v2\/pages"}],"about":[{"href":"https:\/\/go.trader.ca\/fr\/wp-json\/wp\/v2\/types\/page"}],"author":[{"embeddable":true,"href":"https:\/\/go.trader.ca\/fr\/wp-json\/wp\/v2\/users\/5"}],"replies":[{"embeddable":true,"href":"https:\/\/go.trader.ca\/fr\/wp-json\/wp\/v2\/comments?post=2600"}],"version-history":[{"count":0,"href":"https:\/\/go.trader.ca\/fr\/wp-json\/wp\/v2\/pages\/2600\/revisions"}],"wp:attachment":[{"href":"https:\/\/go.trader.ca\/fr\/wp-json\/wp\/v2\/media?parent=2600"}],"curies":[{"name":"wp","href":"https:\/\/api.w.org\/{rel}","templated":true}]}}