{"id":2596,"date":"2015-07-29T15:32:26","date_gmt":"2015-07-29T19:32:26","guid":{"rendered":"http:\/\/trader.brainyyack.ca\/fr\/cookies-policy\/"},"modified":"2025-09-12T10:56:31","modified_gmt":"2025-09-12T14:56:31","slug":"politique-cookies","status":"publish","type":"page","link":"https:\/\/go.trader.ca\/fr\/politique-cookies\/","title":{"rendered":"Politique Cookies"},"content":{"rendered":"<div class=\"wpb-content-wrapper\"><p>[vc_row][vc_column][vc_column_text css=\u00a0\u00bb.vc_custom_1757688433988{margin-bottom: 40px !important;}\u00a0\u00bb]<strong>DONN\u00c9ES DE SUIVI ET COOKIES<\/strong><\/p>\n<p>Afin de personnaliser votre exp\u00e9rience, nous utilisons des technologies et des outils de suivi sur nos sites Web et applications. Par exemple, nous utilisons des t\u00e9moins, c\u2019est-\u00e0-dire des t\u00e9moins d\u2019identification envoy\u00e9s par un serveur Web et stock\u00e9s sur votre appareil pour identifier votre navigateur et enregistrer des renseignements ou des param\u00e8tres dans votre navigateur. De m\u00eame, nous utilisons des pixels, des balises et d\u2019autres technologies (\u00ab Outils Web \u00bb).<\/p>\n<p><strong>Outils Web essentiels<\/strong> \u2013 Nous utilisons des outils Web essentiels pour vous proposer certaines fonctionnalit\u00e9s sur nos Sites Web, pour garantir la s\u00e9curit\u00e9 de votre exp\u00e9rience de navigation en ligne, pour d\u00e9tecter ou pr\u00e9venir la fraude et enqu\u00eater, ainsi que pour recueillir des renseignements associ\u00e9s \u00e0 votre utilisation de nos sites Web.<\/p>\n<p><strong>Outils Web non essentiels<\/strong> \u2013 Nous utilisons \u00e9galement des outils Web non essentiels pour am\u00e9liorer votre exp\u00e9rience en vous pr\u00e9sentant du contenu personnalis\u00e9. Par exemple, enregistrer votre pr\u00e9f\u00e9rence de langue de navigation et d\u2019autres pr\u00e9f\u00e9rences semblables pour vous pr\u00e9senter des offres susceptibles de vous int\u00e9resser. Ces outils permettent \u00e9galement \u00e0 nos annonceurs tiers de personnaliser votre exp\u00e9rience en ligne et de vous pr\u00e9senter des annonces en fonction de vos int\u00e9r\u00eats.<\/p>\n<p><strong>Renseignements personnels agr\u00e9g\u00e9s<\/strong> \u2013 Nous pouvons regrouper vos renseignements personnels concernant votre utilisation de nos sites Web, d\u2019autres sites Web, vos appareils et applications mobiles avec les renseignements personnels d\u2019autres personnes, ou provenant de nos soci\u00e9t\u00e9s affili\u00e9es et d\u2019autres sources. Nous utilisons ces renseignements sous une forme anonymis\u00e9s, ce qui signifie qu\u2019ils ne permettent pas de vous identifier.<\/p>\n<p>[\/vc_column_text][\/vc_column][\/vc_row][vc_row][vc_column][vc_empty_space height=\u00a0\u00bb50px\u00a0\u00bb][\/vc_column][\/vc_row]<\/p>\n<\/div>","protected":false},"excerpt":{"rendered":"<p>[vc_row][vc_column][vc_column_text css=\u00a0\u00bb.vc_custom_1757688433988{margin-bottom: 40px !important;}\u00a0\u00bb]DONN\u00c9ES DE SUIVI ET COOKIES Afin de personnaliser votre exp\u00e9rience, nous utilisons des technologies et des outils de suivi sur nos sites Web et applications. Par exemple, nous utilisons des t\u00e9moins, c\u2019est-\u00e0-dire des t\u00e9moins d\u2019identification envoy\u00e9s par un serveur Web et stock\u00e9s sur votre appareil pour identifier votre navigateur et enregistrer des<\/p>\n","protected":false},"author":5,"featured_media":0,"parent":0,"menu_order":0,"comment_status":"closed","ping_status":"closed","template":"page-with-title.php","meta":{"site-sidebar-layout":"no-sidebar","site-content-layout":"plain-container","ast-site-content-layout":"normal-width-container","site-content-style":"unboxed","site-sidebar-style":"unboxed","ast-global-header-display":"","ast-banner-title-visibility":"","ast-main-header-display":"","ast-hfb-above-header-display":"","ast-hfb-below-header-display":"","ast-hfb-mobile-header-display":"","site-post-title":"disabled","ast-breadcrumbs-content":"","ast-featured-img":"disabled","footer-sml-layout":"","ast-disable-related-posts":"","theme-transparent-header-meta":"default","adv-header-id-meta":"","stick-header-meta":"","header-above-stick-meta":"","header-main-stick-meta":"","header-below-stick-meta":"","astra-migrate-meta-layouts":"set","ast-page-background-enabled":"default","ast-page-background-meta":{"desktop":{"background-color":"var(--ast-global-color-4)","background-image":"","background-repeat":"repeat","background-position":"center center","background-size":"auto","background-attachment":"scroll","background-type":"","background-media":"","overlay-type":"","overlay-color":"","overlay-opacity":"","overlay-gradient":""},"tablet":{"background-color":"","background-image":"","background-repeat":"repeat","background-position":"center center","background-size":"auto","background-attachment":"scroll","background-type":"","background-media":"","overlay-type":"","overlay-color":"","overlay-opacity":"","overlay-gradient":""},"mobile":{"background-color":"","background-image":"","background-repeat":"repeat","background-position":"center center","background-size":"auto","background-attachment":"scroll","background-type":"","background-media":"","overlay-type":"","overlay-color":"","overlay-opacity":"","overlay-gradient":""}},"ast-content-background-meta":{"desktop":{"background-color":"var(--ast-global-color-5)","background-image":"","background-repeat":"repeat","background-position":"center center","background-size":"auto","background-attachment":"scroll","background-type":"","background-media":"","overlay-type":"","overlay-color":"","overlay-opacity":"","overlay-gradient":""},"tablet":{"background-color":"var(--ast-global-color-5)","background-image":"","background-repeat":"repeat","background-position":"center center","background-size":"auto","background-attachment":"scroll","background-type":"","background-media":"","overlay-type":"","overlay-color":"","overlay-opacity":"","overlay-gradient":""},"mobile":{"background-color":"var(--ast-global-color-5)","background-image":"","background-repeat":"repeat","background-position":"center center","background-size":"auto","background-attachment":"scroll","background-type":"","background-media":"","overlay-type":"","overlay-color":"","overlay-opacity":"","overlay-gradient":""}},"footnotes":""},"class_list":["post-2596","page","type-page","status-publish","hentry"],"acf":[],"yoast_head":"<!-- This site is optimized with the Yoast SEO plugin v27.3 - https:\/\/yoast.com\/product\/yoast-seo-wordpress\/ -->\n<title>Politique Cookies | Soci\u00e9t\u00e9 TRADER<\/title>\n<meta name=\"robots\" content=\"index, follow, max-snippet:-1, max-image-preview:large, max-video-preview:-1\" \/>\n<link rel=\"canonical\" href=\"https:\/\/go.trader.ca\/fr\/politique-cookies\/\" \/>\n<meta property=\"og:locale\" content=\"fr_FR\" \/>\n<meta property=\"og:type\" content=\"article\" \/>\n<meta property=\"og:title\" content=\"Politique Cookies | Soci\u00e9t\u00e9 TRADER\" \/>\n<meta property=\"og:description\" content=\"[vc_row][vc_column][vc_column_text css=\u00a0\u00bb.vc_custom_1757688433988{margin-bottom: 40px !important;}\u00a0\u00bb]DONN\u00c9ES DE SUIVI ET COOKIES Afin de personnaliser votre exp\u00e9rience, nous utilisons des technologies et des outils de suivi sur nos sites Web et applications. Par exemple, nous utilisons des t\u00e9moins, c\u2019est-\u00e0-dire des t\u00e9moins d\u2019identification envoy\u00e9s par un serveur Web et stock\u00e9s sur votre appareil pour identifier votre navigateur et enregistrer des\" \/>\n<meta property=\"og:url\" content=\"https:\/\/go.trader.ca\/fr\/politique-cookies\/\" \/>\n<meta property=\"og:site_name\" content=\"TRADER\" \/>\n<meta property=\"article:modified_time\" content=\"2025-09-12T14:56:31+00:00\" \/>\n<meta name=\"twitter:card\" content=\"summary_large_image\" \/>\n<meta name=\"twitter:label1\" content=\"Dur\u00e9e de lecture estim\u00e9e\" \/>\n\t<meta name=\"twitter:data1\" content=\"2 minutes\" \/>\n<script type=\"application\/ld+json\" class=\"yoast-schema-graph\">{\"@context\":\"https:\\\/\\\/schema.org\",\"@graph\":[{\"@type\":\"WebPage\",\"@id\":\"https:\\\/\\\/go.trader.ca\\\/fr\\\/politique-cookies\\\/\",\"url\":\"https:\\\/\\\/go.trader.ca\\\/fr\\\/politique-cookies\\\/\",\"name\":\"Politique Cookies | Soci\u00e9t\u00e9 TRADER\",\"isPartOf\":{\"@id\":\"https:\\\/\\\/go.trader.ca\\\/#website\"},\"datePublished\":\"2015-07-29T19:32:26+00:00\",\"dateModified\":\"2025-09-12T14:56:31+00:00\",\"breadcrumb\":{\"@id\":\"https:\\\/\\\/go.trader.ca\\\/fr\\\/politique-cookies\\\/#breadcrumb\"},\"inLanguage\":\"fr-FR\",\"potentialAction\":[{\"@type\":\"ReadAction\",\"target\":[\"https:\\\/\\\/go.trader.ca\\\/fr\\\/politique-cookies\\\/\"]}]},{\"@type\":\"BreadcrumbList\",\"@id\":\"https:\\\/\\\/go.trader.ca\\\/fr\\\/politique-cookies\\\/#breadcrumb\",\"itemListElement\":[{\"@type\":\"ListItem\",\"position\":1,\"name\":\"Home\",\"item\":\"https:\\\/\\\/go.trader.ca\\\/fr\\\/\"},{\"@type\":\"ListItem\",\"position\":2,\"name\":\"Politique Cookies\"}]},{\"@type\":\"WebSite\",\"@id\":\"https:\\\/\\\/go.trader.ca\\\/#website\",\"url\":\"https:\\\/\\\/go.trader.ca\\\/\",\"name\":\"AutoTrader.ca & AutoHebdo.net\",\"description\":\"La plus grande et r\u00e9put\u00e9e place d\u2019affaires automobile au Canada\",\"publisher\":{\"@id\":\"https:\\\/\\\/go.trader.ca\\\/#organization\"},\"potentialAction\":[{\"@type\":\"SearchAction\",\"target\":{\"@type\":\"EntryPoint\",\"urlTemplate\":\"https:\\\/\\\/go.trader.ca\\\/?s={search_term_string}\"},\"query-input\":{\"@type\":\"PropertyValueSpecification\",\"valueRequired\":true,\"valueName\":\"search_term_string\"}}],\"inLanguage\":\"fr-FR\"},{\"@type\":\"Organization\",\"@id\":\"https:\\\/\\\/go.trader.ca\\\/#organization\",\"name\":\"AutoTrader.ca & AutoHebdo.net\",\"url\":\"https:\\\/\\\/go.trader.ca\\\/\",\"logo\":{\"@type\":\"ImageObject\",\"inLanguage\":\"fr-FR\",\"@id\":\"https:\\\/\\\/go.trader.ca\\\/#\\\/schema\\\/logo\\\/image\\\/\",\"url\":\"https:\\\/\\\/go.trader.ca\\\/wp-content\\\/uploads\\\/2024\\\/04\\\/Logo-AutoHebdo-FR.png\",\"contentUrl\":\"https:\\\/\\\/go.trader.ca\\\/wp-content\\\/uploads\\\/2024\\\/04\\\/Logo-AutoHebdo-FR.png\",\"width\":484,\"height\":52,\"caption\":\"AutoTrader.ca & AutoHebdo.net\"},\"image\":{\"@id\":\"https:\\\/\\\/go.trader.ca\\\/#\\\/schema\\\/logo\\\/image\\\/\"}}]}<\/script>\n<!-- \/ Yoast SEO plugin. -->","yoast_head_json":{"title":"Politique Cookies | Soci\u00e9t\u00e9 TRADER","robots":{"index":"index","follow":"follow","max-snippet":"max-snippet:-1","max-image-preview":"max-image-preview:large","max-video-preview":"max-video-preview:-1"},"canonical":"https:\/\/go.trader.ca\/fr\/politique-cookies\/","og_locale":"fr_FR","og_type":"article","og_title":"Politique Cookies | Soci\u00e9t\u00e9 TRADER","og_description":"[vc_row][vc_column][vc_column_text css=\u00a0\u00bb.vc_custom_1757688433988{margin-bottom: 40px !important;}\u00a0\u00bb]DONN\u00c9ES DE SUIVI ET COOKIES Afin de personnaliser votre exp\u00e9rience, nous utilisons des technologies et des outils de suivi sur nos sites Web et applications. Par exemple, nous utilisons des t\u00e9moins, c\u2019est-\u00e0-dire des t\u00e9moins d\u2019identification envoy\u00e9s par un serveur Web et stock\u00e9s sur votre appareil pour identifier votre navigateur et enregistrer des","og_url":"https:\/\/go.trader.ca\/fr\/politique-cookies\/","og_site_name":"TRADER","article_modified_time":"2025-09-12T14:56:31+00:00","twitter_card":"summary_large_image","twitter_misc":{"Dur\u00e9e de lecture estim\u00e9e":"2 minutes"},"schema":{"@context":"https:\/\/schema.org","@graph":[{"@type":"WebPage","@id":"https:\/\/go.trader.ca\/fr\/politique-cookies\/","url":"https:\/\/go.trader.ca\/fr\/politique-cookies\/","name":"Politique Cookies | Soci\u00e9t\u00e9 TRADER","isPartOf":{"@id":"https:\/\/go.trader.ca\/#website"},"datePublished":"2015-07-29T19:32:26+00:00","dateModified":"2025-09-12T14:56:31+00:00","breadcrumb":{"@id":"https:\/\/go.trader.ca\/fr\/politique-cookies\/#breadcrumb"},"inLanguage":"fr-FR","potentialAction":[{"@type":"ReadAction","target":["https:\/\/go.trader.ca\/fr\/politique-cookies\/"]}]},{"@type":"BreadcrumbList","@id":"https:\/\/go.trader.ca\/fr\/politique-cookies\/#breadcrumb","itemListElement":[{"@type":"ListItem","position":1,"name":"Home","item":"https:\/\/go.trader.ca\/fr\/"},{"@type":"ListItem","position":2,"name":"Politique Cookies"}]},{"@type":"WebSite","@id":"https:\/\/go.trader.ca\/#website","url":"https:\/\/go.trader.ca\/","name":"AutoTrader.ca & AutoHebdo.net","description":"La plus grande et r\u00e9put\u00e9e place d\u2019affaires automobile au Canada","publisher":{"@id":"https:\/\/go.trader.ca\/#organization"},"potentialAction":[{"@type":"SearchAction","target":{"@type":"EntryPoint","urlTemplate":"https:\/\/go.trader.ca\/?s={search_term_string}"},"query-input":{"@type":"PropertyValueSpecification","valueRequired":true,"valueName":"search_term_string"}}],"inLanguage":"fr-FR"},{"@type":"Organization","@id":"https:\/\/go.trader.ca\/#organization","name":"AutoTrader.ca & AutoHebdo.net","url":"https:\/\/go.trader.ca\/","logo":{"@type":"ImageObject","inLanguage":"fr-FR","@id":"https:\/\/go.trader.ca\/#\/schema\/logo\/image\/","url":"https:\/\/go.trader.ca\/wp-content\/uploads\/2024\/04\/Logo-AutoHebdo-FR.png","contentUrl":"https:\/\/go.trader.ca\/wp-content\/uploads\/2024\/04\/Logo-AutoHebdo-FR.png","width":484,"height":52,"caption":"AutoTrader.ca & AutoHebdo.net"},"image":{"@id":"https:\/\/go.trader.ca\/#\/schema\/logo\/image\/"}}]}},"_links":{"self":[{"href":"https:\/\/go.trader.ca\/fr\/wp-json\/wp\/v2\/pages\/2596","targetHints":{"allow":["GET"]}}],"collection":[{"href":"https:\/\/go.trader.ca\/fr\/wp-json\/wp\/v2\/pages"}],"about":[{"href":"https:\/\/go.trader.ca\/fr\/wp-json\/wp\/v2\/types\/page"}],"author":[{"embeddable":true,"href":"https:\/\/go.trader.ca\/fr\/wp-json\/wp\/v2\/users\/5"}],"replies":[{"embeddable":true,"href":"https:\/\/go.trader.ca\/fr\/wp-json\/wp\/v2\/comments?post=2596"}],"version-history":[{"count":0,"href":"https:\/\/go.trader.ca\/fr\/wp-json\/wp\/v2\/pages\/2596\/revisions"}],"wp:attachment":[{"href":"https:\/\/go.trader.ca\/fr\/wp-json\/wp\/v2\/media?parent=2596"}],"curies":[{"name":"wp","href":"https:\/\/api.w.org\/{rel}","templated":true}]}}