{"id":2591,"date":"2015-08-29T09:01:49","date_gmt":"2015-08-29T13:01:49","guid":{"rendered":"http:\/\/trader.brainyyack.ca\/fr\/consommateurs\/autotrader-ca\/"},"modified":"2026-02-26T09:02:56","modified_gmt":"2026-02-26T14:02:56","slug":"autohebdo-net","status":"publish","type":"page","link":"https:\/\/go.trader.ca\/fr\/consommateurs\/autohebdo-net\/","title":{"rendered":"AutoHebdo.net"},"content":{"rendered":"<div class=\"wpb-content-wrapper\"><p>[vc_row gap=\u00a0\u00bb30&Prime; equal_height=\u00a0\u00bbyes\u00a0\u00bb content_placement=\u00a0\u00bbmiddle\u00a0\u00bb][vc_column width=\u00a0\u00bb1\/2&Prime;][vc_column_text]<\/p>\n<h2>La meilleure ressource pour trouver un v\u00e9hicule au Canada. C&rsquo;est pourqu&rsquo;oi AutoHebdo.net attire des acheteurs d\u00e9termin\u00e9s.<\/h2>\n<p>[\/vc_column_text][vc_empty_space height=\u00a0\u00bb20px\u00a0\u00bb][vc_column_text css=\u00a0\u00bb.vc_custom_1719290959873{padding-right: 50px !important;padding-bottom: 20px !important;}\u00a0\u00bb]<\/p>\n<p style=\"text-align: left;\">Nous offrons aux consommateurs la possibilit\u00e9 de magasiner du confort de leur foyer ou \u00e0 l&rsquo;ext\u00e9rieur de celui-ci, possiblement de la cour du commer\u00e7ant. C&rsquo;est ainsi que AutoHebdo.net s&rsquo;y prend pour g\u00e9n\u00e9rer des clients potentiels de qualit\u00e9 sup\u00e9rieure \u00e0 celle de la concurrence.<\/p>\n<p>[\/vc_column_text][vc_empty_space height=\u00a0\u00bb20px\u00a0\u00bb][vc_btn title=\u00a0\u00bbVISITER AutoHebdo.net\u00a0\u00bb style=\u00a0\u00bbcustom\u00a0\u00bb custom_background=\u00a0\u00bb\u00a0\u00bb custom_text=\u00a0\u00bb#ffffff\u00a0\u00bb shape=\u00a0\u00bbround\u00a0\u00bb el_class=\u00a0\u00bbbutton-grey\u00a0\u00bb link=\u00a0\u00bburl:https%3A%2F%2Fwww.autohebdo.net%2F||target:%20_blank\u00a0\u00bb][vc_empty_space height=\u00a0\u00bb50px\u00a0\u00bb][\/vc_column][vc_column width=\u00a0\u00bb1\/2&Prime;][vc_single_image image=\u00a0\u00bb14110&Prime; img_size=\u00a0\u00bbfull\u00a0\u00bb alignment=\u00a0\u00bbcenter\u00a0\u00bb css=\u00a0\u00bb\u00a0\u00bb][vc_empty_space height=\u00a0\u00bb50px\u00a0\u00bb][\/vc_column][\/vc_row][vc_row full_width=\u00a0\u00bbstretch_row\u00a0\u00bb css=\u00a0\u00bb.vc_custom_1719290989722{background-color: #555555 !important;}\u00a0\u00bb el_class=\u00a0\u00bbwhiteh4&Prime;][vc_column][vc_empty_space height=\u00a0\u00bb50px\u00a0\u00bb][vc_column_text]<\/p>\n<h2 style=\"text-align: center; color: #fff;\">AutoHebdo.net \/ AutoTrader.ca en bref<\/h2>\n<p>[\/vc_column_text][vc_empty_space height=\u00a0\u00bb20px\u00a0\u00bb][vc_row_inner][vc_column_inner width=\u00a0\u00bb1\/3&Prime;][vc_single_image image=\u00a0\u00bb7506&Prime; img_size=\u00a0\u00bbfull\u00a0\u00bb alignment=\u00a0\u00bbcenter\u00a0\u00bb][vc_column_text]<\/p>\n<h3 style=\"text-align: center; color: #ffffff;\">400 000+<br \/>\nannonces de v\u00e9hicules<\/h3>\n<p>[\/vc_column_text][\/vc_column_inner][vc_column_inner width=\u00a0\u00bb1\/3&Prime;][vc_single_image image=\u00a0\u00bb7508&Prime; img_size=\u00a0\u00bbfull\u00a0\u00bb alignment=\u00a0\u00bbcenter\u00a0\u00bb][vc_column_text css=\u00a0\u00bb.vc_custom_1719291217528{padding-top: 10px !important;}\u00a0\u00bb]<\/p>\n<h3 style=\"text-align: center; color: #ffffff;\">26M+<br \/>\nde visits par mois<\/h3>\n<p>[\/vc_column_text][\/vc_column_inner][vc_column_inner width=\u00a0\u00bb1\/3&Prime;][vc_single_image image=\u00a0\u00bb7509&Prime; img_size=\u00a0\u00bbfull\u00a0\u00bb alignment=\u00a0\u00bbcenter\u00a0\u00bb][vc_column_text]<\/p>\n<h3 style=\"text-align: center; color: #ffffff;\">6M+<br \/>\nde t\u00e9l\u00e9chargements,<br \/>\nnote de 4,5\/5 \u00e9toiles<\/h3>\n<p>[\/vc_column_text][\/vc_column_inner][\/vc_row_inner][vc_empty_space height=\u00a0\u00bb50px\u00a0\u00bb][\/vc_column][\/vc_row][vc_row el_class=\u00a0\u00bbautotrader\u00a0\u00bb][vc_column][vc_empty_space height=\u00a0\u00bb50px\u00a0\u00bb][vc_column_text css=\u00a0\u00bb.vc_custom_1719291361069{margin-top: 40px !important;padding-bottom: 50px !important;}\u00a0\u00bb]<\/p>\n<h2 style=\"text-align: center;\">AutoHebdo.net est con\u00e7u pour stimuler vos ventes et pour rendre visibles vos v\u00e9hicules sur la place d&rsquo;affaires:<\/h2>\n<p>[\/vc_column_text][vc_empty_space height=\u00a0\u00bb20px\u00a0\u00bb][vc_row_inner el_class=\u00a0\u00bbautotrader\u00a0\u00bb][vc_column_inner width=\u00a0\u00bb1\/4&Prime;][vc_column_text]<img loading=\"lazy\" decoding=\"async\" class=\"aligncenter wp-image-1631 size-full\" src=\"http:\/\/go.trader.ca\/wp-content\/uploads\/2015\/08\/CONSUMERPRODUCTS_autoTRADER_07.png\" alt=\"\" width=\"150\" height=\"130\" \/><\/p>\n<h4 style=\"text-align: center;\">Qui accro\u00eet constamment son nombre d\u2019annonces et son trafic<\/h4>\n<p>[\/vc_column_text][\/vc_column_inner][vc_column_inner width=\u00a0\u00bb1\/4&Prime;][vc_column_text]<img loading=\"lazy\" decoding=\"async\" class=\"aligncenter wp-image-1632 size-full\" src=\"http:\/\/go.trader.ca\/wp-content\/uploads\/2015\/08\/CONSUMERPRODUCTS_autoTRADER_07-09.png\" alt=\"\" width=\"150\" height=\"130\" \/><\/p>\n<h4 style=\"text-align: center;\">Qui procure les plus pr\u00e9cis rapports de performances<\/h4>\n<p>[\/vc_column_text][\/vc_column_inner][vc_column_inner width=\u00a0\u00bb1\/4&Prime;][vc_column_text]<img loading=\"lazy\" decoding=\"async\" class=\"aligncenter wp-image-1633 size-full\" src=\"http:\/\/go.trader.ca\/wp-content\/uploads\/2015\/08\/CONSUMERPRODUCTS_autoTRADER_07-11.png\" alt=\"\" width=\"150\" height=\"130\" \/><\/p>\n<h4 style=\"text-align: center;\">Qui r\u00e9f\u00e8re les clients potentiels de la plus haute qualit\u00e9 vers les sites des commer\u00e7ants<\/h4>\n<p>[\/vc_column_text][\/vc_column_inner][vc_column_inner width=\u00a0\u00bb1\/4&Prime;][vc_column_text]<img loading=\"lazy\" decoding=\"async\" class=\"aligncenter wp-image-1634 size-full\" src=\"http:\/\/go.trader.ca\/wp-content\/uploads\/2015\/08\/CONSUMERPRODUCTS_autoTRADER_07-13.png\" alt=\"\" width=\"150\" height=\"130\" \/><\/p>\n<h4 style=\"text-align: center;\">T\u00e9l\u00e9chargez l&rsquo;appli AutoHebdo.net<\/h4>\n<p>[\/vc_column_text][\/vc_column_inner][\/vc_row_inner][vc_empty_space height=\u00a0\u00bb50px\u00a0\u00bb][\/vc_column][\/vc_row][vc_row full_width=\u00a0\u00bbstretch_row\u00a0\u00bb content_placement=\u00a0\u00bbmiddle\u00a0\u00bb css=\u00a0\u00bb.vc_custom_1719291340071{background-color: #e1e1e1 !important;}\u00a0\u00bb][vc_column][vc_empty_space height=\u00a0\u00bb50px\u00a0\u00bb][vc_row_inner content_placement=\u00a0\u00bbmiddle\u00a0\u00bb][vc_column_inner width=\u00a0\u00bb1\/2&Prime;][vc_column_text css=\u00a0\u00bb.vc_custom_1698259132333{margin-top: 30px !important;margin-bottom: 20px !important;}\u00a0\u00bb]<\/p>\n<h2>T\u00e9l\u00e9chargez l&rsquo;appli AutoHebdo.net<\/h2>\n<p>[\/vc_column_text][vc_column_text]Cliquer ci-dessous pour installer l\u2019application mobile AutoHebdo.net, disponible sur iOs et Android![\/vc_column_text][vc_empty_space height=\u00a0\u00bb30px\u00a0\u00bb][vc_column_text]<a href=\"http:\/\/itunes.apple.com\/ca\/app\/autotrader.ca-new-used-cars\/id368660809?mt=8\" target=\"_blank\" rel=\"noopener noreferrer\"><img decoding=\"async\" style=\"border-width: 0px;\" src=\"https:\/\/go.trader.ca\/wp-content\/uploads\/2022\/05\/capture-dealerapp-download-fr.png\" alt=\"AutoTrader.ca Mobile App for iOs\" \/><\/a> <a href=\"https:\/\/play.google.com\/store\/apps\/details?id=ca.autotrader.userapp\" target=\"_blank\" rel=\"noopener noreferrer\"><img decoding=\"async\" style=\"border-width: 0px;\" src=\"https:\/\/go.trader.ca\/wp-content\/uploads\/2022\/05\/capture-dealerapp-download-google-fr.png\" alt=\"AutoTrader.ca Mobile App for Android\" \/><\/a>[\/vc_column_text][\/vc_column_inner][vc_column_inner width=\u00a0\u00bb1\/2&Prime;][vc_single_image image=\u00a0\u00bb14060&Prime; img_size=\u00a0\u00bbfull\u00a0\u00bb alignment=\u00a0\u00bbcenter\u00a0\u00bb css=\u00a0\u00bb\u00a0\u00bb][\/vc_column_inner][\/vc_row_inner][vc_empty_space height=\u00a0\u00bb50px\u00a0\u00bb][\/vc_column][\/vc_row]<\/p>\n<\/div>","protected":false},"excerpt":{"rendered":"<p>[vc_row gap=\u00a0\u00bb30&Prime; equal_height=\u00a0\u00bbyes\u00a0\u00bb content_placement=\u00a0\u00bbmiddle\u00a0\u00bb][vc_column width=\u00a0\u00bb1\/2&Prime;][vc_column_text] La meilleure ressource pour trouver un v\u00e9hicule au Canada. C&rsquo;est pourqu&rsquo;oi AutoHebdo.net attire des acheteurs d\u00e9termin\u00e9s. [\/vc_column_text][vc_empty_space height=\u00a0\u00bb20px\u00a0\u00bb][vc_column_text css=\u00a0\u00bb.vc_custom_1719290959873{padding-right: 50px !important;padding-bottom: 20px !important;}\u00a0\u00bb] Nous offrons aux consommateurs la possibilit\u00e9 de magasiner du confort de leur foyer ou \u00e0 l&rsquo;ext\u00e9rieur de celui-ci, possiblement de la cour du commer\u00e7ant. C&rsquo;est ainsi que<\/p>\n","protected":false},"author":5,"featured_media":0,"parent":2579,"menu_order":0,"comment_status":"closed","ping_status":"closed","template":"page-with-title.php","meta":{"site-sidebar-layout":"no-sidebar","site-content-layout":"plain-container","ast-site-content-layout":"normal-width-container","site-content-style":"unboxed","site-sidebar-style":"unboxed","ast-global-header-display":"","ast-banner-title-visibility":"","ast-main-header-display":"","ast-hfb-above-header-display":"","ast-hfb-below-header-display":"","ast-hfb-mobile-header-display":"","site-post-title":"disabled","ast-breadcrumbs-content":"","ast-featured-img":"disabled","footer-sml-layout":"","ast-disable-related-posts":"","theme-transparent-header-meta":"default","adv-header-id-meta":"","stick-header-meta":"","header-above-stick-meta":"","header-main-stick-meta":"","header-below-stick-meta":"","astra-migrate-meta-layouts":"set","ast-page-background-enabled":"default","ast-page-background-meta":{"desktop":{"background-color":"var(--ast-global-color-4)","background-image":"","background-repeat":"repeat","background-position":"center center","background-size":"auto","background-attachment":"scroll","background-type":"","background-media":"","overlay-type":"","overlay-color":"","overlay-opacity":"","overlay-gradient":""},"tablet":{"background-color":"","background-image":"","background-repeat":"repeat","background-position":"center center","background-size":"auto","background-attachment":"scroll","background-type":"","background-media":"","overlay-type":"","overlay-color":"","overlay-opacity":"","overlay-gradient":""},"mobile":{"background-color":"","background-image":"","background-repeat":"repeat","background-position":"center center","background-size":"auto","background-attachment":"scroll","background-type":"","background-media":"","overlay-type":"","overlay-color":"","overlay-opacity":"","overlay-gradient":""}},"ast-content-background-meta":{"desktop":{"background-color":"var(--ast-global-color-5)","background-image":"","background-repeat":"repeat","background-position":"center center","background-size":"auto","background-attachment":"scroll","background-type":"","background-media":"","overlay-type":"","overlay-color":"","overlay-opacity":"","overlay-gradient":""},"tablet":{"background-color":"var(--ast-global-color-5)","background-image":"","background-repeat":"repeat","background-position":"center center","background-size":"auto","background-attachment":"scroll","background-type":"","background-media":"","overlay-type":"","overlay-color":"","overlay-opacity":"","overlay-gradient":""},"mobile":{"background-color":"var(--ast-global-color-5)","background-image":"","background-repeat":"repeat","background-position":"center center","background-size":"auto","background-attachment":"scroll","background-type":"","background-media":"","overlay-type":"","overlay-color":"","overlay-opacity":"","overlay-gradient":""}},"footnotes":""},"class_list":["post-2591","page","type-page","status-publish","hentry"],"acf":[],"yoast_head":"<!-- This site is optimized with the Yoast SEO plugin v27.3 - https:\/\/yoast.com\/product\/yoast-seo-wordpress\/ -->\n<title>AutoHebdo.net | Soci\u00e9t\u00e9 TRADER<\/title>\n<meta name=\"description\" content=\"There\u2019s no better place search for cars in Canada. That\u2019s why autoTRADER.ca attracts serious Canadian car buyers.\" \/>\n<meta name=\"robots\" content=\"index, follow, max-snippet:-1, max-image-preview:large, max-video-preview:-1\" \/>\n<link rel=\"canonical\" href=\"https:\/\/go.trader.ca\/fr\/consommateurs\/autohebdo-net\/\" \/>\n<meta property=\"og:locale\" content=\"fr_FR\" \/>\n<meta property=\"og:type\" content=\"article\" \/>\n<meta property=\"og:title\" content=\"AutoHebdo.net | Soci\u00e9t\u00e9 TRADER\" \/>\n<meta property=\"og:description\" content=\"There\u2019s no better place search for cars in Canada. That\u2019s why autoTRADER.ca attracts serious Canadian car buyers.\" \/>\n<meta property=\"og:url\" content=\"https:\/\/go.trader.ca\/fr\/consommateurs\/autohebdo-net\/\" \/>\n<meta property=\"og:site_name\" content=\"TRADER\" \/>\n<meta property=\"article:modified_time\" content=\"2026-02-26T14:02:56+00:00\" \/>\n<meta property=\"og:image\" content=\"http:\/\/go.trader.ca\/wp-content\/uploads\/2015\/08\/CONSUMERPRODUCTS_autoTRADER_07.png\" \/>\n<meta name=\"twitter:card\" content=\"summary_large_image\" \/>\n<meta name=\"twitter:label1\" content=\"Dur\u00e9e de lecture estim\u00e9e\" \/>\n\t<meta name=\"twitter:data1\" content=\"3 minutes\" \/>\n<script type=\"application\/ld+json\" class=\"yoast-schema-graph\">{\"@context\":\"https:\\\/\\\/schema.org\",\"@graph\":[{\"@type\":\"WebPage\",\"@id\":\"https:\\\/\\\/go.trader.ca\\\/fr\\\/consommateurs\\\/autohebdo-net\\\/\",\"url\":\"https:\\\/\\\/go.trader.ca\\\/fr\\\/consommateurs\\\/autohebdo-net\\\/\",\"name\":\"AutoHebdo.net | Soci\u00e9t\u00e9 TRADER\",\"isPartOf\":{\"@id\":\"https:\\\/\\\/go.trader.ca\\\/#website\"},\"primaryImageOfPage\":{\"@id\":\"https:\\\/\\\/go.trader.ca\\\/fr\\\/consommateurs\\\/autohebdo-net\\\/#primaryimage\"},\"image\":{\"@id\":\"https:\\\/\\\/go.trader.ca\\\/fr\\\/consommateurs\\\/autohebdo-net\\\/#primaryimage\"},\"thumbnailUrl\":\"http:\\\/\\\/go.trader.ca\\\/wp-content\\\/uploads\\\/2015\\\/08\\\/CONSUMERPRODUCTS_autoTRADER_07.png\",\"datePublished\":\"2015-08-29T13:01:49+00:00\",\"dateModified\":\"2026-02-26T14:02:56+00:00\",\"description\":\"There\u2019s no better place search for cars in Canada. That\u2019s why autoTRADER.ca attracts serious Canadian car buyers.\",\"breadcrumb\":{\"@id\":\"https:\\\/\\\/go.trader.ca\\\/fr\\\/consommateurs\\\/autohebdo-net\\\/#breadcrumb\"},\"inLanguage\":\"fr-FR\",\"potentialAction\":[{\"@type\":\"ReadAction\",\"target\":[\"https:\\\/\\\/go.trader.ca\\\/fr\\\/consommateurs\\\/autohebdo-net\\\/\"]}]},{\"@type\":\"ImageObject\",\"inLanguage\":\"fr-FR\",\"@id\":\"https:\\\/\\\/go.trader.ca\\\/fr\\\/consommateurs\\\/autohebdo-net\\\/#primaryimage\",\"url\":\"http:\\\/\\\/go.trader.ca\\\/wp-content\\\/uploads\\\/2015\\\/08\\\/CONSUMERPRODUCTS_autoTRADER_07.png\",\"contentUrl\":\"http:\\\/\\\/go.trader.ca\\\/wp-content\\\/uploads\\\/2015\\\/08\\\/CONSUMERPRODUCTS_autoTRADER_07.png\"},{\"@type\":\"BreadcrumbList\",\"@id\":\"https:\\\/\\\/go.trader.ca\\\/fr\\\/consommateurs\\\/autohebdo-net\\\/#breadcrumb\",\"itemListElement\":[{\"@type\":\"ListItem\",\"position\":1,\"name\":\"Home\",\"item\":\"https:\\\/\\\/go.trader.ca\\\/fr\\\/\"},{\"@type\":\"ListItem\",\"position\":2,\"name\":\"Consommateurs\",\"item\":\"https:\\\/\\\/go.trader.ca\\\/fr\\\/consommateurs\\\/\"},{\"@type\":\"ListItem\",\"position\":3,\"name\":\"AutoHebdo.net\"}]},{\"@type\":\"WebSite\",\"@id\":\"https:\\\/\\\/go.trader.ca\\\/#website\",\"url\":\"https:\\\/\\\/go.trader.ca\\\/\",\"name\":\"AutoTrader.ca & AutoHebdo.net\",\"description\":\"La plus grande et r\u00e9put\u00e9e place d\u2019affaires automobile au Canada\",\"publisher\":{\"@id\":\"https:\\\/\\\/go.trader.ca\\\/#organization\"},\"potentialAction\":[{\"@type\":\"SearchAction\",\"target\":{\"@type\":\"EntryPoint\",\"urlTemplate\":\"https:\\\/\\\/go.trader.ca\\\/?s={search_term_string}\"},\"query-input\":{\"@type\":\"PropertyValueSpecification\",\"valueRequired\":true,\"valueName\":\"search_term_string\"}}],\"inLanguage\":\"fr-FR\"},{\"@type\":\"Organization\",\"@id\":\"https:\\\/\\\/go.trader.ca\\\/#organization\",\"name\":\"AutoTrader.ca & AutoHebdo.net\",\"url\":\"https:\\\/\\\/go.trader.ca\\\/\",\"logo\":{\"@type\":\"ImageObject\",\"inLanguage\":\"fr-FR\",\"@id\":\"https:\\\/\\\/go.trader.ca\\\/#\\\/schema\\\/logo\\\/image\\\/\",\"url\":\"https:\\\/\\\/go.trader.ca\\\/wp-content\\\/uploads\\\/2024\\\/04\\\/Logo-AutoHebdo-FR.png\",\"contentUrl\":\"https:\\\/\\\/go.trader.ca\\\/wp-content\\\/uploads\\\/2024\\\/04\\\/Logo-AutoHebdo-FR.png\",\"width\":484,\"height\":52,\"caption\":\"AutoTrader.ca & AutoHebdo.net\"},\"image\":{\"@id\":\"https:\\\/\\\/go.trader.ca\\\/#\\\/schema\\\/logo\\\/image\\\/\"}}]}<\/script>\n<!-- \/ Yoast SEO plugin. -->","yoast_head_json":{"title":"AutoHebdo.net | Soci\u00e9t\u00e9 TRADER","description":"There\u2019s no better place search for cars in Canada. That\u2019s why autoTRADER.ca attracts serious Canadian car buyers.","robots":{"index":"index","follow":"follow","max-snippet":"max-snippet:-1","max-image-preview":"max-image-preview:large","max-video-preview":"max-video-preview:-1"},"canonical":"https:\/\/go.trader.ca\/fr\/consommateurs\/autohebdo-net\/","og_locale":"fr_FR","og_type":"article","og_title":"AutoHebdo.net | Soci\u00e9t\u00e9 TRADER","og_description":"There\u2019s no better place search for cars in Canada. That\u2019s why autoTRADER.ca attracts serious Canadian car buyers.","og_url":"https:\/\/go.trader.ca\/fr\/consommateurs\/autohebdo-net\/","og_site_name":"TRADER","article_modified_time":"2026-02-26T14:02:56+00:00","og_image":[{"url":"http:\/\/go.trader.ca\/wp-content\/uploads\/2015\/08\/CONSUMERPRODUCTS_autoTRADER_07.png","type":"","width":"","height":""}],"twitter_card":"summary_large_image","twitter_misc":{"Dur\u00e9e de lecture estim\u00e9e":"3 minutes"},"schema":{"@context":"https:\/\/schema.org","@graph":[{"@type":"WebPage","@id":"https:\/\/go.trader.ca\/fr\/consommateurs\/autohebdo-net\/","url":"https:\/\/go.trader.ca\/fr\/consommateurs\/autohebdo-net\/","name":"AutoHebdo.net | Soci\u00e9t\u00e9 TRADER","isPartOf":{"@id":"https:\/\/go.trader.ca\/#website"},"primaryImageOfPage":{"@id":"https:\/\/go.trader.ca\/fr\/consommateurs\/autohebdo-net\/#primaryimage"},"image":{"@id":"https:\/\/go.trader.ca\/fr\/consommateurs\/autohebdo-net\/#primaryimage"},"thumbnailUrl":"http:\/\/go.trader.ca\/wp-content\/uploads\/2015\/08\/CONSUMERPRODUCTS_autoTRADER_07.png","datePublished":"2015-08-29T13:01:49+00:00","dateModified":"2026-02-26T14:02:56+00:00","description":"There\u2019s no better place search for cars in Canada. That\u2019s why autoTRADER.ca attracts serious Canadian car buyers.","breadcrumb":{"@id":"https:\/\/go.trader.ca\/fr\/consommateurs\/autohebdo-net\/#breadcrumb"},"inLanguage":"fr-FR","potentialAction":[{"@type":"ReadAction","target":["https:\/\/go.trader.ca\/fr\/consommateurs\/autohebdo-net\/"]}]},{"@type":"ImageObject","inLanguage":"fr-FR","@id":"https:\/\/go.trader.ca\/fr\/consommateurs\/autohebdo-net\/#primaryimage","url":"http:\/\/go.trader.ca\/wp-content\/uploads\/2015\/08\/CONSUMERPRODUCTS_autoTRADER_07.png","contentUrl":"http:\/\/go.trader.ca\/wp-content\/uploads\/2015\/08\/CONSUMERPRODUCTS_autoTRADER_07.png"},{"@type":"BreadcrumbList","@id":"https:\/\/go.trader.ca\/fr\/consommateurs\/autohebdo-net\/#breadcrumb","itemListElement":[{"@type":"ListItem","position":1,"name":"Home","item":"https:\/\/go.trader.ca\/fr\/"},{"@type":"ListItem","position":2,"name":"Consommateurs","item":"https:\/\/go.trader.ca\/fr\/consommateurs\/"},{"@type":"ListItem","position":3,"name":"AutoHebdo.net"}]},{"@type":"WebSite","@id":"https:\/\/go.trader.ca\/#website","url":"https:\/\/go.trader.ca\/","name":"AutoTrader.ca & AutoHebdo.net","description":"La plus grande et r\u00e9put\u00e9e place d\u2019affaires automobile au Canada","publisher":{"@id":"https:\/\/go.trader.ca\/#organization"},"potentialAction":[{"@type":"SearchAction","target":{"@type":"EntryPoint","urlTemplate":"https:\/\/go.trader.ca\/?s={search_term_string}"},"query-input":{"@type":"PropertyValueSpecification","valueRequired":true,"valueName":"search_term_string"}}],"inLanguage":"fr-FR"},{"@type":"Organization","@id":"https:\/\/go.trader.ca\/#organization","name":"AutoTrader.ca & AutoHebdo.net","url":"https:\/\/go.trader.ca\/","logo":{"@type":"ImageObject","inLanguage":"fr-FR","@id":"https:\/\/go.trader.ca\/#\/schema\/logo\/image\/","url":"https:\/\/go.trader.ca\/wp-content\/uploads\/2024\/04\/Logo-AutoHebdo-FR.png","contentUrl":"https:\/\/go.trader.ca\/wp-content\/uploads\/2024\/04\/Logo-AutoHebdo-FR.png","width":484,"height":52,"caption":"AutoTrader.ca & AutoHebdo.net"},"image":{"@id":"https:\/\/go.trader.ca\/#\/schema\/logo\/image\/"}}]}},"_links":{"self":[{"href":"https:\/\/go.trader.ca\/fr\/wp-json\/wp\/v2\/pages\/2591","targetHints":{"allow":["GET"]}}],"collection":[{"href":"https:\/\/go.trader.ca\/fr\/wp-json\/wp\/v2\/pages"}],"about":[{"href":"https:\/\/go.trader.ca\/fr\/wp-json\/wp\/v2\/types\/page"}],"author":[{"embeddable":true,"href":"https:\/\/go.trader.ca\/fr\/wp-json\/wp\/v2\/users\/5"}],"replies":[{"embeddable":true,"href":"https:\/\/go.trader.ca\/fr\/wp-json\/wp\/v2\/comments?post=2591"}],"version-history":[{"count":0,"href":"https:\/\/go.trader.ca\/fr\/wp-json\/wp\/v2\/pages\/2591\/revisions"}],"up":[{"embeddable":true,"href":"https:\/\/go.trader.ca\/fr\/wp-json\/wp\/v2\/pages\/2579"}],"wp:attachment":[{"href":"https:\/\/go.trader.ca\/fr\/wp-json\/wp\/v2\/media?parent=2591"}],"curies":[{"name":"wp","href":"https:\/\/api.w.org\/{rel}","templated":true}]}}