{"id":2542,"date":"2015-08-04T05:52:54","date_gmt":"2015-08-04T09:52:54","guid":{"rendered":"http:\/\/trader.brainyyack.ca\/fr\/a-propos\/company\/"},"modified":"2024-09-11T13:42:52","modified_gmt":"2024-09-11T17:42:52","slug":"enterprise","status":"publish","type":"page","link":"https:\/\/go.trader.ca\/fr\/a-propos\/enterprise\/","title":{"rendered":"Entreprise"},"content":{"rendered":"<div class=\"wpb-content-wrapper\"><p>[vc_row gap=\u00a0\u00bb30&Prime; equal_height=\u00a0\u00bbyes\u00a0\u00bb content_placement=\u00a0\u00bbmiddle\u00a0\u00bb][vc_column width=\u00a0\u00bb2\/3&Prime;][vc_column_text]<\/p>\n<h1>La plus grande et r\u00e9put\u00e9e place d\u2019affaires automobile en ligne au Canada<\/h1>\n<p>[\/vc_column_text][vc_empty_space height=\u00a0\u00bb30px\u00a0\u00bb][vc_column_text]AutoHebdo est la plus grande et r\u00e9put\u00e9e place d\u2019affaires automobile au Canada. <strong>Cr\u00e9\u00e9 en 1975<\/strong>, AutoHebdo.net propose le <strong>plus grand nombre d\u2019annonces de v\u00e9hicules neufs et d\u2019occasion<\/strong> tout en attirant le <strong>plus vaste auditoire d\u2019acheteurs automobiles au Canada<\/strong>. AutoHebdo contribue \u00e0 la vente de millions de v\u00e9hicules automobiles aux Canadiens du pays tout entier. La place d\u2019affaires en ligne AutoHebdo.net g\u00e9n\u00e8re chaque mois<strong> plus de 26 millions de visites<\/strong> et l\u2019application AutoHebdo a \u00e9t\u00e9 t\u00e9l\u00e9charg\u00e9e par <strong>plus de 7 millions de Canadiens<\/strong>.<\/p>\n<p>Nos visiteurs utilisent nos plateformes pour acheter ou vendre une auto, un camion ou tout autre v\u00e9hicule rapidement, ais\u00e9ment et en toute confiance. Les acheteurs peuvent trouver le v\u00e9hicule id\u00e9al selon une grande vari\u00e9t\u00e9 de crit\u00e8res, comme la marque, le mod\u00e8le, la couleur et l\u2019emplacement g\u00e9ographique. AutoHebdo.net constitue une destination de choix pour faire de la recherche et s\u2019informer sur le th\u00e8me de l\u2019automobile, se tenir au fait des actualit\u00e9s de l\u2019industrie, consulter des revues de mod\u00e8les effectu\u00e9es par des experts, visionner des vid\u00e9os ou \u00e9couter des balados mises en ligne par des journalistes automobiles reconnus.<\/p>\n<p>Suivez <a href=\"https:\/\/www.autohebdo.net\" target=\"_blank\" rel=\"noopener\">AutoHebdo.net<\/a> sur <a href=\"https:\/\/www.linkedin.com\/company\/autotraderca\" target=\"_blank\" rel=\"noopener\">LinkedIn<\/a>, <a href=\"https:\/\/www.youtube.com\/channel\/UC0NV63T5Uj_Gh8CoZ6UcIfQ\" target=\"_blank\" rel=\"noopener\">YouTube<\/a> et <a href=\"https:\/\/www.facebook.com\/AutoTrader.ca\/\" target=\"_blank\" rel=\"noopener\">Facebook<\/a>.[\/vc_column_text][vc_empty_space height=\u00a0\u00bb50px\u00a0\u00bb][\/vc_column][vc_column width=\u00a0\u00bb1\/3&Prime;][vc_single_image image=\u00a0\u00bb10921&Prime; img_size=\u00a0\u00bblarge\u00a0\u00bb alignment=\u00a0\u00bbcenter\u00a0\u00bb][vc_empty_space height=\u00a0\u00bb50px\u00a0\u00bb][\/vc_column][\/vc_row]<\/p>\n<\/div>","protected":false},"excerpt":{"rendered":"<p>[vc_row gap=\u00a0\u00bb30&Prime; equal_height=\u00a0\u00bbyes\u00a0\u00bb content_placement=\u00a0\u00bbmiddle\u00a0\u00bb][vc_column width=\u00a0\u00bb2\/3&Prime;][vc_column_text] La plus grande et r\u00e9put\u00e9e place d\u2019affaires automobile en ligne au Canada [\/vc_column_text][vc_empty_space height=\u00a0\u00bb30px\u00a0\u00bb][vc_column_text]AutoHebdo est la plus grande et r\u00e9put\u00e9e place d\u2019affaires automobile au Canada. Cr\u00e9\u00e9 en 1975, AutoHebdo.net propose le plus grand nombre d\u2019annonces de v\u00e9hicules neufs et d\u2019occasion tout en attirant le plus vaste auditoire d\u2019acheteurs automobiles au<\/p>\n","protected":false},"author":5,"featured_media":0,"parent":2534,"menu_order":0,"comment_status":"closed","ping_status":"closed","template":"page-with-title.php","meta":{"site-sidebar-layout":"no-sidebar","site-content-layout":"plain-container","ast-site-content-layout":"normal-width-container","site-content-style":"unboxed","site-sidebar-style":"unboxed","ast-global-header-display":"","ast-banner-title-visibility":"","ast-main-header-display":"","ast-hfb-above-header-display":"","ast-hfb-below-header-display":"","ast-hfb-mobile-header-display":"","site-post-title":"disabled","ast-breadcrumbs-content":"","ast-featured-img":"disabled","footer-sml-layout":"","ast-disable-related-posts":"","theme-transparent-header-meta":"default","adv-header-id-meta":"","stick-header-meta":"","header-above-stick-meta":"","header-main-stick-meta":"","header-below-stick-meta":"","astra-migrate-meta-layouts":"set","ast-page-background-enabled":"default","ast-page-background-meta":{"desktop":{"background-color":"var(--ast-global-color-4)","background-image":"","background-repeat":"repeat","background-position":"center center","background-size":"auto","background-attachment":"scroll","background-type":"","background-media":"","overlay-type":"","overlay-color":"","overlay-opacity":"","overlay-gradient":""},"tablet":{"background-color":"","background-image":"","background-repeat":"repeat","background-position":"center center","background-size":"auto","background-attachment":"scroll","background-type":"","background-media":"","overlay-type":"","overlay-color":"","overlay-opacity":"","overlay-gradient":""},"mobile":{"background-color":"","background-image":"","background-repeat":"repeat","background-position":"center center","background-size":"auto","background-attachment":"scroll","background-type":"","background-media":"","overlay-type":"","overlay-color":"","overlay-opacity":"","overlay-gradient":""}},"ast-content-background-meta":{"desktop":{"background-color":"var(--ast-global-color-5)","background-image":"","background-repeat":"repeat","background-position":"center center","background-size":"auto","background-attachment":"scroll","background-type":"","background-media":"","overlay-type":"","overlay-color":"","overlay-opacity":"","overlay-gradient":""},"tablet":{"background-color":"var(--ast-global-color-5)","background-image":"","background-repeat":"repeat","background-position":"center center","background-size":"auto","background-attachment":"scroll","background-type":"","background-media":"","overlay-type":"","overlay-color":"","overlay-opacity":"","overlay-gradient":""},"mobile":{"background-color":"var(--ast-global-color-5)","background-image":"","background-repeat":"repeat","background-position":"center center","background-size":"auto","background-attachment":"scroll","background-type":"","background-media":"","overlay-type":"","overlay-color":"","overlay-opacity":"","overlay-gradient":""}},"footnotes":""},"class_list":["post-2542","page","type-page","status-publish","hentry"],"acf":[],"yoast_head":"<!-- This site is optimized with the Yoast SEO plugin v27.3 - https:\/\/yoast.com\/product\/yoast-seo-wordpress\/ -->\n<title>Entreprise | Soci\u00e9t\u00e9 TRADER<\/title>\n<meta name=\"description\" content=\"TRADER accelerates a car dealers\u2019 ability to market and manage their inventory through a powerful suite of solutions including, leading marketplaces, web solutions, web traffic solutions, inventory management solutions, and industry-leading customer service.\" \/>\n<meta name=\"robots\" content=\"index, follow, max-snippet:-1, max-image-preview:large, max-video-preview:-1\" \/>\n<link rel=\"canonical\" href=\"https:\/\/go.trader.ca\/fr\/a-propos\/enterprise\/\" \/>\n<meta property=\"og:locale\" content=\"fr_FR\" \/>\n<meta property=\"og:type\" content=\"article\" \/>\n<meta property=\"og:title\" content=\"Entreprise | Soci\u00e9t\u00e9 TRADER\" \/>\n<meta property=\"og:description\" content=\"TRADER accelerates a car dealers\u2019 ability to market and manage their inventory through a powerful suite of solutions including, leading marketplaces, web solutions, web traffic solutions, inventory management solutions, and industry-leading customer service.\" \/>\n<meta property=\"og:url\" content=\"https:\/\/go.trader.ca\/fr\/a-propos\/enterprise\/\" \/>\n<meta property=\"og:site_name\" content=\"TRADER\" \/>\n<meta property=\"article:modified_time\" content=\"2024-09-11T17:42:52+00:00\" \/>\n<meta name=\"twitter:card\" content=\"summary_large_image\" \/>\n<meta name=\"twitter:label1\" content=\"Dur\u00e9e de lecture estim\u00e9e\" \/>\n\t<meta name=\"twitter:data1\" content=\"1 minute\" \/>\n<script type=\"application\/ld+json\" class=\"yoast-schema-graph\">{\"@context\":\"https:\\\/\\\/schema.org\",\"@graph\":[{\"@type\":\"WebPage\",\"@id\":\"https:\\\/\\\/go.trader.ca\\\/fr\\\/a-propos\\\/enterprise\\\/\",\"url\":\"https:\\\/\\\/go.trader.ca\\\/fr\\\/a-propos\\\/enterprise\\\/\",\"name\":\"Entreprise | Soci\u00e9t\u00e9 TRADER\",\"isPartOf\":{\"@id\":\"https:\\\/\\\/go.trader.ca\\\/#website\"},\"datePublished\":\"2015-08-04T09:52:54+00:00\",\"dateModified\":\"2024-09-11T17:42:52+00:00\",\"description\":\"TRADER accelerates a car dealers\u2019 ability to market and manage their inventory through a powerful suite of solutions including, leading marketplaces, web solutions, web traffic solutions, inventory management solutions, and industry-leading customer service.\",\"breadcrumb\":{\"@id\":\"https:\\\/\\\/go.trader.ca\\\/fr\\\/a-propos\\\/enterprise\\\/#breadcrumb\"},\"inLanguage\":\"fr-FR\",\"potentialAction\":[{\"@type\":\"ReadAction\",\"target\":[\"https:\\\/\\\/go.trader.ca\\\/fr\\\/a-propos\\\/enterprise\\\/\"]}]},{\"@type\":\"BreadcrumbList\",\"@id\":\"https:\\\/\\\/go.trader.ca\\\/fr\\\/a-propos\\\/enterprise\\\/#breadcrumb\",\"itemListElement\":[{\"@type\":\"ListItem\",\"position\":1,\"name\":\"Home\",\"item\":\"https:\\\/\\\/go.trader.ca\\\/fr\\\/\"},{\"@type\":\"ListItem\",\"position\":2,\"name\":\"\u00c0 Propos\",\"item\":\"https:\\\/\\\/go.trader.ca\\\/fr\\\/a-propos\\\/\"},{\"@type\":\"ListItem\",\"position\":3,\"name\":\"Entreprise\"}]},{\"@type\":\"WebSite\",\"@id\":\"https:\\\/\\\/go.trader.ca\\\/#website\",\"url\":\"https:\\\/\\\/go.trader.ca\\\/\",\"name\":\"AutoTrader.ca & AutoHebdo.net\",\"description\":\"La plus grande et r\u00e9put\u00e9e place d\u2019affaires automobile au Canada\",\"publisher\":{\"@id\":\"https:\\\/\\\/go.trader.ca\\\/#organization\"},\"potentialAction\":[{\"@type\":\"SearchAction\",\"target\":{\"@type\":\"EntryPoint\",\"urlTemplate\":\"https:\\\/\\\/go.trader.ca\\\/?s={search_term_string}\"},\"query-input\":{\"@type\":\"PropertyValueSpecification\",\"valueRequired\":true,\"valueName\":\"search_term_string\"}}],\"inLanguage\":\"fr-FR\"},{\"@type\":\"Organization\",\"@id\":\"https:\\\/\\\/go.trader.ca\\\/#organization\",\"name\":\"AutoTrader.ca & AutoHebdo.net\",\"url\":\"https:\\\/\\\/go.trader.ca\\\/\",\"logo\":{\"@type\":\"ImageObject\",\"inLanguage\":\"fr-FR\",\"@id\":\"https:\\\/\\\/go.trader.ca\\\/#\\\/schema\\\/logo\\\/image\\\/\",\"url\":\"https:\\\/\\\/go.trader.ca\\\/wp-content\\\/uploads\\\/2024\\\/04\\\/Logo-AutoHebdo-FR.png\",\"contentUrl\":\"https:\\\/\\\/go.trader.ca\\\/wp-content\\\/uploads\\\/2024\\\/04\\\/Logo-AutoHebdo-FR.png\",\"width\":484,\"height\":52,\"caption\":\"AutoTrader.ca & AutoHebdo.net\"},\"image\":{\"@id\":\"https:\\\/\\\/go.trader.ca\\\/#\\\/schema\\\/logo\\\/image\\\/\"}}]}<\/script>\n<!-- \/ Yoast SEO plugin. -->","yoast_head_json":{"title":"Entreprise | Soci\u00e9t\u00e9 TRADER","description":"TRADER accelerates a car dealers\u2019 ability to market and manage their inventory through a powerful suite of solutions including, leading marketplaces, web solutions, web traffic solutions, inventory management solutions, and industry-leading customer service.","robots":{"index":"index","follow":"follow","max-snippet":"max-snippet:-1","max-image-preview":"max-image-preview:large","max-video-preview":"max-video-preview:-1"},"canonical":"https:\/\/go.trader.ca\/fr\/a-propos\/enterprise\/","og_locale":"fr_FR","og_type":"article","og_title":"Entreprise | Soci\u00e9t\u00e9 TRADER","og_description":"TRADER accelerates a car dealers\u2019 ability to market and manage their inventory through a powerful suite of solutions including, leading marketplaces, web solutions, web traffic solutions, inventory management solutions, and industry-leading customer service.","og_url":"https:\/\/go.trader.ca\/fr\/a-propos\/enterprise\/","og_site_name":"TRADER","article_modified_time":"2024-09-11T17:42:52+00:00","twitter_card":"summary_large_image","twitter_misc":{"Dur\u00e9e de lecture estim\u00e9e":"1 minute"},"schema":{"@context":"https:\/\/schema.org","@graph":[{"@type":"WebPage","@id":"https:\/\/go.trader.ca\/fr\/a-propos\/enterprise\/","url":"https:\/\/go.trader.ca\/fr\/a-propos\/enterprise\/","name":"Entreprise | Soci\u00e9t\u00e9 TRADER","isPartOf":{"@id":"https:\/\/go.trader.ca\/#website"},"datePublished":"2015-08-04T09:52:54+00:00","dateModified":"2024-09-11T17:42:52+00:00","description":"TRADER accelerates a car dealers\u2019 ability to market and manage their inventory through a powerful suite of solutions including, leading marketplaces, web solutions, web traffic solutions, inventory management solutions, and industry-leading customer service.","breadcrumb":{"@id":"https:\/\/go.trader.ca\/fr\/a-propos\/enterprise\/#breadcrumb"},"inLanguage":"fr-FR","potentialAction":[{"@type":"ReadAction","target":["https:\/\/go.trader.ca\/fr\/a-propos\/enterprise\/"]}]},{"@type":"BreadcrumbList","@id":"https:\/\/go.trader.ca\/fr\/a-propos\/enterprise\/#breadcrumb","itemListElement":[{"@type":"ListItem","position":1,"name":"Home","item":"https:\/\/go.trader.ca\/fr\/"},{"@type":"ListItem","position":2,"name":"\u00c0 Propos","item":"https:\/\/go.trader.ca\/fr\/a-propos\/"},{"@type":"ListItem","position":3,"name":"Entreprise"}]},{"@type":"WebSite","@id":"https:\/\/go.trader.ca\/#website","url":"https:\/\/go.trader.ca\/","name":"AutoTrader.ca & AutoHebdo.net","description":"La plus grande et r\u00e9put\u00e9e place d\u2019affaires automobile au Canada","publisher":{"@id":"https:\/\/go.trader.ca\/#organization"},"potentialAction":[{"@type":"SearchAction","target":{"@type":"EntryPoint","urlTemplate":"https:\/\/go.trader.ca\/?s={search_term_string}"},"query-input":{"@type":"PropertyValueSpecification","valueRequired":true,"valueName":"search_term_string"}}],"inLanguage":"fr-FR"},{"@type":"Organization","@id":"https:\/\/go.trader.ca\/#organization","name":"AutoTrader.ca & AutoHebdo.net","url":"https:\/\/go.trader.ca\/","logo":{"@type":"ImageObject","inLanguage":"fr-FR","@id":"https:\/\/go.trader.ca\/#\/schema\/logo\/image\/","url":"https:\/\/go.trader.ca\/wp-content\/uploads\/2024\/04\/Logo-AutoHebdo-FR.png","contentUrl":"https:\/\/go.trader.ca\/wp-content\/uploads\/2024\/04\/Logo-AutoHebdo-FR.png","width":484,"height":52,"caption":"AutoTrader.ca & AutoHebdo.net"},"image":{"@id":"https:\/\/go.trader.ca\/#\/schema\/logo\/image\/"}}]}},"_links":{"self":[{"href":"https:\/\/go.trader.ca\/fr\/wp-json\/wp\/v2\/pages\/2542","targetHints":{"allow":["GET"]}}],"collection":[{"href":"https:\/\/go.trader.ca\/fr\/wp-json\/wp\/v2\/pages"}],"about":[{"href":"https:\/\/go.trader.ca\/fr\/wp-json\/wp\/v2\/types\/page"}],"author":[{"embeddable":true,"href":"https:\/\/go.trader.ca\/fr\/wp-json\/wp\/v2\/users\/5"}],"replies":[{"embeddable":true,"href":"https:\/\/go.trader.ca\/fr\/wp-json\/wp\/v2\/comments?post=2542"}],"version-history":[{"count":0,"href":"https:\/\/go.trader.ca\/fr\/wp-json\/wp\/v2\/pages\/2542\/revisions"}],"up":[{"embeddable":true,"href":"https:\/\/go.trader.ca\/fr\/wp-json\/wp\/v2\/pages\/2534"}],"wp:attachment":[{"href":"https:\/\/go.trader.ca\/fr\/wp-json\/wp\/v2\/media?parent=2542"}],"curies":[{"name":"wp","href":"https:\/\/api.w.org\/{rel}","templated":true}]}}