{"id":13539,"date":"2025-07-03T10:57:45","date_gmt":"2025-07-03T14:57:45","guid":{"rendered":"https:\/\/go.trader.ca\/?page_id=13539"},"modified":"2025-07-03T14:53:24","modified_gmt":"2025-07-03T18:53:24","slug":"automatch","status":"publish","type":"page","link":"https:\/\/go.trader.ca\/fr\/commercants\/place-daffaires-en-ligne\/automatch\/","title":{"rendered":"AutoMatch"},"content":{"rendered":"<div class=\"wpb-content-wrapper\"><p>[vc_row full_width=\u00a0\u00bbstretch_row\u00a0\u00bb css=\u00a0\u00bb.vc_custom_1751566034332{padding-top: 40px !important;padding-bottom: 0px !important;background-image: url(https:\/\/go.trader.ca\/wp-content\/uploads\/2025\/07\/AdobeStock_497274365-scaled.jpg?id=13547) !important;background-position: center !important;background-repeat: no-repeat !important;background-size: cover !important;}\u00a0\u00bb][vc_column][vc_row_inner equal_height=\u00a0\u00bbyes\u00a0\u00bb content_placement=\u00a0\u00bbmiddle\u00a0\u00bb gap=\u00a0\u00bb30&Prime; css=\u00a0\u00bb.vc_custom_1751566069602{margin-bottom: 0px !important;padding-bottom: 0px !important;}\u00a0\u00bb][vc_column_inner width=\u00a0\u00bb2\/3&Prime;][vc_column_text]<\/p>\n<h2 style=\"color: white;\">R\u00e9coltez une foule de nouveaux prospects \u00e0 partir des annonces de particuliers en faisant travailler l\u2019IA<br \/>\npour vous!<\/h2>\n<p style=\"color: white;\">AutoMatch, <strong>la toute derni\u00e8re avanc\u00e9e de AutoHebdo dans l\u2019intelligence artificielle<\/strong>, vous connecte avec encore plus d\u2019acheteurs potentiels \u00e0 partir des annonces de particuliers qui vendent leur v\u00e9hicule, et ce, <strong>en recommandant dynamiquement des v\u00e9hicules similaires que nos partenaires abonn\u00e9s ont en stock<\/strong>.<\/p>\n<p>[\/vc_column_text][vc_empty_space height=\u00a0\u00bb20px\u00a0\u00bb][vc_btn title=\u00a0\u00bbDemander une d\u00e9mo\u00a0\u00bb style=\u00a0\u00bbcustom\u00a0\u00bb custom_background=\u00a0\u00bb\u00a0\u00bb custom_text=\u00a0\u00bb#ffffff\u00a0\u00bb link=\u00a0\u00bburl:%23form||\u00a0\u00bb el_class=\u00a0\u00bbbutton-red\u00a0\u00bb][vc_empty_space height=\u00a0\u00bb40px\u00a0\u00bb][\/vc_column_inner][vc_column_inner width=\u00a0\u00bb1\/3&Prime;][vc_single_image image=\u00a0\u00bb13562&Prime; img_size=\u00a0\u00bbfull\u00a0\u00bb alignment=\u00a0\u00bbcenter\u00a0\u00bb css=\u00a0\u00bb.vc_custom_1751566120598{margin-bottom: -25px !important;padding-bottom: 0px !important;}\u00a0\u00bb][\/vc_column_inner][\/vc_row_inner][\/vc_column][\/vc_row][vc_row equal_height=\u00a0\u00bbyes\u00a0\u00bb content_placement=\u00a0\u00bbmiddle\u00a0\u00bb css=\u00a0\u00bb.vc_custom_1751566206049{padding-top: 20px !important;padding-bottom: 20px !important;}\u00a0\u00bb][vc_column width=\u00a0\u00bb1\/4&Prime;][vc_empty_space height=\u00a0\u00bb20px\u00a0\u00bb][vc_single_image image=\u00a0\u00bb13542&Prime; img_size=\u00a0\u00bb200&#215;200&Prime; alignment=\u00a0\u00bbcenter\u00a0\u00bb][vc_empty_space height=\u00a0\u00bb20px\u00a0\u00bb][\/vc_column][vc_column width=\u00a0\u00bb3\/4&Prime;][vc_column_text]<\/p>\n<h2 style=\"color: #076ee5; text-align: left;\">Le saviez-vous?<\/h2>\n<p>[\/vc_column_text][vc_empty_space height=\u00a0\u00bb20px\u00a0\u00bb][vc_column_text]<\/p>\n<h3 style=\"color: #3e3e3e; text-align: left;\">En moyenne, plus de 26 000 particuliers annoncent leur v\u00e9hicule sur AutoHebdo.net chaque mois.<sup>\u2020<\/sup><\/h3>\n<p>[\/vc_column_text][vc_empty_space height=\u00a0\u00bb20px\u00a0\u00bb][vc_column_text]<\/p>\n<p style=\"text-align: left;\"><span style=\"text-align: left; color: #d8d8d8; font-size: 10px;\">Source: \u2020 Donn\u00e9es internes AutoHebdo.net, moyenne mensuelle annonces de particuliers, avril 2024 \u2013 mars 2025.<\/span><\/p>\n<p>[\/vc_column_text][\/vc_column][\/vc_row][vc_row full_width=\u00a0\u00bbstretch_row\u00a0\u00bb css=\u00a0\u00bb.vc_custom_1751301266846{padding-top: 50px !important;padding-bottom: 50px !important;background-color: #f2f2f2 !important;}\u00a0\u00bb][vc_column][vc_column_text]<\/p>\n<h2 style=\"color: #3e3e3e; text-align: center;\">Amplifiez la visibilit\u00e9 de votre stock d\u2019occasion<\/h2>\n<p>[\/vc_column_text][vc_empty_space height=\u00a0\u00bb50px\u00a0\u00bb][vc_column_text]Gr\u00e2ce \u00e0 la puissance de l\u2019IA, AutoMatch rep\u00e8re les v\u00e9hicules similaires dans les stocks des commer\u00e7ants qui se trouvent \u00e0 moins de 100 km du particulier qui annonce son v\u00e9hicule. AutoMatch signale en temps r\u00e9el des alternatives aux acheteurs qui visitent AutoHebdo.net, et ce, directement \u00e0 partir du formulaire de demande d\u2019information.<\/p>\n<p>Le syst\u00e8me invite le consommateur \u00e0 passer \u00e0 l\u2019action, <strong>g\u00e9n\u00e9rant ainsi des occasions de vente pour le v\u00e9hicule que vous avez en stock et offrant un plus grand choix d\u2019options, plus de commodit\u00e9, ainsi que l\u2019occasion de trouver le v\u00e9hicule recherch\u00e9 plus rapidement.<\/strong>[\/vc_column_text][vc_empty_space height=\u00a0\u00bb20px\u00a0\u00bb][vc_row_inner equal_height=\u00a0\u00bbyes\u00a0\u00bb content_placement=\u00a0\u00bbtop\u00a0\u00bb gap=\u00a0\u00bb20&Prime;][vc_column_inner width=\u00a0\u00bb1\/3&Prime; css=\u00a0\u00bb.vc_custom_1751303191356{border-top-width: 1px !important;border-right-width: 1px !important;border-bottom-width: 1px !important;border-left-width: 1px !important;padding-top: 30px !important;padding-right: 20px !important;padding-bottom: 30px !important;padding-left: 20px !important;background-color: #ffffff !important;border-left-color: #d8d8d8 !important;border-left-style: solid !important;border-right-color: #d8d8d8 !important;border-right-style: solid !important;border-top-color: #d8d8d8 !important;border-top-style: solid !important;border-bottom-color: #d8d8d8 !important;border-bottom-style: solid !important;border-radius: 15px !important;}\u00a0\u00bb]<div class=\"ult-just-icon-wrapper  \"><div class=\"align-icon\" style=\"text-align:center;\">\n<div class=\"aio-icon-img \" style=\"font-size:60px;display:inline-block;\" >\n\t<img decoding=\"async\" class=\"img-icon\" alt=\"icon-percentage-up\" src=\"https:\/\/go.trader.ca\/wp-content\/uploads\/2025\/04\/icon-percentage-up.png\"\/>\n<\/div><\/div><\/div>[vc_empty_space height=\u00a0\u00bb20px\u00a0\u00bb][vc_column_text]<\/p>\n<h3 style=\"color: #3e3e3e; text-align: center;\">Plus de prospects, sans effort<\/h3>\n<p>Transformez les annonces de particuliers en occasions de vente pour vos v\u00e9hicules d\u2019occasion.[\/vc_column_text][\/vc_column_inner][vc_column_inner width=\u00a0\u00bb1\/3&Prime; css=\u00a0\u00bb.vc_custom_1751303232159{border-top-width: 1px !important;border-right-width: 1px !important;border-bottom-width: 1px !important;border-left-width: 1px !important;padding-top: 30px !important;padding-right: 20px !important;padding-bottom: 30px !important;padding-left: 20px !important;background-color: #ffffff !important;border-left-color: #d8d8d8 !important;border-left-style: solid !important;border-right-color: #d8d8d8 !important;border-right-style: solid !important;border-top-color: #d8d8d8 !important;border-top-style: solid !important;border-bottom-color: #d8d8d8 !important;border-bottom-style: solid !important;border-radius: 15px !important;}\u00a0\u00bb]<div class=\"ult-just-icon-wrapper  \"><div class=\"align-icon\" style=\"text-align:center;\">\n<div class=\"aio-icon-img \" style=\"font-size:65px;display:inline-block;\" >\n\t<img decoding=\"async\" class=\"img-icon\" alt=\"Icon-Increase-Exposure\" src=\"https:\/\/go.trader.ca\/wp-content\/uploads\/2024\/06\/Icon-Increase-Exposure.png\"\/>\n<\/div><\/div><\/div>[vc_empty_space height=\u00a0\u00bb10px\u00a0\u00bb][vc_column_text]<\/p>\n<h3 style=\"color: #3e3e3e; text-align: center;\">Une IA qui travaille pour vous<\/h3>\n<p>Notre technologie rep\u00e8re les annonces des particuliers qui vendent des v\u00e9hicules similaires \u00e0 ceux que vous avez dans la cour, en temps r\u00e9el et sans autre effort de votre part.[\/vc_column_text][\/vc_column_inner][vc_column_inner width=\u00a0\u00bb1\/3&Prime; css=\u00a0\u00bb.vc_custom_1751303251236{border-top-width: 1px !important;border-right-width: 1px !important;border-bottom-width: 1px !important;border-left-width: 1px !important;padding-top: 30px !important;padding-right: 20px !important;padding-bottom: 30px !important;padding-left: 20px !important;background-color: #ffffff !important;border-left-color: #d8d8d8 !important;border-left-style: solid !important;border-right-color: #d8d8d8 !important;border-right-style: solid !important;border-top-color: #d8d8d8 !important;border-top-style: solid !important;border-bottom-color: #d8d8d8 !important;border-bottom-style: solid !important;border-radius: 15px !important;}\u00a0\u00bb]<div class=\"ult-just-icon-wrapper  \"><div class=\"align-icon\" style=\"text-align:center;\">\n<div class=\"aio-icon-img \" style=\"font-size:65px;display:inline-block;\" >\n\t<img decoding=\"async\" class=\"img-icon\" alt=\"icon-target-audience\" src=\"https:\/\/go.trader.ca\/wp-content\/uploads\/2023\/07\/icon-target-audience.svg\"\/>\n<\/div><\/div><\/div>[vc_empty_space height=\u00a0\u00bb10px\u00a0\u00bb][vc_column_text]<\/p>\n<h3 style=\"color: #3e3e3e; text-align: center;\">Ciblage ultrapr\u00e9cis<\/h3>\n<p>Ainsi, vos v\u00e9hicules semblables selon l\u2019ann\u00e9e, la marque, le mod\u00e8le, le prix et la proximit\u00e9 g\u00e9ographique obtiennent une visibilit\u00e9 encore plus pointue.[\/vc_column_text][\/vc_column_inner][\/vc_row_inner][\/vc_column][\/vc_row][vc_row gap=\u00a0\u00bb10&Prime; equal_height=\u00a0\u00bbyes\u00a0\u00bb content_placement=\u00a0\u00bbmiddle\u00a0\u00bb css=\u00a0\u00bb.vc_custom_1751471372281{padding-top: 50px !important;padding-bottom: 50px !important;}\u00a0\u00bb][vc_column width=\u00a0\u00bb1\/2&Prime;][vc_column_text]<\/p>\n<h2 style=\"color: #3e3e3e; text-align: left;\">AutoMatch, comment \u00e7a fonctionne?<\/h2>\n<p>[\/vc_column_text][vc_empty_space height=\u00a0\u00bb20px\u00a0\u00bb][vc_column_text]<\/p>\n<ol class=\"dash-bp\">\n<li>\n<p style=\"margin-left: 15px;\">L\u2019acheteur clique sur l\u2019annonce d\u2019un particulier sur AutoHebdo.net.<\/p>\n<\/li>\n<li>\n<p style=\"margin-left: 15px;\">Gr\u00e2ce \u00e0 l\u2019IA, AutoMatch rep\u00e8re les v\u00e9hicules similaires dans l\u2019inventaire d\u2019autres commer\u00e7ants, ceux qui sont de la m\u00eame marque, du m\u00eame mod\u00e8le et de la m\u00eame ann\u00e9e que le v\u00e9hicule qu\u2019annonce le particulier.<\/p>\n<\/li>\n<li>\n<p style=\"margin-left: 15px;\">Le formulaire de demande d\u2019information invite l\u2019acheteur potentiel \u00e0 voir des v\u00e9hicules comparables chez des commer\u00e7ants locaux, ce qui \u00e9largit son choix de v\u00e9hicules, lui facilite la vie et lui permet de trouver ce qu\u2019il recherche sans attendre.<\/p>\n<\/li>\n<li>\n<p style=\"margin-left: 15px;\">Si le consommateur confirme son int\u00e9r\u00eat en cochant la case, une demande d\u2019information est aussit\u00f4t envoy\u00e9e \u00e0 des commer\u00e7ants locaux qui ont le v\u00e9hicule pertinent en stock.<\/p>\n<\/li>\n<li>\n<p style=\"margin-left: 15px;\">Ces occasions de vente sont \u00e9tiquet\u00e9es \u00ab AutoMatch \u00bb pour vous en indiquer la source.<\/p>\n<\/li>\n<\/ol>\n<p>[\/vc_column_text][\/vc_column][vc_column width=\u00a0\u00bb1\/2&Prime;][vc_single_image image=\u00a0\u00bb13549&Prime; img_size=\u00a0\u00bbfull\u00a0\u00bb][\/vc_column][\/vc_row][vc_row el_class=\u00a0\u00bbform-bg\u00a0\u00bb css=\u00a0\u00bb.vc_custom_1751306271840{margin-bottom: 50px !important;padding-right: 30px !important;padding-left: 30px !important;}\u00a0\u00bb el_id=\u00a0\u00bbform\u00a0\u00bb][vc_column][vc_empty_space height=\u00a0\u00bb50px\u00a0\u00bb][vc_column_text]<\/p>\n<h2 style=\"text-align: center; color: #525454;\">Toute la puissance de l\u2019IA au service de votre r\u00e9ussite<\/h2>\n<h4 style=\"text-align: center;\">Contactez-nous pour une d\u00e9mo gratuite ou pour en savoir plus<\/h4>\n<p>[\/vc_column_text][vc_empty_space height=\u00a0\u00bb20px\u00a0\u00bb][vc_raw_html]JTNDc2NyaXB0JTIwc3JjJTNEJTIyJTJGJTJGMzQzLVlVTC01MDEubWt0b3dlYi5jb20lMkZqcyUyRmZvcm1zMiUyRmpzJTJGZm9ybXMyLm1pbi5qcyUyMiUzRSUzQyUyRnNjcmlwdCUzRSUyMCUzQ2Zvcm0lMjBpZCUzRCUyMm1rdG9Gb3JtXzIzMDYlMjIlM0UlM0MlMkZmb3JtJTNFJTIwJTNDc2NyaXB0JTNFTWt0b0Zvcm1zMi5sb2FkRm9ybSUyOCUyMiUyRiUyRjM0My1ZVUwtNTAxLm1rdG93ZWIuY29tJTIyJTJDJTIwJTIyMzQzLVlVTC01MDElMjIlMkMlMjAyMzA2JTI5JTNCJTNDJTJGc2NyaXB0JTNF[\/vc_raw_html][vc_empty_space height=\u00a0\u00bb30px\u00a0\u00bb][\/vc_column][\/vc_row]<\/p>\n<\/div>","protected":false},"excerpt":{"rendered":"<p>[vc_row full_width=\u00a0\u00bbstretch_row\u00a0\u00bb css=\u00a0\u00bb.vc_custom_1751566034332{padding-top: 40px !important;padding-bottom: 0px !important;background-image: url(https:\/\/go.trader.ca\/wp-content\/uploads\/2025\/07\/AdobeStock_497274365-scaled.jpg?id=13547) !important;background-position: center !important;background-repeat: no-repeat !important;background-size: cover !important;}\u00a0\u00bb][vc_column][vc_row_inner equal_height=\u00a0\u00bbyes\u00a0\u00bb content_placement=\u00a0\u00bbmiddle\u00a0\u00bb gap=\u00a0\u00bb30&Prime; css=\u00a0\u00bb.vc_custom_1751566069602{margin-bottom: 0px !important;padding-bottom: 0px !important;}\u00a0\u00bb][vc_column_inner width=\u00a0\u00bb2\/3&Prime;][vc_column_text] R\u00e9coltez une foule de nouveaux prospects \u00e0 partir des annonces de particuliers en faisant travailler l\u2019IA pour vous! AutoMatch, la toute derni\u00e8re avanc\u00e9e de AutoHebdo dans l\u2019intelligence artificielle, vous connecte avec<\/p>\n","protected":false},"author":4,"featured_media":0,"parent":2648,"menu_order":0,"comment_status":"closed","ping_status":"closed","template":"page-with-title.php","meta":{"site-sidebar-layout":"default","site-content-layout":"plain-container","ast-site-content-layout":"default","site-content-style":"default","site-sidebar-style":"default","ast-global-header-display":"","ast-banner-title-visibility":"","ast-main-header-display":"","ast-hfb-above-header-display":"","ast-hfb-below-header-display":"","ast-hfb-mobile-header-display":"","site-post-title":"disabled","ast-breadcrumbs-content":"disabled","ast-featured-img":"disabled","footer-sml-layout":"","ast-disable-related-posts":"","theme-transparent-header-meta":"default","adv-header-id-meta":"","stick-header-meta":"","header-above-stick-meta":"","header-main-stick-meta":"","header-below-stick-meta":"","astra-migrate-meta-layouts":"set","ast-page-background-enabled":"default","ast-page-background-meta":{"desktop":{"background-color":"var(--ast-global-color-4)","background-image":"","background-repeat":"repeat","background-position":"center center","background-size":"auto","background-attachment":"scroll","background-type":"","background-media":"","overlay-type":"","overlay-color":"","overlay-opacity":"","overlay-gradient":""},"tablet":{"background-color":"","background-image":"","background-repeat":"repeat","background-position":"center center","background-size":"auto","background-attachment":"scroll","background-type":"","background-media":"","overlay-type":"","overlay-color":"","overlay-opacity":"","overlay-gradient":""},"mobile":{"background-color":"","background-image":"","background-repeat":"repeat","background-position":"center center","background-size":"auto","background-attachment":"scroll","background-type":"","background-media":"","overlay-type":"","overlay-color":"","overlay-opacity":"","overlay-gradient":""}},"ast-content-background-meta":{"desktop":{"background-color":"var(--ast-global-color-5)","background-image":"","background-repeat":"repeat","background-position":"center center","background-size":"auto","background-attachment":"scroll","background-type":"","background-media":"","overlay-type":"","overlay-color":"","overlay-opacity":"","overlay-gradient":""},"tablet":{"background-color":"var(--ast-global-color-5)","background-image":"","background-repeat":"repeat","background-position":"center center","background-size":"auto","background-attachment":"scroll","background-type":"","background-media":"","overlay-type":"","overlay-color":"","overlay-opacity":"","overlay-gradient":""},"mobile":{"background-color":"var(--ast-global-color-5)","background-image":"","background-repeat":"repeat","background-position":"center center","background-size":"auto","background-attachment":"scroll","background-type":"","background-media":"","overlay-type":"","overlay-color":"","overlay-opacity":"","overlay-gradient":""}},"footnotes":""},"class_list":["post-13539","page","type-page","status-publish","hentry"],"acf":[],"yoast_head":"<!-- This site is optimized with the Yoast SEO plugin v27.3 - https:\/\/yoast.com\/product\/yoast-seo-wordpress\/ -->\n<title>AutoMatch | Soci\u00e9t\u00e9 TRADER<\/title>\n<meta name=\"robots\" content=\"index, follow, max-snippet:-1, max-image-preview:large, max-video-preview:-1\" \/>\n<link rel=\"canonical\" href=\"https:\/\/go.trader.ca\/fr\/automatch\/\" \/>\n<meta property=\"og:locale\" content=\"fr_FR\" \/>\n<meta property=\"og:type\" content=\"article\" \/>\n<meta property=\"og:title\" content=\"AutoMatch | Soci\u00e9t\u00e9 TRADER\" \/>\n<meta property=\"og:description\" content=\"[vc_row full_width=\u00a0\u00bbstretch_row\u00a0\u00bb css=\u00a0\u00bb.vc_custom_1751566034332{padding-top: 40px !important;padding-bottom: 0px !important;background-image: url(https:\/\/go.trader.ca\/wp-content\/uploads\/2025\/07\/AdobeStock_497274365-scaled.jpg?id=13547) !important;background-position: center !important;background-repeat: no-repeat !important;background-size: cover !important;}\u00a0\u00bb][vc_column][vc_row_inner equal_height=\u00a0\u00bbyes\u00a0\u00bb content_placement=\u00a0\u00bbmiddle\u00a0\u00bb gap=\u00a0\u00bb30&Prime; css=\u00a0\u00bb.vc_custom_1751566069602{margin-bottom: 0px !important;padding-bottom: 0px !important;}\u00a0\u00bb][vc_column_inner width=\u00a0\u00bb2\/3&Prime;][vc_column_text] R\u00e9coltez une foule de nouveaux prospects \u00e0 partir des annonces de particuliers en faisant travailler l\u2019IA pour vous! AutoMatch, la toute derni\u00e8re avanc\u00e9e de AutoHebdo dans l\u2019intelligence artificielle, vous connecte avec\" \/>\n<meta property=\"og:url\" content=\"https:\/\/go.trader.ca\/fr\/automatch\/\" \/>\n<meta property=\"og:site_name\" content=\"TRADER\" \/>\n<meta property=\"article:modified_time\" content=\"2025-07-03T18:53:24+00:00\" \/>\n<meta name=\"twitter:card\" content=\"summary_large_image\" \/>\n<meta name=\"twitter:label1\" content=\"Dur\u00e9e de lecture estim\u00e9e\" \/>\n\t<meta name=\"twitter:data1\" content=\"3 minutes\" \/>\n<script type=\"application\/ld+json\" class=\"yoast-schema-graph\">{\"@context\":\"https:\\\/\\\/schema.org\",\"@graph\":[{\"@type\":\"WebPage\",\"@id\":\"https:\\\/\\\/go.trader.ca\\\/fr\\\/automatch\\\/\",\"url\":\"https:\\\/\\\/go.trader.ca\\\/fr\\\/automatch\\\/\",\"name\":\"AutoMatch | Soci\u00e9t\u00e9 TRADER\",\"isPartOf\":{\"@id\":\"https:\\\/\\\/go.trader.ca\\\/#website\"},\"datePublished\":\"2025-07-03T14:57:45+00:00\",\"dateModified\":\"2025-07-03T18:53:24+00:00\",\"breadcrumb\":{\"@id\":\"https:\\\/\\\/go.trader.ca\\\/fr\\\/automatch\\\/#breadcrumb\"},\"inLanguage\":\"fr-FR\",\"potentialAction\":[{\"@type\":\"ReadAction\",\"target\":[\"https:\\\/\\\/go.trader.ca\\\/fr\\\/automatch\\\/\"]}]},{\"@type\":\"BreadcrumbList\",\"@id\":\"https:\\\/\\\/go.trader.ca\\\/fr\\\/automatch\\\/#breadcrumb\",\"itemListElement\":[{\"@type\":\"ListItem\",\"position\":1,\"name\":\"Home\",\"item\":\"https:\\\/\\\/go.trader.ca\\\/fr\\\/\"},{\"@type\":\"ListItem\",\"position\":2,\"name\":\"AutoMatch\"}]},{\"@type\":\"WebSite\",\"@id\":\"https:\\\/\\\/go.trader.ca\\\/#website\",\"url\":\"https:\\\/\\\/go.trader.ca\\\/\",\"name\":\"AutoTrader.ca & AutoHebdo.net\",\"description\":\"La plus grande et r\u00e9put\u00e9e place d\u2019affaires automobile au Canada\",\"publisher\":{\"@id\":\"https:\\\/\\\/go.trader.ca\\\/#organization\"},\"potentialAction\":[{\"@type\":\"SearchAction\",\"target\":{\"@type\":\"EntryPoint\",\"urlTemplate\":\"https:\\\/\\\/go.trader.ca\\\/?s={search_term_string}\"},\"query-input\":{\"@type\":\"PropertyValueSpecification\",\"valueRequired\":true,\"valueName\":\"search_term_string\"}}],\"inLanguage\":\"fr-FR\"},{\"@type\":\"Organization\",\"@id\":\"https:\\\/\\\/go.trader.ca\\\/#organization\",\"name\":\"AutoTrader.ca & AutoHebdo.net\",\"url\":\"https:\\\/\\\/go.trader.ca\\\/\",\"logo\":{\"@type\":\"ImageObject\",\"inLanguage\":\"fr-FR\",\"@id\":\"https:\\\/\\\/go.trader.ca\\\/#\\\/schema\\\/logo\\\/image\\\/\",\"url\":\"https:\\\/\\\/go.trader.ca\\\/wp-content\\\/uploads\\\/2024\\\/04\\\/Logo-AutoHebdo-FR.png\",\"contentUrl\":\"https:\\\/\\\/go.trader.ca\\\/wp-content\\\/uploads\\\/2024\\\/04\\\/Logo-AutoHebdo-FR.png\",\"width\":484,\"height\":52,\"caption\":\"AutoTrader.ca & AutoHebdo.net\"},\"image\":{\"@id\":\"https:\\\/\\\/go.trader.ca\\\/#\\\/schema\\\/logo\\\/image\\\/\"}}]}<\/script>\n<!-- \/ Yoast SEO plugin. -->","yoast_head_json":{"title":"AutoMatch | Soci\u00e9t\u00e9 TRADER","robots":{"index":"index","follow":"follow","max-snippet":"max-snippet:-1","max-image-preview":"max-image-preview:large","max-video-preview":"max-video-preview:-1"},"canonical":"https:\/\/go.trader.ca\/fr\/automatch\/","og_locale":"fr_FR","og_type":"article","og_title":"AutoMatch | Soci\u00e9t\u00e9 TRADER","og_description":"[vc_row full_width=\u00a0\u00bbstretch_row\u00a0\u00bb css=\u00a0\u00bb.vc_custom_1751566034332{padding-top: 40px !important;padding-bottom: 0px !important;background-image: url(https:\/\/go.trader.ca\/wp-content\/uploads\/2025\/07\/AdobeStock_497274365-scaled.jpg?id=13547) !important;background-position: center !important;background-repeat: no-repeat !important;background-size: cover !important;}\u00a0\u00bb][vc_column][vc_row_inner equal_height=\u00a0\u00bbyes\u00a0\u00bb content_placement=\u00a0\u00bbmiddle\u00a0\u00bb gap=\u00a0\u00bb30&Prime; css=\u00a0\u00bb.vc_custom_1751566069602{margin-bottom: 0px !important;padding-bottom: 0px !important;}\u00a0\u00bb][vc_column_inner width=\u00a0\u00bb2\/3&Prime;][vc_column_text] R\u00e9coltez une foule de nouveaux prospects \u00e0 partir des annonces de particuliers en faisant travailler l\u2019IA pour vous! AutoMatch, la toute derni\u00e8re avanc\u00e9e de AutoHebdo dans l\u2019intelligence artificielle, vous connecte avec","og_url":"https:\/\/go.trader.ca\/fr\/automatch\/","og_site_name":"TRADER","article_modified_time":"2025-07-03T18:53:24+00:00","twitter_card":"summary_large_image","twitter_misc":{"Dur\u00e9e de lecture estim\u00e9e":"3 minutes"},"schema":{"@context":"https:\/\/schema.org","@graph":[{"@type":"WebPage","@id":"https:\/\/go.trader.ca\/fr\/automatch\/","url":"https:\/\/go.trader.ca\/fr\/automatch\/","name":"AutoMatch | Soci\u00e9t\u00e9 TRADER","isPartOf":{"@id":"https:\/\/go.trader.ca\/#website"},"datePublished":"2025-07-03T14:57:45+00:00","dateModified":"2025-07-03T18:53:24+00:00","breadcrumb":{"@id":"https:\/\/go.trader.ca\/fr\/automatch\/#breadcrumb"},"inLanguage":"fr-FR","potentialAction":[{"@type":"ReadAction","target":["https:\/\/go.trader.ca\/fr\/automatch\/"]}]},{"@type":"BreadcrumbList","@id":"https:\/\/go.trader.ca\/fr\/automatch\/#breadcrumb","itemListElement":[{"@type":"ListItem","position":1,"name":"Home","item":"https:\/\/go.trader.ca\/fr\/"},{"@type":"ListItem","position":2,"name":"AutoMatch"}]},{"@type":"WebSite","@id":"https:\/\/go.trader.ca\/#website","url":"https:\/\/go.trader.ca\/","name":"AutoTrader.ca & AutoHebdo.net","description":"La plus grande et r\u00e9put\u00e9e place d\u2019affaires automobile au Canada","publisher":{"@id":"https:\/\/go.trader.ca\/#organization"},"potentialAction":[{"@type":"SearchAction","target":{"@type":"EntryPoint","urlTemplate":"https:\/\/go.trader.ca\/?s={search_term_string}"},"query-input":{"@type":"PropertyValueSpecification","valueRequired":true,"valueName":"search_term_string"}}],"inLanguage":"fr-FR"},{"@type":"Organization","@id":"https:\/\/go.trader.ca\/#organization","name":"AutoTrader.ca & AutoHebdo.net","url":"https:\/\/go.trader.ca\/","logo":{"@type":"ImageObject","inLanguage":"fr-FR","@id":"https:\/\/go.trader.ca\/#\/schema\/logo\/image\/","url":"https:\/\/go.trader.ca\/wp-content\/uploads\/2024\/04\/Logo-AutoHebdo-FR.png","contentUrl":"https:\/\/go.trader.ca\/wp-content\/uploads\/2024\/04\/Logo-AutoHebdo-FR.png","width":484,"height":52,"caption":"AutoTrader.ca & AutoHebdo.net"},"image":{"@id":"https:\/\/go.trader.ca\/#\/schema\/logo\/image\/"}}]}},"_links":{"self":[{"href":"https:\/\/go.trader.ca\/fr\/wp-json\/wp\/v2\/pages\/13539","targetHints":{"allow":["GET"]}}],"collection":[{"href":"https:\/\/go.trader.ca\/fr\/wp-json\/wp\/v2\/pages"}],"about":[{"href":"https:\/\/go.trader.ca\/fr\/wp-json\/wp\/v2\/types\/page"}],"author":[{"embeddable":true,"href":"https:\/\/go.trader.ca\/fr\/wp-json\/wp\/v2\/users\/4"}],"replies":[{"embeddable":true,"href":"https:\/\/go.trader.ca\/fr\/wp-json\/wp\/v2\/comments?post=13539"}],"version-history":[{"count":0,"href":"https:\/\/go.trader.ca\/fr\/wp-json\/wp\/v2\/pages\/13539\/revisions"}],"up":[{"embeddable":true,"href":"https:\/\/go.trader.ca\/fr\/wp-json\/wp\/v2\/pages\/2648"}],"wp:attachment":[{"href":"https:\/\/go.trader.ca\/fr\/wp-json\/wp\/v2\/media?parent=13539"}],"curies":[{"name":"wp","href":"https:\/\/api.w.org\/{rel}","templated":true}]}}