{"id":10436,"date":"2022-08-25T11:48:36","date_gmt":"2022-08-25T15:48:36","guid":{"rendered":"https:\/\/go.trader.ca\/?page_id=10436"},"modified":"2022-08-25T11:48:36","modified_gmt":"2022-08-25T15:48:36","slug":"confirmation-de-la-messagerie-texte","status":"publish","type":"page","link":"https:\/\/go.trader.ca\/fr\/commercants\/place-daffaires-en-ligne\/annonces-de-vehicules\/confirmation-de-la-messagerie-texte\/","title":{"rendered":"Confirmation de la messagerie texte"},"content":{"rendered":"<div class=\"wpb-content-wrapper\"><p>[vc_row full_width=\u00a0\u00bbstretch_row\u00a0\u00bb content_placement=\u00a0\u00bbmiddle\u00a0\u00bb css=\u00a0\u00bb.vc_custom_1661189488279{padding-top: 20px !important;padding-bottom: 50px !important;}\u00a0\u00bb][vc_column width=\u00a0\u00bb2\/3&Prime;][vc_column_text css=\u00a0\u00bb.vc_custom_1661442482860{padding-bottom: 10px !important;}\u00a0\u00bb]<\/p>\n<h2>Merci pour votre int\u00e9r\u00eat<\/h2>\n<h4>Votre demande d&rsquo;activation est re\u00e7u<\/h4>\n<p>[\/vc_column_text][vc_empty_space height=\u00a0\u00bb10px\u00a0\u00bb][vc_column_text]Un repr\u00e9sentant AutoHebdo confirmera les coordonn\u00e9es de votre commerce et configurera la messagerie texte pour vous. Vous b\u00e9n\u00e9ficierez alors d\u2019un nouveau canal de communication par le biais de la page des d\u00e9tails de vos annonces sur AutoHebdo.net.<\/p>\n<p>Encore merci de la confiance que vous nous accordez et, comme toujours, nous r\u00e9it\u00e9rons notre engagement collaboratif pour vous aider \u00e0 vendre plus de v\u00e9hicules.[\/vc_column_text][\/vc_column][vc_column width=\u00a0\u00bb1\/3&Prime;][vc_single_image image=\u00a0\u00bb10431&Prime; img_size=\u00a0\u00bbfull\u00a0\u00bb alignment=\u00a0\u00bbcenter\u00a0\u00bb][\/vc_column][\/vc_row]<\/p>\n<\/div>","protected":false},"excerpt":{"rendered":"<p>[vc_row full_width=\u00a0\u00bbstretch_row\u00a0\u00bb content_placement=\u00a0\u00bbmiddle\u00a0\u00bb css=\u00a0\u00bb.vc_custom_1661189488279{padding-top: 20px !important;padding-bottom: 50px !important;}\u00a0\u00bb][vc_column width=\u00a0\u00bb2\/3&Prime;][vc_column_text css=\u00a0\u00bb.vc_custom_1661442482860{padding-bottom: 10px !important;}\u00a0\u00bb] Merci pour votre int\u00e9r\u00eat Votre demande d&rsquo;activation est re\u00e7u [\/vc_column_text][vc_empty_space height=\u00a0\u00bb10px\u00a0\u00bb][vc_column_text]Un repr\u00e9sentant AutoHebdo confirmera les coordonn\u00e9es de votre commerce et configurera la messagerie texte pour vous. Vous b\u00e9n\u00e9ficierez alors d\u2019un nouveau canal de communication par le biais de la page des d\u00e9tails de<\/p>\n","protected":false},"author":4,"featured_media":0,"parent":2668,"menu_order":0,"comment_status":"closed","ping_status":"closed","template":"page-with-title.php","meta":{"site-sidebar-layout":"no-sidebar","site-content-layout":"plain-container","ast-site-content-layout":"default","site-content-style":"default","site-sidebar-style":"default","ast-global-header-display":"","ast-banner-title-visibility":"","ast-main-header-display":"","ast-hfb-above-header-display":"","ast-hfb-below-header-display":"","ast-hfb-mobile-header-display":"","site-post-title":"disabled","ast-breadcrumbs-content":"","ast-featured-img":"disabled","footer-sml-layout":"","ast-disable-related-posts":"","theme-transparent-header-meta":"default","adv-header-id-meta":"","stick-header-meta":"","header-above-stick-meta":"","header-main-stick-meta":"","header-below-stick-meta":"","astra-migrate-meta-layouts":"default","ast-page-background-enabled":"default","ast-page-background-meta":{"desktop":{"background-color":"var(--ast-global-color-4)","background-image":"","background-repeat":"repeat","background-position":"center center","background-size":"auto","background-attachment":"scroll","background-type":"","background-media":"","overlay-type":"","overlay-color":"","overlay-opacity":"","overlay-gradient":""},"tablet":{"background-color":"","background-image":"","background-repeat":"repeat","background-position":"center center","background-size":"auto","background-attachment":"scroll","background-type":"","background-media":"","overlay-type":"","overlay-color":"","overlay-opacity":"","overlay-gradient":""},"mobile":{"background-color":"","background-image":"","background-repeat":"repeat","background-position":"center center","background-size":"auto","background-attachment":"scroll","background-type":"","background-media":"","overlay-type":"","overlay-color":"","overlay-opacity":"","overlay-gradient":""}},"ast-content-background-meta":{"desktop":{"background-color":"var(--ast-global-color-5)","background-image":"","background-repeat":"repeat","background-position":"center center","background-size":"auto","background-attachment":"scroll","background-type":"","background-media":"","overlay-type":"","overlay-color":"","overlay-opacity":"","overlay-gradient":""},"tablet":{"background-color":"var(--ast-global-color-5)","background-image":"","background-repeat":"repeat","background-position":"center center","background-size":"auto","background-attachment":"scroll","background-type":"","background-media":"","overlay-type":"","overlay-color":"","overlay-opacity":"","overlay-gradient":""},"mobile":{"background-color":"var(--ast-global-color-5)","background-image":"","background-repeat":"repeat","background-position":"center center","background-size":"auto","background-attachment":"scroll","background-type":"","background-media":"","overlay-type":"","overlay-color":"","overlay-opacity":"","overlay-gradient":""}},"footnotes":""},"class_list":["post-10436","page","type-page","status-publish","hentry"],"acf":[],"yoast_head":"<!-- This site is optimized with the Yoast SEO plugin v27.3 - https:\/\/yoast.com\/product\/yoast-seo-wordpress\/ -->\n<title>Confirmation de la messagerie texte | Soci\u00e9t\u00e9 TRADER<\/title>\n<meta name=\"robots\" content=\"index, follow, max-snippet:-1, max-image-preview:large, max-video-preview:-1\" \/>\n<link rel=\"canonical\" href=\"https:\/\/go.trader.ca\/fr\/commercants\/place-daffaires-en-ligne\/annonces-de-vehicules\/confirmation-de-la-messagerie-texte\/\" \/>\n<meta property=\"og:locale\" content=\"fr_FR\" \/>\n<meta property=\"og:type\" content=\"article\" \/>\n<meta property=\"og:title\" content=\"Confirmation de la messagerie texte | Soci\u00e9t\u00e9 TRADER\" \/>\n<meta property=\"og:description\" content=\"[vc_row full_width=\u00a0\u00bbstretch_row\u00a0\u00bb content_placement=\u00a0\u00bbmiddle\u00a0\u00bb css=\u00a0\u00bb.vc_custom_1661189488279{padding-top: 20px !important;padding-bottom: 50px !important;}\u00a0\u00bb][vc_column width=\u00a0\u00bb2\/3&Prime;][vc_column_text css=\u00a0\u00bb.vc_custom_1661442482860{padding-bottom: 10px !important;}\u00a0\u00bb] Merci pour votre int\u00e9r\u00eat Votre demande d&rsquo;activation est re\u00e7u [\/vc_column_text][vc_empty_space height=\u00a0\u00bb10px\u00a0\u00bb][vc_column_text]Un repr\u00e9sentant AutoHebdo confirmera les coordonn\u00e9es de votre commerce et configurera la messagerie texte pour vous. Vous b\u00e9n\u00e9ficierez alors d\u2019un nouveau canal de communication par le biais de la page des d\u00e9tails de\" \/>\n<meta property=\"og:url\" content=\"https:\/\/go.trader.ca\/fr\/commercants\/place-daffaires-en-ligne\/annonces-de-vehicules\/confirmation-de-la-messagerie-texte\/\" \/>\n<meta property=\"og:site_name\" content=\"TRADER\" \/>\n<meta name=\"twitter:card\" content=\"summary_large_image\" \/>\n<meta name=\"twitter:label1\" content=\"Dur\u00e9e de lecture estim\u00e9e\" \/>\n\t<meta name=\"twitter:data1\" content=\"1 minute\" \/>\n<script type=\"application\/ld+json\" class=\"yoast-schema-graph\">{\"@context\":\"https:\\\/\\\/schema.org\",\"@graph\":[{\"@type\":\"WebPage\",\"@id\":\"https:\\\/\\\/go.trader.ca\\\/fr\\\/commercants\\\/place-daffaires-en-ligne\\\/annonces-de-vehicules\\\/confirmation-de-la-messagerie-texte\\\/\",\"url\":\"https:\\\/\\\/go.trader.ca\\\/fr\\\/commercants\\\/place-daffaires-en-ligne\\\/annonces-de-vehicules\\\/confirmation-de-la-messagerie-texte\\\/\",\"name\":\"Confirmation de la messagerie texte | Soci\u00e9t\u00e9 TRADER\",\"isPartOf\":{\"@id\":\"https:\\\/\\\/go.trader.ca\\\/#website\"},\"datePublished\":\"2022-08-25T15:48:36+00:00\",\"breadcrumb\":{\"@id\":\"https:\\\/\\\/go.trader.ca\\\/fr\\\/commercants\\\/place-daffaires-en-ligne\\\/annonces-de-vehicules\\\/confirmation-de-la-messagerie-texte\\\/#breadcrumb\"},\"inLanguage\":\"fr-FR\",\"potentialAction\":[{\"@type\":\"ReadAction\",\"target\":[\"https:\\\/\\\/go.trader.ca\\\/fr\\\/commercants\\\/place-daffaires-en-ligne\\\/annonces-de-vehicules\\\/confirmation-de-la-messagerie-texte\\\/\"]}]},{\"@type\":\"BreadcrumbList\",\"@id\":\"https:\\\/\\\/go.trader.ca\\\/fr\\\/commercants\\\/place-daffaires-en-ligne\\\/annonces-de-vehicules\\\/confirmation-de-la-messagerie-texte\\\/#breadcrumb\",\"itemListElement\":[{\"@type\":\"ListItem\",\"position\":1,\"name\":\"Home\",\"item\":\"https:\\\/\\\/go.trader.ca\\\/fr\\\/\"},{\"@type\":\"ListItem\",\"position\":2,\"name\":\"Produits et services\",\"item\":\"https:\\\/\\\/go.trader.ca\\\/fr\\\/commercants\\\/\"},{\"@type\":\"ListItem\",\"position\":3,\"name\":\"Place d\u2019affaires en ligne\",\"item\":\"https:\\\/\\\/go.trader.ca\\\/fr\\\/commercants\\\/place-daffaires-en-ligne\\\/\"},{\"@type\":\"ListItem\",\"position\":4,\"name\":\"Annonces de v\u00e9hicules d&#8217;occasion AutoHebdo.net\",\"item\":\"https:\\\/\\\/go.trader.ca\\\/fr\\\/commercants\\\/place-daffaires-en-ligne\\\/annonces-de-vehicules\\\/\"},{\"@type\":\"ListItem\",\"position\":5,\"name\":\"Confirmation de la messagerie texte\"}]},{\"@type\":\"WebSite\",\"@id\":\"https:\\\/\\\/go.trader.ca\\\/#website\",\"url\":\"https:\\\/\\\/go.trader.ca\\\/\",\"name\":\"AutoTrader.ca & AutoHebdo.net\",\"description\":\"La plus grande et r\u00e9put\u00e9e place d\u2019affaires automobile au Canada\",\"publisher\":{\"@id\":\"https:\\\/\\\/go.trader.ca\\\/#organization\"},\"potentialAction\":[{\"@type\":\"SearchAction\",\"target\":{\"@type\":\"EntryPoint\",\"urlTemplate\":\"https:\\\/\\\/go.trader.ca\\\/?s={search_term_string}\"},\"query-input\":{\"@type\":\"PropertyValueSpecification\",\"valueRequired\":true,\"valueName\":\"search_term_string\"}}],\"inLanguage\":\"fr-FR\"},{\"@type\":\"Organization\",\"@id\":\"https:\\\/\\\/go.trader.ca\\\/#organization\",\"name\":\"AutoTrader.ca & AutoHebdo.net\",\"url\":\"https:\\\/\\\/go.trader.ca\\\/\",\"logo\":{\"@type\":\"ImageObject\",\"inLanguage\":\"fr-FR\",\"@id\":\"https:\\\/\\\/go.trader.ca\\\/#\\\/schema\\\/logo\\\/image\\\/\",\"url\":\"https:\\\/\\\/go.trader.ca\\\/wp-content\\\/uploads\\\/2024\\\/04\\\/Logo-AutoHebdo-FR.png\",\"contentUrl\":\"https:\\\/\\\/go.trader.ca\\\/wp-content\\\/uploads\\\/2024\\\/04\\\/Logo-AutoHebdo-FR.png\",\"width\":484,\"height\":52,\"caption\":\"AutoTrader.ca & AutoHebdo.net\"},\"image\":{\"@id\":\"https:\\\/\\\/go.trader.ca\\\/#\\\/schema\\\/logo\\\/image\\\/\"}}]}<\/script>\n<!-- \/ Yoast SEO plugin. -->","yoast_head_json":{"title":"Confirmation de la messagerie texte | Soci\u00e9t\u00e9 TRADER","robots":{"index":"index","follow":"follow","max-snippet":"max-snippet:-1","max-image-preview":"max-image-preview:large","max-video-preview":"max-video-preview:-1"},"canonical":"https:\/\/go.trader.ca\/fr\/commercants\/place-daffaires-en-ligne\/annonces-de-vehicules\/confirmation-de-la-messagerie-texte\/","og_locale":"fr_FR","og_type":"article","og_title":"Confirmation de la messagerie texte | Soci\u00e9t\u00e9 TRADER","og_description":"[vc_row full_width=\u00a0\u00bbstretch_row\u00a0\u00bb content_placement=\u00a0\u00bbmiddle\u00a0\u00bb css=\u00a0\u00bb.vc_custom_1661189488279{padding-top: 20px !important;padding-bottom: 50px !important;}\u00a0\u00bb][vc_column width=\u00a0\u00bb2\/3&Prime;][vc_column_text css=\u00a0\u00bb.vc_custom_1661442482860{padding-bottom: 10px !important;}\u00a0\u00bb] Merci pour votre int\u00e9r\u00eat Votre demande d&rsquo;activation est re\u00e7u [\/vc_column_text][vc_empty_space height=\u00a0\u00bb10px\u00a0\u00bb][vc_column_text]Un repr\u00e9sentant AutoHebdo confirmera les coordonn\u00e9es de votre commerce et configurera la messagerie texte pour vous. Vous b\u00e9n\u00e9ficierez alors d\u2019un nouveau canal de communication par le biais de la page des d\u00e9tails de","og_url":"https:\/\/go.trader.ca\/fr\/commercants\/place-daffaires-en-ligne\/annonces-de-vehicules\/confirmation-de-la-messagerie-texte\/","og_site_name":"TRADER","twitter_card":"summary_large_image","twitter_misc":{"Dur\u00e9e de lecture estim\u00e9e":"1 minute"},"schema":{"@context":"https:\/\/schema.org","@graph":[{"@type":"WebPage","@id":"https:\/\/go.trader.ca\/fr\/commercants\/place-daffaires-en-ligne\/annonces-de-vehicules\/confirmation-de-la-messagerie-texte\/","url":"https:\/\/go.trader.ca\/fr\/commercants\/place-daffaires-en-ligne\/annonces-de-vehicules\/confirmation-de-la-messagerie-texte\/","name":"Confirmation de la messagerie texte | Soci\u00e9t\u00e9 TRADER","isPartOf":{"@id":"https:\/\/go.trader.ca\/#website"},"datePublished":"2022-08-25T15:48:36+00:00","breadcrumb":{"@id":"https:\/\/go.trader.ca\/fr\/commercants\/place-daffaires-en-ligne\/annonces-de-vehicules\/confirmation-de-la-messagerie-texte\/#breadcrumb"},"inLanguage":"fr-FR","potentialAction":[{"@type":"ReadAction","target":["https:\/\/go.trader.ca\/fr\/commercants\/place-daffaires-en-ligne\/annonces-de-vehicules\/confirmation-de-la-messagerie-texte\/"]}]},{"@type":"BreadcrumbList","@id":"https:\/\/go.trader.ca\/fr\/commercants\/place-daffaires-en-ligne\/annonces-de-vehicules\/confirmation-de-la-messagerie-texte\/#breadcrumb","itemListElement":[{"@type":"ListItem","position":1,"name":"Home","item":"https:\/\/go.trader.ca\/fr\/"},{"@type":"ListItem","position":2,"name":"Produits et services","item":"https:\/\/go.trader.ca\/fr\/commercants\/"},{"@type":"ListItem","position":3,"name":"Place d\u2019affaires en ligne","item":"https:\/\/go.trader.ca\/fr\/commercants\/place-daffaires-en-ligne\/"},{"@type":"ListItem","position":4,"name":"Annonces de v\u00e9hicules d&#8217;occasion AutoHebdo.net","item":"https:\/\/go.trader.ca\/fr\/commercants\/place-daffaires-en-ligne\/annonces-de-vehicules\/"},{"@type":"ListItem","position":5,"name":"Confirmation de la messagerie texte"}]},{"@type":"WebSite","@id":"https:\/\/go.trader.ca\/#website","url":"https:\/\/go.trader.ca\/","name":"AutoTrader.ca & AutoHebdo.net","description":"La plus grande et r\u00e9put\u00e9e place d\u2019affaires automobile au Canada","publisher":{"@id":"https:\/\/go.trader.ca\/#organization"},"potentialAction":[{"@type":"SearchAction","target":{"@type":"EntryPoint","urlTemplate":"https:\/\/go.trader.ca\/?s={search_term_string}"},"query-input":{"@type":"PropertyValueSpecification","valueRequired":true,"valueName":"search_term_string"}}],"inLanguage":"fr-FR"},{"@type":"Organization","@id":"https:\/\/go.trader.ca\/#organization","name":"AutoTrader.ca & AutoHebdo.net","url":"https:\/\/go.trader.ca\/","logo":{"@type":"ImageObject","inLanguage":"fr-FR","@id":"https:\/\/go.trader.ca\/#\/schema\/logo\/image\/","url":"https:\/\/go.trader.ca\/wp-content\/uploads\/2024\/04\/Logo-AutoHebdo-FR.png","contentUrl":"https:\/\/go.trader.ca\/wp-content\/uploads\/2024\/04\/Logo-AutoHebdo-FR.png","width":484,"height":52,"caption":"AutoTrader.ca & AutoHebdo.net"},"image":{"@id":"https:\/\/go.trader.ca\/#\/schema\/logo\/image\/"}}]}},"_links":{"self":[{"href":"https:\/\/go.trader.ca\/fr\/wp-json\/wp\/v2\/pages\/10436","targetHints":{"allow":["GET"]}}],"collection":[{"href":"https:\/\/go.trader.ca\/fr\/wp-json\/wp\/v2\/pages"}],"about":[{"href":"https:\/\/go.trader.ca\/fr\/wp-json\/wp\/v2\/types\/page"}],"author":[{"embeddable":true,"href":"https:\/\/go.trader.ca\/fr\/wp-json\/wp\/v2\/users\/4"}],"replies":[{"embeddable":true,"href":"https:\/\/go.trader.ca\/fr\/wp-json\/wp\/v2\/comments?post=10436"}],"version-history":[{"count":0,"href":"https:\/\/go.trader.ca\/fr\/wp-json\/wp\/v2\/pages\/10436\/revisions"}],"up":[{"embeddable":true,"href":"https:\/\/go.trader.ca\/fr\/wp-json\/wp\/v2\/pages\/2668"}],"wp:attachment":[{"href":"https:\/\/go.trader.ca\/fr\/wp-json\/wp\/v2\/media?parent=10436"}],"curies":[{"name":"wp","href":"https:\/\/api.w.org\/{rel}","templated":true}]}}