{"id":10430,"date":"2022-08-22T16:51:42","date_gmt":"2022-08-22T20:51:42","guid":{"rendered":"https:\/\/go.trader.ca\/?page_id=10430"},"modified":"2022-08-23T11:04:54","modified_gmt":"2022-08-23T15:04:54","slug":"activation-de-la-messagerie-texte","status":"publish","type":"page","link":"https:\/\/go.trader.ca\/fr\/commercants\/place-daffaires-en-ligne\/annonces-de-vehicules\/activation-de-la-messagerie-texte\/","title":{"rendered":"Activation de la messagerie texte"},"content":{"rendered":"<div class=\"wpb-content-wrapper\"><p>[vc_row full_width=\u00a0\u00bbstretch_row\u00a0\u00bb content_placement=\u00a0\u00bbmiddle\u00a0\u00bb css=\u00a0\u00bb.vc_custom_1661189488279{padding-top: 20px !important;padding-bottom: 50px !important;}\u00a0\u00bb][vc_column width=\u00a0\u00bb2\/3&Prime;][vc_column_text css=\u00a0\u00bb.vc_custom_1661201113646{padding-bottom: 10px !important;}\u00a0\u00bb]<\/p>\n<h2>Des prospects qui vous sont livr\u00e9es directement au bout des doigts<\/h2>\n<h4>Activez la fonction de demande d\u2019information par texto: \u00e7a se fait en 30 secondes (ou moins)<\/h4>\n<p>[\/vc_column_text][vc_empty_space height=\u00a0\u00bb10px\u00a0\u00bb][vc_column_text]Pour activer la fonction de messagerie texte, qui est incluse dans le forfait Place d\u2019affaires en ligne auquel vous adh\u00e9rez pr\u00e9sentement, veuillez <u>remplir le formulaire ci-dessous<\/u>.<\/p>\n<p>Un repr\u00e9sentant AutoHebdo confirmera les coordonn\u00e9es de votre commerce et configurera la messagerie texte pour vous. Vous b\u00e9n\u00e9ficierez alors d\u2019un nouveau canal de communication par le biais de la page des d\u00e9tails de vos annonces sur AutoHebdo.net.<\/p>\n<p>Encore merci de la confiance que vous nous accordez et, comme toujours, nous r\u00e9it\u00e9rons notre engagement collaboratif pour vous aider \u00e0 vendre plus de v\u00e9hicules.[\/vc_column_text][vc_empty_space height=\u00a0\u00bb20px\u00a0\u00bb][vc_btn title=\u00a0\u00bbCOMMENCER ICI\u00a0\u00bb style=\u00a0\u00bbcustom\u00a0\u00bb custom_background=\u00a0\u00bb\u00a0\u00bb custom_text=\u00a0\u00bb#ffffff\u00a0\u00bb link=\u00a0\u00bburl:%23activation||\u00a0\u00bb el_class=\u00a0\u00bbbutton-red\u00a0\u00bb][\/vc_column][vc_column width=\u00a0\u00bb1\/3&Prime;][vc_single_image image=\u00a0\u00bb10431&Prime; img_size=\u00a0\u00bbfull\u00a0\u00bb alignment=\u00a0\u00bbcenter\u00a0\u00bb][\/vc_column][\/vc_row][vc_row full_width=\u00a0\u00bbstretch_row\u00a0\u00bb css=\u00a0\u00bb.vc_custom_1661189190483{margin-bottom: 70px !important;padding-top: 50px !important;padding-bottom: 50px !important;background-color: #ade5ed !important;}\u00a0\u00bb][vc_column][vc_column_text]<\/p>\n<h2 style=\"margin-bottom: 10px; text-align: left;\">LE SAVIEZ-VOUS?<\/h2>\n<p style=\"text-align: left;\">Le nombre de demandes d\u2019information par messagerie texte a grimp\u00e9 en fl\u00e8che de 122% sur une ann\u00e9e au troisi\u00e8me trimestre, sur la place d\u2019affaires. De plus, pour 37% des acheteurs automobiles, il s\u2019agirait de leur mode de communication pr\u00e9f\u00e9r\u00e9 avec leur concessionnaire ou marchand.<sup>\u2020<\/sup><\/p>\n<p>[\/vc_column_text][vc_empty_space height=\u00a0\u00bb10px\u00a0\u00bb][vc_column_text]<\/p>\n<p style=\"text-align: left;\"><span style=\"font-size: 10px; color: #525455;\">Source: \u2020 Donn\u00e9es internes AutoHebdo.net, juillet 2022.<br \/>\n<\/span><\/p>\n<p>[\/vc_column_text][\/vc_column][\/vc_row][vc_row el_class=\u00a0\u00bbform-bg\u00a0\u00bb el_id=\u00a0\u00bbactivation\u00a0\u00bb][vc_column][vc_empty_space height=\u00a0\u00bb50px\u00a0\u00bb][vc_column_text]<\/p>\n<h2 style=\"text-align: center;\">Activez la fonction de demande d\u2019information par texto<\/h2>\n<h4 style=\"text-align: center;\">Il suffit de nous fournir quelques renseignements et on s\u2019occupera du reste!<\/h4>\n<p>[\/vc_column_text][vc_empty_space height=\u00a0\u00bb20px\u00a0\u00bb][vc_raw_html]JTNDc2NyaXB0JTIwc3JjJTNEJTIyJTJGJTJGMzQzLVlVTC01MDEubWt0b3dlYi5jb20lMkZqcyUyRmZvcm1zMiUyRmpzJTJGZm9ybXMyLm1pbi5qcyUyMiUzRSUzQyUyRnNjcmlwdCUzRSUwQSUzQ2Zvcm0lMjBpZCUzRCUyMm1rdG9Gb3JtXzIxMTQlMjIlM0UlM0MlMkZmb3JtJTNFJTBBJTNDc2NyaXB0JTNFTWt0b0Zvcm1zMi5sb2FkRm9ybSUyOCUyMiUyRiUyRjM0My1ZVUwtNTAxLm1rdG93ZWIuY29tJTIyJTJDJTIwJTIyMzQzLVlVTC01MDElMjIlMkMlMjAyMTE0JTI5JTNCJTNDJTJGc2NyaXB0JTNF[\/vc_raw_html][vc_empty_space height=\u00a0\u00bb50px\u00a0\u00bb][\/vc_column][\/vc_row][vc_row][vc_column][vc_empty_space height=\u00a0\u00bb70px\u00a0\u00bb][\/vc_column][\/vc_row]<\/p>\n<\/div>","protected":false},"excerpt":{"rendered":"<p>[vc_row full_width=\u00a0\u00bbstretch_row\u00a0\u00bb content_placement=\u00a0\u00bbmiddle\u00a0\u00bb css=\u00a0\u00bb.vc_custom_1661189488279{padding-top: 20px !important;padding-bottom: 50px !important;}\u00a0\u00bb][vc_column width=\u00a0\u00bb2\/3&Prime;][vc_column_text css=\u00a0\u00bb.vc_custom_1661201113646{padding-bottom: 10px !important;}\u00a0\u00bb] Des prospects qui vous sont livr\u00e9es directement au bout des doigts Activez la fonction de demande d\u2019information par texto: \u00e7a se fait en 30 secondes (ou moins) [\/vc_column_text][vc_empty_space height=\u00a0\u00bb10px\u00a0\u00bb][vc_column_text]Pour activer la fonction de messagerie texte, qui est incluse dans le forfait Place d\u2019affaires<\/p>\n","protected":false},"author":4,"featured_media":0,"parent":2668,"menu_order":0,"comment_status":"closed","ping_status":"closed","template":"page-with-title.php","meta":{"site-sidebar-layout":"no-sidebar","site-content-layout":"plain-container","ast-site-content-layout":"default","site-content-style":"default","site-sidebar-style":"default","ast-global-header-display":"","ast-banner-title-visibility":"","ast-main-header-display":"","ast-hfb-above-header-display":"","ast-hfb-below-header-display":"","ast-hfb-mobile-header-display":"","site-post-title":"disabled","ast-breadcrumbs-content":"","ast-featured-img":"disabled","footer-sml-layout":"","ast-disable-related-posts":"","theme-transparent-header-meta":"default","adv-header-id-meta":"","stick-header-meta":"","header-above-stick-meta":"","header-main-stick-meta":"","header-below-stick-meta":"","astra-migrate-meta-layouts":"default","ast-page-background-enabled":"default","ast-page-background-meta":{"desktop":{"background-color":"var(--ast-global-color-4)","background-image":"","background-repeat":"repeat","background-position":"center center","background-size":"auto","background-attachment":"scroll","background-type":"","background-media":"","overlay-type":"","overlay-color":"","overlay-opacity":"","overlay-gradient":""},"tablet":{"background-color":"","background-image":"","background-repeat":"repeat","background-position":"center center","background-size":"auto","background-attachment":"scroll","background-type":"","background-media":"","overlay-type":"","overlay-color":"","overlay-opacity":"","overlay-gradient":""},"mobile":{"background-color":"","background-image":"","background-repeat":"repeat","background-position":"center center","background-size":"auto","background-attachment":"scroll","background-type":"","background-media":"","overlay-type":"","overlay-color":"","overlay-opacity":"","overlay-gradient":""}},"ast-content-background-meta":{"desktop":{"background-color":"var(--ast-global-color-5)","background-image":"","background-repeat":"repeat","background-position":"center center","background-size":"auto","background-attachment":"scroll","background-type":"","background-media":"","overlay-type":"","overlay-color":"","overlay-opacity":"","overlay-gradient":""},"tablet":{"background-color":"var(--ast-global-color-5)","background-image":"","background-repeat":"repeat","background-position":"center center","background-size":"auto","background-attachment":"scroll","background-type":"","background-media":"","overlay-type":"","overlay-color":"","overlay-opacity":"","overlay-gradient":""},"mobile":{"background-color":"var(--ast-global-color-5)","background-image":"","background-repeat":"repeat","background-position":"center center","background-size":"auto","background-attachment":"scroll","background-type":"","background-media":"","overlay-type":"","overlay-color":"","overlay-opacity":"","overlay-gradient":""}},"footnotes":""},"class_list":["post-10430","page","type-page","status-publish","hentry"],"acf":[],"yoast_head":"<!-- This site is optimized with the Yoast SEO plugin v27.3 - https:\/\/yoast.com\/product\/yoast-seo-wordpress\/ -->\n<title>Activation de la messagerie texte | Soci\u00e9t\u00e9 TRADER<\/title>\n<meta name=\"robots\" content=\"index, follow, max-snippet:-1, max-image-preview:large, max-video-preview:-1\" \/>\n<link rel=\"canonical\" href=\"https:\/\/go.trader.ca\/fr\/commercants\/place-daffaires-en-ligne\/annonces-de-vehicules\/activation-de-la-messagerie-texte\/\" \/>\n<meta property=\"og:locale\" content=\"fr_FR\" \/>\n<meta property=\"og:type\" content=\"article\" \/>\n<meta property=\"og:title\" content=\"Activation de la messagerie texte | Soci\u00e9t\u00e9 TRADER\" \/>\n<meta property=\"og:description\" content=\"[vc_row full_width=\u00a0\u00bbstretch_row\u00a0\u00bb content_placement=\u00a0\u00bbmiddle\u00a0\u00bb css=\u00a0\u00bb.vc_custom_1661189488279{padding-top: 20px !important;padding-bottom: 50px !important;}\u00a0\u00bb][vc_column width=\u00a0\u00bb2\/3&Prime;][vc_column_text css=\u00a0\u00bb.vc_custom_1661201113646{padding-bottom: 10px !important;}\u00a0\u00bb] Des prospects qui vous sont livr\u00e9es directement au bout des doigts Activez la fonction de demande d\u2019information par texto: \u00e7a se fait en 30 secondes (ou moins) [\/vc_column_text][vc_empty_space height=\u00a0\u00bb10px\u00a0\u00bb][vc_column_text]Pour activer la fonction de messagerie texte, qui est incluse dans le forfait Place d\u2019affaires\" \/>\n<meta property=\"og:url\" content=\"https:\/\/go.trader.ca\/fr\/commercants\/place-daffaires-en-ligne\/annonces-de-vehicules\/activation-de-la-messagerie-texte\/\" \/>\n<meta property=\"og:site_name\" content=\"TRADER\" \/>\n<meta property=\"article:modified_time\" content=\"2022-08-23T15:04:54+00:00\" \/>\n<meta name=\"twitter:card\" content=\"summary_large_image\" \/>\n<meta name=\"twitter:label1\" content=\"Dur\u00e9e de lecture estim\u00e9e\" \/>\n\t<meta name=\"twitter:data1\" content=\"2 minutes\" \/>\n<script type=\"application\/ld+json\" class=\"yoast-schema-graph\">{\"@context\":\"https:\\\/\\\/schema.org\",\"@graph\":[{\"@type\":\"WebPage\",\"@id\":\"https:\\\/\\\/go.trader.ca\\\/fr\\\/commercants\\\/place-daffaires-en-ligne\\\/annonces-de-vehicules\\\/activation-de-la-messagerie-texte\\\/\",\"url\":\"https:\\\/\\\/go.trader.ca\\\/fr\\\/commercants\\\/place-daffaires-en-ligne\\\/annonces-de-vehicules\\\/activation-de-la-messagerie-texte\\\/\",\"name\":\"Activation de la messagerie texte | Soci\u00e9t\u00e9 TRADER\",\"isPartOf\":{\"@id\":\"https:\\\/\\\/go.trader.ca\\\/#website\"},\"datePublished\":\"2022-08-22T20:51:42+00:00\",\"dateModified\":\"2022-08-23T15:04:54+00:00\",\"breadcrumb\":{\"@id\":\"https:\\\/\\\/go.trader.ca\\\/fr\\\/commercants\\\/place-daffaires-en-ligne\\\/annonces-de-vehicules\\\/activation-de-la-messagerie-texte\\\/#breadcrumb\"},\"inLanguage\":\"fr-FR\",\"potentialAction\":[{\"@type\":\"ReadAction\",\"target\":[\"https:\\\/\\\/go.trader.ca\\\/fr\\\/commercants\\\/place-daffaires-en-ligne\\\/annonces-de-vehicules\\\/activation-de-la-messagerie-texte\\\/\"]}]},{\"@type\":\"BreadcrumbList\",\"@id\":\"https:\\\/\\\/go.trader.ca\\\/fr\\\/commercants\\\/place-daffaires-en-ligne\\\/annonces-de-vehicules\\\/activation-de-la-messagerie-texte\\\/#breadcrumb\",\"itemListElement\":[{\"@type\":\"ListItem\",\"position\":1,\"name\":\"Home\",\"item\":\"https:\\\/\\\/go.trader.ca\\\/fr\\\/\"},{\"@type\":\"ListItem\",\"position\":2,\"name\":\"Produits et services\",\"item\":\"https:\\\/\\\/go.trader.ca\\\/fr\\\/commercants\\\/\"},{\"@type\":\"ListItem\",\"position\":3,\"name\":\"Place d\u2019affaires en ligne\",\"item\":\"https:\\\/\\\/go.trader.ca\\\/fr\\\/commercants\\\/place-daffaires-en-ligne\\\/\"},{\"@type\":\"ListItem\",\"position\":4,\"name\":\"Annonces de v\u00e9hicules d&#8217;occasion AutoHebdo.net\",\"item\":\"https:\\\/\\\/go.trader.ca\\\/fr\\\/commercants\\\/place-daffaires-en-ligne\\\/annonces-de-vehicules\\\/\"},{\"@type\":\"ListItem\",\"position\":5,\"name\":\"Activation de la messagerie texte\"}]},{\"@type\":\"WebSite\",\"@id\":\"https:\\\/\\\/go.trader.ca\\\/#website\",\"url\":\"https:\\\/\\\/go.trader.ca\\\/\",\"name\":\"AutoTrader.ca & AutoHebdo.net\",\"description\":\"La plus grande et r\u00e9put\u00e9e place d\u2019affaires automobile au Canada\",\"publisher\":{\"@id\":\"https:\\\/\\\/go.trader.ca\\\/#organization\"},\"potentialAction\":[{\"@type\":\"SearchAction\",\"target\":{\"@type\":\"EntryPoint\",\"urlTemplate\":\"https:\\\/\\\/go.trader.ca\\\/?s={search_term_string}\"},\"query-input\":{\"@type\":\"PropertyValueSpecification\",\"valueRequired\":true,\"valueName\":\"search_term_string\"}}],\"inLanguage\":\"fr-FR\"},{\"@type\":\"Organization\",\"@id\":\"https:\\\/\\\/go.trader.ca\\\/#organization\",\"name\":\"AutoTrader.ca & AutoHebdo.net\",\"url\":\"https:\\\/\\\/go.trader.ca\\\/\",\"logo\":{\"@type\":\"ImageObject\",\"inLanguage\":\"fr-FR\",\"@id\":\"https:\\\/\\\/go.trader.ca\\\/#\\\/schema\\\/logo\\\/image\\\/\",\"url\":\"https:\\\/\\\/go.trader.ca\\\/wp-content\\\/uploads\\\/2024\\\/04\\\/Logo-AutoHebdo-FR.png\",\"contentUrl\":\"https:\\\/\\\/go.trader.ca\\\/wp-content\\\/uploads\\\/2024\\\/04\\\/Logo-AutoHebdo-FR.png\",\"width\":484,\"height\":52,\"caption\":\"AutoTrader.ca & AutoHebdo.net\"},\"image\":{\"@id\":\"https:\\\/\\\/go.trader.ca\\\/#\\\/schema\\\/logo\\\/image\\\/\"}}]}<\/script>\n<!-- \/ Yoast SEO plugin. -->","yoast_head_json":{"title":"Activation de la messagerie texte | Soci\u00e9t\u00e9 TRADER","robots":{"index":"index","follow":"follow","max-snippet":"max-snippet:-1","max-image-preview":"max-image-preview:large","max-video-preview":"max-video-preview:-1"},"canonical":"https:\/\/go.trader.ca\/fr\/commercants\/place-daffaires-en-ligne\/annonces-de-vehicules\/activation-de-la-messagerie-texte\/","og_locale":"fr_FR","og_type":"article","og_title":"Activation de la messagerie texte | Soci\u00e9t\u00e9 TRADER","og_description":"[vc_row full_width=\u00a0\u00bbstretch_row\u00a0\u00bb content_placement=\u00a0\u00bbmiddle\u00a0\u00bb css=\u00a0\u00bb.vc_custom_1661189488279{padding-top: 20px !important;padding-bottom: 50px !important;}\u00a0\u00bb][vc_column width=\u00a0\u00bb2\/3&Prime;][vc_column_text css=\u00a0\u00bb.vc_custom_1661201113646{padding-bottom: 10px !important;}\u00a0\u00bb] Des prospects qui vous sont livr\u00e9es directement au bout des doigts Activez la fonction de demande d\u2019information par texto: \u00e7a se fait en 30 secondes (ou moins) [\/vc_column_text][vc_empty_space height=\u00a0\u00bb10px\u00a0\u00bb][vc_column_text]Pour activer la fonction de messagerie texte, qui est incluse dans le forfait Place d\u2019affaires","og_url":"https:\/\/go.trader.ca\/fr\/commercants\/place-daffaires-en-ligne\/annonces-de-vehicules\/activation-de-la-messagerie-texte\/","og_site_name":"TRADER","article_modified_time":"2022-08-23T15:04:54+00:00","twitter_card":"summary_large_image","twitter_misc":{"Dur\u00e9e de lecture estim\u00e9e":"2 minutes"},"schema":{"@context":"https:\/\/schema.org","@graph":[{"@type":"WebPage","@id":"https:\/\/go.trader.ca\/fr\/commercants\/place-daffaires-en-ligne\/annonces-de-vehicules\/activation-de-la-messagerie-texte\/","url":"https:\/\/go.trader.ca\/fr\/commercants\/place-daffaires-en-ligne\/annonces-de-vehicules\/activation-de-la-messagerie-texte\/","name":"Activation de la messagerie texte | Soci\u00e9t\u00e9 TRADER","isPartOf":{"@id":"https:\/\/go.trader.ca\/#website"},"datePublished":"2022-08-22T20:51:42+00:00","dateModified":"2022-08-23T15:04:54+00:00","breadcrumb":{"@id":"https:\/\/go.trader.ca\/fr\/commercants\/place-daffaires-en-ligne\/annonces-de-vehicules\/activation-de-la-messagerie-texte\/#breadcrumb"},"inLanguage":"fr-FR","potentialAction":[{"@type":"ReadAction","target":["https:\/\/go.trader.ca\/fr\/commercants\/place-daffaires-en-ligne\/annonces-de-vehicules\/activation-de-la-messagerie-texte\/"]}]},{"@type":"BreadcrumbList","@id":"https:\/\/go.trader.ca\/fr\/commercants\/place-daffaires-en-ligne\/annonces-de-vehicules\/activation-de-la-messagerie-texte\/#breadcrumb","itemListElement":[{"@type":"ListItem","position":1,"name":"Home","item":"https:\/\/go.trader.ca\/fr\/"},{"@type":"ListItem","position":2,"name":"Produits et services","item":"https:\/\/go.trader.ca\/fr\/commercants\/"},{"@type":"ListItem","position":3,"name":"Place d\u2019affaires en ligne","item":"https:\/\/go.trader.ca\/fr\/commercants\/place-daffaires-en-ligne\/"},{"@type":"ListItem","position":4,"name":"Annonces de v\u00e9hicules d&#8217;occasion AutoHebdo.net","item":"https:\/\/go.trader.ca\/fr\/commercants\/place-daffaires-en-ligne\/annonces-de-vehicules\/"},{"@type":"ListItem","position":5,"name":"Activation de la messagerie texte"}]},{"@type":"WebSite","@id":"https:\/\/go.trader.ca\/#website","url":"https:\/\/go.trader.ca\/","name":"AutoTrader.ca & AutoHebdo.net","description":"La plus grande et r\u00e9put\u00e9e place d\u2019affaires automobile au Canada","publisher":{"@id":"https:\/\/go.trader.ca\/#organization"},"potentialAction":[{"@type":"SearchAction","target":{"@type":"EntryPoint","urlTemplate":"https:\/\/go.trader.ca\/?s={search_term_string}"},"query-input":{"@type":"PropertyValueSpecification","valueRequired":true,"valueName":"search_term_string"}}],"inLanguage":"fr-FR"},{"@type":"Organization","@id":"https:\/\/go.trader.ca\/#organization","name":"AutoTrader.ca & AutoHebdo.net","url":"https:\/\/go.trader.ca\/","logo":{"@type":"ImageObject","inLanguage":"fr-FR","@id":"https:\/\/go.trader.ca\/#\/schema\/logo\/image\/","url":"https:\/\/go.trader.ca\/wp-content\/uploads\/2024\/04\/Logo-AutoHebdo-FR.png","contentUrl":"https:\/\/go.trader.ca\/wp-content\/uploads\/2024\/04\/Logo-AutoHebdo-FR.png","width":484,"height":52,"caption":"AutoTrader.ca & AutoHebdo.net"},"image":{"@id":"https:\/\/go.trader.ca\/#\/schema\/logo\/image\/"}}]}},"_links":{"self":[{"href":"https:\/\/go.trader.ca\/fr\/wp-json\/wp\/v2\/pages\/10430","targetHints":{"allow":["GET"]}}],"collection":[{"href":"https:\/\/go.trader.ca\/fr\/wp-json\/wp\/v2\/pages"}],"about":[{"href":"https:\/\/go.trader.ca\/fr\/wp-json\/wp\/v2\/types\/page"}],"author":[{"embeddable":true,"href":"https:\/\/go.trader.ca\/fr\/wp-json\/wp\/v2\/users\/4"}],"replies":[{"embeddable":true,"href":"https:\/\/go.trader.ca\/fr\/wp-json\/wp\/v2\/comments?post=10430"}],"version-history":[{"count":0,"href":"https:\/\/go.trader.ca\/fr\/wp-json\/wp\/v2\/pages\/10430\/revisions"}],"up":[{"embeddable":true,"href":"https:\/\/go.trader.ca\/fr\/wp-json\/wp\/v2\/pages\/2668"}],"wp:attachment":[{"href":"https:\/\/go.trader.ca\/fr\/wp-json\/wp\/v2\/media?parent=10430"}],"curies":[{"name":"wp","href":"https:\/\/api.w.org\/{rel}","templated":true}]}}